{"id":10436,"date":"2025-02-05T16:16:43","date_gmt":"2025-02-05T16:16:43","guid":{"rendered":"https:\/\/edimeinter.com\/libreria\/?post_type=product&#038;p=10436"},"modified":"2025-03-13T21:00:01","modified_gmt":"2025-03-13T21:00:01","slug":"manual-de-fisioterapia-pediatrica-3a-edicion","status":"publish","type":"product","link":"https:\/\/edimeinter.com\/libreria\/product\/manual-de-fisioterapia-pediatrica-3a-edicion\/","title":{"rendered":"Manual de fisioterapia pedi\u00e1trica. 3\u00aa Edici\u00f3n"},"content":{"rendered":"\t\t<div data-elementor-type=\"wp-post\" data-elementor-id=\"10436\" class=\"elementor elementor-10436\">\n\t\t\t\t<div class=\"elementor-element elementor-element-2612b12 e-flex e-con-boxed e-con e-parent\" data-id=\"2612b12\" data-element_type=\"container\" data-e-type=\"container\">\n\t\t\t\t\t<div class=\"e-con-inner\">\n\t\t\n\t\t<div class=\"elementor-element elementor-element-498707ae elementor-widget elementor-widget-text-editor\" data-id=\"498707ae\" data-element_type=\"widget\" data-e-type=\"widget\" data-widget_type=\"text-editor.default\">\n\t\t\t\t<div class=\"elementor-widget-container\">\n\t\t\t\t\t\t\t\t\t<p><b>Manual de fisioterapia pedi\u00e1trica\u00a0<\/b>proporciona una perspectiva contempor\u00e1nea de la fisioterapia pedi\u00e1trica en un formato de esquema ideal para la consulta diaria. Esta referencia actualizada ayuda tanto a estudiantes como a profesionales de la terapia f\u00edsica y la rehabilitaci\u00f3n a localizar con rapidez la informaci\u00f3n esencial para evaluar, diagnosticar y planificar de manera eficaz las intervenciones.<br \/>La 3.\u00aa edici\u00f3n refleja los \u00faltimos avances en el campo. Cada apartado incluye etiolog\u00eda de la afecci\u00f3n, consideraciones importantes durante la evaluaci\u00f3n, tratamiento y toda la informaci\u00f3n relacionada con la atenci\u00f3n contempor\u00e1nea de la fisioterapia pedi\u00e1trica.<\/p>\t\t\t\t\t\t\t\t<\/div>\n\t\t\t\t<\/div>\n\t\t\t\t\t<\/div>\n\t\t\t\t<\/div>\n\t\t\t\t<\/div>\n\t\t","protected":false},"excerpt":{"rendered":"<p><strong>Autores:<\/strong>\u00a0Toby Long PhD, PT<br \/>\n<strong>ISBN:<\/strong>\u00a09788419284808<br \/>\n<strong>Editorial:<\/strong>\u00a0WOLTERS KLUWER<br \/>\n<strong>Edici\u00f3n:<\/strong>\u00a03\u00aa<br \/>\n<strong>Especialidad<\/strong>: Fisioterapia<br \/>\n<strong>P\u00e1ginas<\/strong>: 298<br \/>\n\u00a9 2024<\/p>\n","protected":false},"featured_media":10437,"comment_status":"open","ping_status":"open","template":"","meta":{"_joinchat":[]},"product_cat":[111],"product_tag":[240,112,92],"class_list":{"0":"post-10436","1":"product","2":"type-product","3":"status-publish","4":"has-post-thumbnail","6":"product_cat-fisioterapia","7":"product_tag-240","8":"product_tag-fisioterapia","9":"product_tag-wolters-kluwer","11":"first","12":"instock","13":"featured","14":"taxable","15":"shipping-taxable","16":"purchasable","17":"product-type-simple"},"_links":{"self":[{"href":"https:\/\/edimeinter.com\/libreria\/wp-json\/wp\/v2\/product\/10436","targetHints":{"allow":["GET"]}}],"collection":[{"href":"https:\/\/edimeinter.com\/libreria\/wp-json\/wp\/v2\/product"}],"about":[{"href":"https:\/\/edimeinter.com\/libreria\/wp-json\/wp\/v2\/types\/product"}],"replies":[{"embeddable":true,"href":"https:\/\/edimeinter.com\/libreria\/wp-json\/wp\/v2\/comments?post=10436"}],"version-history":[{"count":2,"href":"https:\/\/edimeinter.com\/libreria\/wp-json\/wp\/v2\/product\/10436\/revisions"}],"predecessor-version":[{"id":16137,"href":"https:\/\/edimeinter.com\/libreria\/wp-json\/wp\/v2\/product\/10436\/revisions\/16137"}],"wp:featuredmedia":[{"embeddable":true,"href":"https:\/\/edimeinter.com\/libreria\/wp-json\/wp\/v2\/media\/10437"}],"wp:attachment":[{"href":"https:\/\/edimeinter.com\/libreria\/wp-json\/wp\/v2\/media?parent=10436"}],"wp:term":[{"taxonomy":"product_cat","embeddable":true,"href":"https:\/\/edimeinter.com\/libreria\/wp-json\/wp\/v2\/product_cat?post=10436"},{"taxonomy":"product_tag","embeddable":true,"href":"https:\/\/edimeinter.com\/libreria\/wp-json\/wp\/v2\/product_tag?post=10436"}],"curies":[{"name":"wp","href":"https:\/\/api.w.org\/{rel}","templated":true}]}}