{"id":10442,"date":"2025-02-05T16:19:57","date_gmt":"2025-02-05T16:19:57","guid":{"rendered":"https:\/\/edimeinter.com\/libreria\/?post_type=product&#038;p=10442"},"modified":"2025-03-09T20:28:07","modified_gmt":"2025-03-09T20:28:07","slug":"beckmann-y-ling-obstetricia-y-ginecologia-9a-edicion","status":"publish","type":"product","link":"https:\/\/edimeinter.com\/libreria\/product\/beckmann-y-ling-obstetricia-y-ginecologia-9a-edicion\/","title":{"rendered":"Beckmann y Ling. Obstetricia y ginecolog\u00eda. 9\u00aa Edici\u00f3n"},"content":{"rendered":"\t\t<div data-elementor-type=\"wp-post\" data-elementor-id=\"10442\" class=\"elementor elementor-10442\">\n\t\t\t\t<div class=\"elementor-element elementor-element-2612b12 e-flex e-con-boxed e-con e-parent\" data-id=\"2612b12\" data-element_type=\"container\" data-e-type=\"container\">\n\t\t\t\t\t<div class=\"e-con-inner\">\n\t\t\n\t\t<div class=\"elementor-element elementor-element-498707ae elementor-widget elementor-widget-text-editor\" data-id=\"498707ae\" data-element_type=\"widget\" data-e-type=\"widget\" data-widget_type=\"text-editor.default\">\n\t\t\t\t<div class=\"elementor-widget-container\">\n\t\t\t\t\t\t\t\t\t<p>Desde su publicaci\u00f3n en 1992,\u00a0<b>Beckmann y Ling. Obstetricia y ginecolog\u00eda<\/b>\u00a0ha sido reconocido por su experiencia acreditada, y preferido por los estudiantes por su enfoque conciso y coherente. Esta obra proporciona los conocimientos fundamentales necesarios para completar una rotaci\u00f3n de obstetricia y ginecolog\u00eda, aprobar los ex\u00e1menes nacionales estandarizados y atender de forma profesional a las pacientes en la pr\u00e1ctica cl\u00ednica.<br \/>Esta 9.\u00aa edici\u00f3n, actualizada en su totalidad, y ampliada con nuevas y atractivas caracter\u00edsticas que fomentan la reflexi\u00f3n, refuerzan la retenci\u00f3n y proporcionan una preparaci\u00f3n cr\u00edtica para los ex\u00e1menes y la pr\u00e1ctica cl\u00ednica, y est\u00e1 alineada con los objetivos educativos de la Association of Professors of Gynecology and Obstetrics (APGO). Cada cap\u00edtulo incluye objetivos para el aprendizaje y un caso cl\u00ednico para establecer contexto, que a trav\u00e9s de la lectura del texto brinda la informaci\u00f3n necesaria para alcanzarlos. Estos objetivos, creados por el Undergraduate Medical Education Committee de la APGO, se revisan con regularidad para asegurar su vigencia y relevancia al desarrollar un plan de estudios para el programa de pr\u00e1cticas de obstetricia y ginecolog\u00eda.<\/p>\t\t\t\t\t\t\t\t<\/div>\n\t\t\t\t<\/div>\n\t\t\t\t\t<\/div>\n\t\t\t\t<\/div>\n\t\t\t\t<\/div>\n\t\t","protected":false},"excerpt":{"rendered":"<p><strong>Autores:<\/strong>\u00a0Robert Casanova , Alice Goepfert M.D., Nancy A. Hueppchen M.D., PATRICE M. WEISS M.D., AnnaMarie Connolly M.D.<br \/>\n<strong>ISBN:<\/strong>\u00a09788419663634<br \/>\n<strong>Editorial:<\/strong>\u00a0WOLTERS KLUWER<br \/>\n<strong>Edici\u00f3n:<\/strong>\u00a09\u00aa<br \/>\n<strong>Especialidad<\/strong>: Ginecolog\u00eda y Obstetricia<br \/>\n<strong>P\u00e1ginas<\/strong>: 528<br \/>\n\u00a9 2024<\/p>\n","protected":false},"featured_media":10443,"comment_status":"open","ping_status":"open","template":"","meta":{"_joinchat":[]},"product_cat":[104],"product_tag":[240,105,92],"class_list":{"0":"post-10442","1":"product","2":"type-product","3":"status-publish","4":"has-post-thumbnail","6":"product_cat-ginecologia-y-obstetricia","7":"product_tag-240","8":"product_tag-ginecologia-y-obstetricia","9":"product_tag-wolters-kluwer","11":"first","12":"instock","13":"featured","14":"taxable","15":"shipping-taxable","16":"purchasable","17":"product-type-simple"},"_links":{"self":[{"href":"https:\/\/edimeinter.com\/libreria\/wp-json\/wp\/v2\/product\/10442","targetHints":{"allow":["GET"]}}],"collection":[{"href":"https:\/\/edimeinter.com\/libreria\/wp-json\/wp\/v2\/product"}],"about":[{"href":"https:\/\/edimeinter.com\/libreria\/wp-json\/wp\/v2\/types\/product"}],"replies":[{"embeddable":true,"href":"https:\/\/edimeinter.com\/libreria\/wp-json\/wp\/v2\/comments?post=10442"}],"version-history":[{"count":1,"href":"https:\/\/edimeinter.com\/libreria\/wp-json\/wp\/v2\/product\/10442\/revisions"}],"predecessor-version":[{"id":14989,"href":"https:\/\/edimeinter.com\/libreria\/wp-json\/wp\/v2\/product\/10442\/revisions\/14989"}],"wp:featuredmedia":[{"embeddable":true,"href":"https:\/\/edimeinter.com\/libreria\/wp-json\/wp\/v2\/media\/10443"}],"wp:attachment":[{"href":"https:\/\/edimeinter.com\/libreria\/wp-json\/wp\/v2\/media?parent=10442"}],"wp:term":[{"taxonomy":"product_cat","embeddable":true,"href":"https:\/\/edimeinter.com\/libreria\/wp-json\/wp\/v2\/product_cat?post=10442"},{"taxonomy":"product_tag","embeddable":true,"href":"https:\/\/edimeinter.com\/libreria\/wp-json\/wp\/v2\/product_tag?post=10442"}],"curies":[{"name":"wp","href":"https:\/\/api.w.org\/{rel}","templated":true}]}}