{"id":10449,"date":"2025-02-05T16:25:33","date_gmt":"2025-02-05T16:25:33","guid":{"rendered":"https:\/\/edimeinter.com\/libreria\/?post_type=product&#038;p=10449"},"modified":"2026-04-20T18:25:22","modified_gmt":"2026-04-20T18:25:22","slug":"evaluacion-musculoesqueletica-4a-edicion","status":"publish","type":"product","link":"https:\/\/edimeinter.com\/libreria\/product\/evaluacion-musculoesqueletica-4a-edicion\/","title":{"rendered":"Evaluaci\u00f3n musculoesquel\u00e9tica. 4\u00aa Edici\u00f3n"},"content":{"rendered":"\t\t<div data-elementor-type=\"wp-post\" data-elementor-id=\"10449\" class=\"elementor elementor-10449\">\n\t\t\t\t<div class=\"elementor-element elementor-element-2612b12 e-flex e-con-boxed e-con e-parent\" data-id=\"2612b12\" data-element_type=\"container\" data-e-type=\"container\">\n\t\t\t\t\t<div class=\"e-con-inner\">\n\t\t\n\t\t<div class=\"elementor-element elementor-element-498707ae elementor-widget elementor-widget-text-editor\" data-id=\"498707ae\" data-element_type=\"widget\" data-e-type=\"widget\" data-widget_type=\"text-editor.default\">\n\t\t\t\t<div class=\"elementor-widget-container\">\n\t\t\t\t\t\t\t\t\t<p><b>Evaluaci\u00f3n musculoesquel\u00e9tica. Amplitud de movimiento articular, pruebas musculares y funci\u00f3n: gu\u00eda pr\u00e1ctica basada en la evidencia<\/b>\u00a0permite desarrollar las habilidades necesarias para evaluar de manera competente el estado funcional real de un paciente y crear objetivos efectivos de amplitud de movimiento articular y fuerza muscular. Esta 4.\u00aa edici\u00f3n actualizada ofrece un enfoque sencillo para aprender la evaluaci\u00f3n cl\u00ednica de la amplitud de movimiento articular, longitud muscular y la conocida prueba muscular manual. Por primera vez a todo color, ofrece la cantidad justa de detalles requeridos para prepararse para una pr\u00e1ctica eficaz.<br \/>Cada cap\u00edtulo est\u00e1 dedicado a una regi\u00f3n anat\u00f3mica concreta para ayudar a fisioterapeutas y terapeutas ocupacionales en formaci\u00f3n a perfeccionar su comprensi\u00f3n de la anatom\u00eda superficial y profunda. Con una narrativa clara, se resumen los pasos dados en las t\u00e9cnicas de evaluaci\u00f3n y la interpretaci\u00f3n de los resultados. Todo esto se refuerza con un s\u00f3lido programa art\u00edstico con ilustraciones y fotograf\u00edas en color meticulosamente creadas que muestran las posiciones del paciente y del terapeuta, as\u00ed como la colocaci\u00f3n de los instrumentos.<\/p>\t\t\t\t\t\t\t\t<\/div>\n\t\t\t\t<\/div>\n\t\t\t\t\t<\/div>\n\t\t\t\t<\/div>\n\t\t\t\t<\/div>\n\t\t","protected":false},"excerpt":{"rendered":"<p><strong>Autores:<\/strong>\u00a0Hazel Clarkson MA, BPT<br \/>\n<strong>ISBN:<\/strong>\u00a09788419284839<br \/>\n<strong>Editorial:<\/strong>\u00a0WOLTERS KLUWER<br \/>\n<strong>Edici\u00f3n:<\/strong>\u00a04\u00aa<br \/>\n<strong>Especialidad<\/strong>: Fisioterapia<br \/>\n<strong>P\u00e1ginas<\/strong>: 576<br \/>\n\u00a9 2024<\/p>\n","protected":false},"featured_media":10450,"comment_status":"open","ping_status":"closed","template":"","meta":{"_joinchat":[]},"product_cat":[111],"product_tag":[240,112,92],"class_list":{"0":"post-10449","1":"product","2":"type-product","3":"status-publish","4":"has-post-thumbnail","6":"product_cat-fisioterapia","7":"product_tag-240","8":"product_tag-fisioterapia","9":"product_tag-wolters-kluwer","11":"first","12":"instock","13":"featured","14":"taxable","15":"shipping-taxable","16":"purchasable","17":"product-type-simple"},"_links":{"self":[{"href":"https:\/\/edimeinter.com\/libreria\/wp-json\/wp\/v2\/product\/10449","targetHints":{"allow":["GET"]}}],"collection":[{"href":"https:\/\/edimeinter.com\/libreria\/wp-json\/wp\/v2\/product"}],"about":[{"href":"https:\/\/edimeinter.com\/libreria\/wp-json\/wp\/v2\/types\/product"}],"replies":[{"embeddable":true,"href":"https:\/\/edimeinter.com\/libreria\/wp-json\/wp\/v2\/comments?post=10449"}],"version-history":[{"count":1,"href":"https:\/\/edimeinter.com\/libreria\/wp-json\/wp\/v2\/product\/10449\/revisions"}],"predecessor-version":[{"id":14990,"href":"https:\/\/edimeinter.com\/libreria\/wp-json\/wp\/v2\/product\/10449\/revisions\/14990"}],"wp:featuredmedia":[{"embeddable":true,"href":"https:\/\/edimeinter.com\/libreria\/wp-json\/wp\/v2\/media\/10450"}],"wp:attachment":[{"href":"https:\/\/edimeinter.com\/libreria\/wp-json\/wp\/v2\/media?parent=10449"}],"wp:term":[{"taxonomy":"product_cat","embeddable":true,"href":"https:\/\/edimeinter.com\/libreria\/wp-json\/wp\/v2\/product_cat?post=10449"},{"taxonomy":"product_tag","embeddable":true,"href":"https:\/\/edimeinter.com\/libreria\/wp-json\/wp\/v2\/product_tag?post=10449"}],"curies":[{"name":"wp","href":"https:\/\/api.w.org\/{rel}","templated":true}]}}