{"id":10455,"date":"2025-02-05T16:28:19","date_gmt":"2025-02-05T16:28:19","guid":{"rendered":"https:\/\/edimeinter.com\/libreria\/?post_type=product&#038;p=10455"},"modified":"2026-04-02T20:43:09","modified_gmt":"2026-04-02T20:43:09","slug":"te-linde-ginecologia-quirurgica-13a-edicion","status":"publish","type":"product","link":"https:\/\/edimeinter.com\/libreria\/product\/te-linde-ginecologia-quirurgica-13a-edicion\/","title":{"rendered":"Te Linde. Ginecolog\u00eda quir\u00fargica. 13\u00aa Edici\u00f3n"},"content":{"rendered":"\t\t<div data-elementor-type=\"wp-post\" data-elementor-id=\"10455\" class=\"elementor elementor-10455\">\n\t\t\t\t<div class=\"elementor-element elementor-element-2612b12 e-flex e-con-boxed e-con e-parent\" data-id=\"2612b12\" data-element_type=\"container\" data-e-type=\"container\">\n\t\t\t\t\t<div class=\"e-con-inner\">\n\t\t\n\t\t<div class=\"elementor-element elementor-element-498707ae elementor-widget elementor-widget-text-editor\" data-id=\"498707ae\" data-element_type=\"widget\" data-e-type=\"widget\" data-widget_type=\"text-editor.default\">\n\t\t\t\t<div class=\"elementor-widget-container\">\n\t\t\t\t\t\t\t\t\t<p>Editada por las doctoras Linda Van Le y Victoria L. Handa,\u00a0<b>Te Linde. Ginecolog\u00eda quir\u00fargica\u00a0<\/b>se mantiene como la mejor gu\u00eda en todos los aspectos de la cirug\u00eda ginecol\u00f3gica y como el recurso de referencia para todo el continuo de la atenci\u00f3n quir\u00fargica ginecol\u00f3gica. En esta 13.\u00aa edici\u00f3n, en respuesta a los cambios en la pr\u00e1ctica ginecol\u00f3gica y a la aparici\u00f3n de nuevos procedimientos, se han actualizado todos los cap\u00edtulos, con \u00e9nfasis en los procedimientos quir\u00fargicos, y se han agregado nuevos elementos y secciones adicionales. Adem\u00e1s del cap\u00edtulo sobre anestesia, se ha a\u00f1adido una gu\u00eda sobre procedimientos radiol\u00f3gicos para ofrecer un resumen r\u00e1pido de los procedimientos habituales. Tambi\u00e9n se incluy\u00f3 un cap\u00edtulo sobre cuidados intensivos, as\u00ed como uno sobre laparoscopia.<br \/>Cada cap\u00edtulo contiene instrucciones exhaustivas, descripciones paso a paso sobre c\u00f3mo realizar todos los procedimientos ginecol\u00f3gicos contempor\u00e1neos, enfoques actualizados de diagn\u00f3stico y tratamiento, un vasto n\u00famero de ilustraciones y nuevos videos de procedimientos, editados por la Dra. Danielle Patterson, que hacen de este texto cl\u00e1sico una referencia ideal para m\u00e9dicos en formaci\u00f3n y para especialistas experimentados.<\/p>\t\t\t\t\t\t\t\t<\/div>\n\t\t\t\t<\/div>\n\t\t\t\t\t<\/div>\n\t\t\t\t<\/div>\n\t\t\t\t<\/div>\n\t\t","protected":false},"excerpt":{"rendered":"<p><strong>Autores:<\/strong>\u00a0Victoria L Handa MD, Linda Van Le MD<br \/>\n<strong>ISBN:<\/strong>\u00a09788419663511<br \/>\n<strong>Editorial:<\/strong>\u00a0WOLTERS KLUWER<br \/>\n<strong>Edici\u00f3n:<\/strong>\u00a013\u00aa<br \/>\n<strong>Especialidad<\/strong>: Ginecolog\u00eda y Obstetricia<br \/>\n<strong>P\u00e1ginas<\/strong>: 864<br \/>\n\u00a9 2024<\/p>\n","protected":false},"featured_media":10456,"comment_status":"open","ping_status":"closed","template":"","meta":{"_joinchat":[]},"product_cat":[104],"product_tag":[240,105,92],"class_list":{"0":"post-10455","1":"product","2":"type-product","3":"status-publish","4":"has-post-thumbnail","6":"product_cat-ginecologia-y-obstetricia","7":"product_tag-240","8":"product_tag-ginecologia-y-obstetricia","9":"product_tag-wolters-kluwer","11":"first","12":"instock","13":"featured","14":"taxable","15":"shipping-taxable","16":"purchasable","17":"product-type-simple"},"_links":{"self":[{"href":"https:\/\/edimeinter.com\/libreria\/wp-json\/wp\/v2\/product\/10455","targetHints":{"allow":["GET"]}}],"collection":[{"href":"https:\/\/edimeinter.com\/libreria\/wp-json\/wp\/v2\/product"}],"about":[{"href":"https:\/\/edimeinter.com\/libreria\/wp-json\/wp\/v2\/types\/product"}],"replies":[{"embeddable":true,"href":"https:\/\/edimeinter.com\/libreria\/wp-json\/wp\/v2\/comments?post=10455"}],"version-history":[{"count":1,"href":"https:\/\/edimeinter.com\/libreria\/wp-json\/wp\/v2\/product\/10455\/revisions"}],"predecessor-version":[{"id":14991,"href":"https:\/\/edimeinter.com\/libreria\/wp-json\/wp\/v2\/product\/10455\/revisions\/14991"}],"wp:featuredmedia":[{"embeddable":true,"href":"https:\/\/edimeinter.com\/libreria\/wp-json\/wp\/v2\/media\/10456"}],"wp:attachment":[{"href":"https:\/\/edimeinter.com\/libreria\/wp-json\/wp\/v2\/media?parent=10455"}],"wp:term":[{"taxonomy":"product_cat","embeddable":true,"href":"https:\/\/edimeinter.com\/libreria\/wp-json\/wp\/v2\/product_cat?post=10455"},{"taxonomy":"product_tag","embeddable":true,"href":"https:\/\/edimeinter.com\/libreria\/wp-json\/wp\/v2\/product_tag?post=10455"}],"curies":[{"name":"wp","href":"https:\/\/api.w.org\/{rel}","templated":true}]}}