{"id":10467,"date":"2025-02-05T16:34:33","date_gmt":"2025-02-05T16:34:33","guid":{"rendered":"https:\/\/edimeinter.com\/libreria\/?post_type=product&#038;p=10467"},"modified":"2025-03-09T20:26:25","modified_gmt":"2025-03-09T20:26:25","slug":"diagnostico-por-imagen-mama-revision-integral-3a-edicion","status":"publish","type":"product","link":"https:\/\/edimeinter.com\/libreria\/product\/diagnostico-por-imagen-mama-revision-integral-3a-edicion\/","title":{"rendered":"Diagn\u00f3stico por imagen. Mama. Revisi\u00f3n integral. 3\u00aa Edici\u00f3n"},"content":{"rendered":"\t\t<div data-elementor-type=\"wp-post\" data-elementor-id=\"10467\" class=\"elementor elementor-10467\">\n\t\t\t\t<div class=\"elementor-element elementor-element-2612b12 e-flex e-con-boxed e-con e-parent\" data-id=\"2612b12\" data-element_type=\"container\" data-e-type=\"container\">\n\t\t\t\t\t<div class=\"e-con-inner\">\n\t\t\n\t\t<div class=\"elementor-element elementor-element-498707ae elementor-widget elementor-widget-text-editor\" data-id=\"498707ae\" data-element_type=\"widget\" data-e-type=\"widget\" data-widget_type=\"text-editor.default\">\n\t\t\t\t<div class=\"elementor-widget-container\">\n\t\t\t\t\t\t\t\t\t<p>La 3.\u00aa edici\u00f3n de\u00a0<b>Diagn\u00f3stico por imagen. Mama: revisi\u00f3n integral<\/b>, de los doctores Biren A. Shah y Sabala Mandava, es una herramienta de revisi\u00f3n pr\u00e1ctica y actualizada, escrita espec\u00edficamente para el examen de la subespecialidad. Este \u00fatil recurso contiene 300 preguntas de opci\u00f3n m\u00faltiple, profusamente ilustradas, con explicaciones detalladas tanto de las respuestas correctas como incorrectas, contenido totalmente revisado, tablas de alto rendimiento para una f\u00e1cil revisi\u00f3n, y preguntas adicionales en l\u00ednea para asegurarse de que el lector est\u00e1 preparado para los ex\u00e1menes de certificaci\u00f3n y recertificaci\u00f3n.<br \/>La obra se divide en cinco grandes cap\u00edtulos que abarcan todo lo necesario: reglamentos y normas de atenci\u00f3n sanitaria; cribado del c\u00e1ncer de mama; diagn\u00f3stico por imagen de la mama, anatomopatolog\u00eda mamaria y hallazgos en la imagen mamaria; intervenci\u00f3n de la mama, y f\u00edsica y seguridad de los estudios de imagen de la mama.<\/p>\t\t\t\t\t\t\t\t<\/div>\n\t\t\t\t<\/div>\n\t\t\t\t\t<\/div>\n\t\t\t\t<\/div>\n\t\t\t\t<\/div>\n\t\t","protected":false},"excerpt":{"rendered":"<p><strong>Autores:<\/strong>\u00a0Biren A Shah MD, Sabala Mandava MD<br \/>\n<strong>ISBN:<\/strong>\u00a09788419663405<br \/>\n<strong>Editorial:<\/strong>\u00a0WOLTERS KLUWER<br \/>\n<strong>Edici\u00f3n:<\/strong>\u00a03\u00aa<br \/>\n<strong>Especialidad<\/strong>: Diagn\u00f3stico por Im\u00e1genes<br \/>\n<strong>P\u00e1ginas<\/strong>: 272<br \/>\n\u00a9 2024<\/p>\n","protected":false},"featured_media":10468,"comment_status":"open","ping_status":"open","template":"","meta":{"_joinchat":[]},"product_cat":[80],"product_tag":[240,81,92],"class_list":{"0":"post-10467","1":"product","2":"type-product","3":"status-publish","4":"has-post-thumbnail","6":"product_cat-diagnostico-por-imagenes","7":"product_tag-240","8":"product_tag-diagnostico-por-imagenes","9":"product_tag-wolters-kluwer","11":"first","12":"instock","13":"featured","14":"taxable","15":"shipping-taxable","16":"purchasable","17":"product-type-simple"},"_links":{"self":[{"href":"https:\/\/edimeinter.com\/libreria\/wp-json\/wp\/v2\/product\/10467","targetHints":{"allow":["GET"]}}],"collection":[{"href":"https:\/\/edimeinter.com\/libreria\/wp-json\/wp\/v2\/product"}],"about":[{"href":"https:\/\/edimeinter.com\/libreria\/wp-json\/wp\/v2\/types\/product"}],"replies":[{"embeddable":true,"href":"https:\/\/edimeinter.com\/libreria\/wp-json\/wp\/v2\/comments?post=10467"}],"version-history":[{"count":1,"href":"https:\/\/edimeinter.com\/libreria\/wp-json\/wp\/v2\/product\/10467\/revisions"}],"predecessor-version":[{"id":14993,"href":"https:\/\/edimeinter.com\/libreria\/wp-json\/wp\/v2\/product\/10467\/revisions\/14993"}],"wp:featuredmedia":[{"embeddable":true,"href":"https:\/\/edimeinter.com\/libreria\/wp-json\/wp\/v2\/media\/10468"}],"wp:attachment":[{"href":"https:\/\/edimeinter.com\/libreria\/wp-json\/wp\/v2\/media?parent=10467"}],"wp:term":[{"taxonomy":"product_cat","embeddable":true,"href":"https:\/\/edimeinter.com\/libreria\/wp-json\/wp\/v2\/product_cat?post=10467"},{"taxonomy":"product_tag","embeddable":true,"href":"https:\/\/edimeinter.com\/libreria\/wp-json\/wp\/v2\/product_tag?post=10467"}],"curies":[{"name":"wp","href":"https:\/\/api.w.org\/{rel}","templated":true}]}}