{"id":10473,"date":"2025-02-05T16:36:57","date_gmt":"2025-02-05T16:36:57","guid":{"rendered":"https:\/\/edimeinter.com\/libreria\/?post_type=product&#038;p=10473"},"modified":"2026-01-26T01:44:13","modified_gmt":"2026-01-26T01:44:13","slug":"aunt-minnie-atlas-y-casos-de-diagnostico-por-imagen-5a-edicion","status":"publish","type":"product","link":"https:\/\/edimeinter.com\/libreria\/product\/aunt-minnie-atlas-y-casos-de-diagnostico-por-imagen-5a-edicion\/","title":{"rendered":"Aunt Minnie. Atlas y casos de diagn\u00f3stico por imagen. 5\u00aa Edici\u00f3n"},"content":{"rendered":"\t\t<div data-elementor-type=\"wp-post\" data-elementor-id=\"10473\" class=\"elementor elementor-10473\">\n\t\t\t\t<div class=\"elementor-element elementor-element-2612b12 e-flex e-con-boxed e-con e-parent\" data-id=\"2612b12\" data-element_type=\"container\" data-e-type=\"container\">\n\t\t\t\t\t<div class=\"e-con-inner\">\n\t\t\n\t\t<div class=\"elementor-element elementor-element-498707ae elementor-widget elementor-widget-text-editor\" data-id=\"498707ae\" data-element_type=\"widget\" data-e-type=\"widget\" data-widget_type=\"text-editor.default\">\n\t\t\t\t<div class=\"elementor-widget-container\">\n\t\t\t\t\t\t\t\t\t<p><b>Atlas y casos de diagn\u00f3stico por imagen. Aunt Minnie\u00a0\u00a0<\/b>es una excelente herramienta con m\u00e1s de 1 100 im\u00e1genes de alta calidad y representativas de todas las modalidades y subespecialidades del diagn\u00f3stico por imagen, lo que convierte a esta referencia \u00fanica en la herramienta ideal para preparar ex\u00e1menes durante la especialidad y aquellos basados en casos.<br \/>Esta 5.\u00aa edici\u00f3n, totalmente revisada y actualizada, presenta la m\u00e1s extensa colecci\u00f3n de casos tipo\u00a0<i>Aunt Minnie<\/i>\u00a0en un volumen \u00fanico, con el formato y las caracter\u00edsticas que han popularizado este sitio por casi tres d\u00e9cadas. La selecci\u00f3n de im\u00e1genes incluye todas las subespecialidades de diagn\u00f3stico por imagen con escenarios y casos cl\u00ednicos comentados por expertos en cada una de las \u00e1reas de la especialidad. Cada caso incluye apartados dedicados a la exploraci\u00f3n, los hallazgos, el diagn\u00f3stico y una discusi\u00f3n final.<\/p>\t\t\t\t\t\t\t\t<\/div>\n\t\t\t\t<\/div>\n\t\t\t\t\t<\/div>\n\t\t\t\t<\/div>\n\t\t\t\t<\/div>\n\t\t","protected":false},"excerpt":{"rendered":"<p><strong>Autores:<\/strong>\u00a0Thomas L. Pope, Jr. MD<br \/>\n<strong>ISBN:<\/strong>\u00a09788419663832<br \/>\n<strong>Editorial:<\/strong>\u00a0WOLTERS KLUWER<br \/>\n<strong>Edici\u00f3n:<\/strong>\u00a05\u00aa<br \/>\n<strong>Especialidad<\/strong>: Diagn\u00f3stico por Im\u00e1genes<br \/>\n<strong>P\u00e1ginas<\/strong>: 752<br \/>\n\u00a9 2024<\/p>\n","protected":false},"featured_media":10474,"comment_status":"open","ping_status":"closed","template":"","meta":{"_joinchat":[]},"product_cat":[80],"product_tag":[240,81,92],"class_list":{"0":"post-10473","1":"product","2":"type-product","3":"status-publish","4":"has-post-thumbnail","6":"product_cat-diagnostico-por-imagenes","7":"product_tag-240","8":"product_tag-diagnostico-por-imagenes","9":"product_tag-wolters-kluwer","11":"first","12":"outofstock","13":"featured","14":"taxable","15":"shipping-taxable","16":"purchasable","17":"product-type-simple"},"_links":{"self":[{"href":"https:\/\/edimeinter.com\/libreria\/wp-json\/wp\/v2\/product\/10473","targetHints":{"allow":["GET"]}}],"collection":[{"href":"https:\/\/edimeinter.com\/libreria\/wp-json\/wp\/v2\/product"}],"about":[{"href":"https:\/\/edimeinter.com\/libreria\/wp-json\/wp\/v2\/types\/product"}],"replies":[{"embeddable":true,"href":"https:\/\/edimeinter.com\/libreria\/wp-json\/wp\/v2\/comments?post=10473"}],"version-history":[{"count":1,"href":"https:\/\/edimeinter.com\/libreria\/wp-json\/wp\/v2\/product\/10473\/revisions"}],"predecessor-version":[{"id":14994,"href":"https:\/\/edimeinter.com\/libreria\/wp-json\/wp\/v2\/product\/10473\/revisions\/14994"}],"wp:featuredmedia":[{"embeddable":true,"href":"https:\/\/edimeinter.com\/libreria\/wp-json\/wp\/v2\/media\/10474"}],"wp:attachment":[{"href":"https:\/\/edimeinter.com\/libreria\/wp-json\/wp\/v2\/media?parent=10473"}],"wp:term":[{"taxonomy":"product_cat","embeddable":true,"href":"https:\/\/edimeinter.com\/libreria\/wp-json\/wp\/v2\/product_cat?post=10473"},{"taxonomy":"product_tag","embeddable":true,"href":"https:\/\/edimeinter.com\/libreria\/wp-json\/wp\/v2\/product_tag?post=10473"}],"curies":[{"name":"wp","href":"https:\/\/api.w.org\/{rel}","templated":true}]}}