{"id":10479,"date":"2025-02-05T16:39:47","date_gmt":"2025-02-05T16:39:47","guid":{"rendered":"https:\/\/edimeinter.com\/libreria\/?post_type=product&#038;p=10479"},"modified":"2025-03-09T20:26:15","modified_gmt":"2025-03-09T20:26:15","slug":"kandarpa-manual-de-procedimientos-en-radiologia-intervencionista-6a-edicion","status":"publish","type":"product","link":"https:\/\/edimeinter.com\/libreria\/product\/kandarpa-manual-de-procedimientos-en-radiologia-intervencionista-6a-edicion\/","title":{"rendered":"Kandarpa. Manual de procedimientos en radiolog\u00eda intervencionista. 6\u00aa Edici\u00f3n"},"content":{"rendered":"\t\t<div data-elementor-type=\"wp-post\" data-elementor-id=\"10479\" class=\"elementor elementor-10479\">\n\t\t\t\t<div class=\"elementor-element elementor-element-2612b12 e-flex e-con-boxed e-con e-parent\" data-id=\"2612b12\" data-element_type=\"container\" data-e-type=\"container\">\n\t\t\t\t\t<div class=\"e-con-inner\">\n\t\t\n\t\t<div class=\"elementor-element elementor-element-498707ae elementor-widget elementor-widget-text-editor\" data-id=\"498707ae\" data-element_type=\"widget\" data-e-type=\"widget\" data-widget_type=\"text-editor.default\">\n\t\t\t\t<div class=\"elementor-widget-container\">\n\t\t\t\t\t\t\t\t\t<p><b>Kandarpa. Manual de procedimientos en radiolog\u00eda intervencionista\u00a0<\/b>es una referencia indispensable para m\u00e9dicos intervencionistas de todos los niveles de experiencia. Desde su primera edici\u00f3n en 1989, ha seguido el r\u00e1pido crecimiento y cambio de la disciplina, con m\u00e1s de 100 cap\u00edtulos que reflejan la expansi\u00f3n y avance del campo. Adem\u00e1s de detallar procedimientos comunes, resalta los roles emergentes de los tratamientos endovasculares y no vasculares para diversas enfermedades. Es ideal no solo para la pr\u00e1ctica de radi\u00f3logos intervencionistas y generales, sino tambi\u00e9n para m\u00e9dicos residentes en formaci\u00f3n, profesionales de enfermer\u00eda y t\u00e9cnicos en procedimientos especiales.<br \/>En esta 6.\u00aa edici\u00f3n se han ampliado los cap\u00edtulos clave sobre calidad, manejo de riesgos y seguridad, as\u00ed como control de radiaci\u00f3n e infecciones, lo que refleja la evoluci\u00f3n del campo. Tambi\u00e9n se enfoca en el manejo completo del paciente antes, durante y despu\u00e9s del procedimiento, lo que brinda informaci\u00f3n esencial en un formato f\u00e1cil de usar. Cada procedimiento incluye indicaciones, contraindicaciones, preparaci\u00f3n, t\u00e9cnica, manejo posterior y prevenci\u00f3n de complicaciones.<\/p>\t\t\t\t\t\t\t\t<\/div>\n\t\t\t\t<\/div>\n\t\t\t\t\t<\/div>\n\t\t\t\t<\/div>\n\t\t\t\t<\/div>\n\t\t","protected":false},"excerpt":{"rendered":"<p><strong>Autores:<\/strong>\u00a0Robert Lewandowski , Lindsay Machan , Parag Patel , Krishna Kandarpa MD, PhD<br \/>\n<strong>ISBN:<\/strong>\u00a09788419663801<br \/>\n<strong>Editorial:<\/strong>\u00a0WOLTERS KLUWER<br \/>\n<strong>Edici\u00f3n:<\/strong>\u00a06\u00aa<br \/>\n<strong>Especialidad<\/strong>: Diagn\u00f3stico por Im\u00e1genes<br \/>\n<strong>P\u00e1ginas<\/strong>: 780<br \/>\n\u00a9 2024<\/p>\n","protected":false},"featured_media":10480,"comment_status":"open","ping_status":"open","template":"","meta":{"_joinchat":[]},"product_cat":[80],"product_tag":[240,81,92],"class_list":{"0":"post-10479","1":"product","2":"type-product","3":"status-publish","4":"has-post-thumbnail","6":"product_cat-diagnostico-por-imagenes","7":"product_tag-240","8":"product_tag-diagnostico-por-imagenes","9":"product_tag-wolters-kluwer","11":"first","12":"instock","13":"featured","14":"taxable","15":"shipping-taxable","16":"purchasable","17":"product-type-simple"},"_links":{"self":[{"href":"https:\/\/edimeinter.com\/libreria\/wp-json\/wp\/v2\/product\/10479","targetHints":{"allow":["GET"]}}],"collection":[{"href":"https:\/\/edimeinter.com\/libreria\/wp-json\/wp\/v2\/product"}],"about":[{"href":"https:\/\/edimeinter.com\/libreria\/wp-json\/wp\/v2\/types\/product"}],"replies":[{"embeddable":true,"href":"https:\/\/edimeinter.com\/libreria\/wp-json\/wp\/v2\/comments?post=10479"}],"version-history":[{"count":1,"href":"https:\/\/edimeinter.com\/libreria\/wp-json\/wp\/v2\/product\/10479\/revisions"}],"predecessor-version":[{"id":14995,"href":"https:\/\/edimeinter.com\/libreria\/wp-json\/wp\/v2\/product\/10479\/revisions\/14995"}],"wp:featuredmedia":[{"embeddable":true,"href":"https:\/\/edimeinter.com\/libreria\/wp-json\/wp\/v2\/media\/10480"}],"wp:attachment":[{"href":"https:\/\/edimeinter.com\/libreria\/wp-json\/wp\/v2\/media?parent=10479"}],"wp:term":[{"taxonomy":"product_cat","embeddable":true,"href":"https:\/\/edimeinter.com\/libreria\/wp-json\/wp\/v2\/product_cat?post=10479"},{"taxonomy":"product_tag","embeddable":true,"href":"https:\/\/edimeinter.com\/libreria\/wp-json\/wp\/v2\/product_tag?post=10479"}],"curies":[{"name":"wp","href":"https:\/\/api.w.org\/{rel}","templated":true}]}}