{"id":10485,"date":"2025-02-05T16:43:25","date_gmt":"2025-02-05T16:43:25","guid":{"rendered":"https:\/\/edimeinter.com\/libreria\/?post_type=product&#038;p=10485"},"modified":"2026-01-26T01:42:04","modified_gmt":"2026-01-26T01:42:04","slug":"diagnostico-por-imagen-pediatria-revision-integral-2a-edicion","status":"publish","type":"product","link":"https:\/\/edimeinter.com\/libreria\/product\/diagnostico-por-imagen-pediatria-revision-integral-2a-edicion\/","title":{"rendered":"Diagn\u00f3stico por imagen. Pediatr\u00eda: Revisi\u00f3n integral. 2\u00aa Edici\u00f3n"},"content":{"rendered":"\t\t<div data-elementor-type=\"wp-post\" data-elementor-id=\"10485\" class=\"elementor elementor-10485\">\n\t\t\t\t<div class=\"elementor-element elementor-element-2612b12 e-flex e-con-boxed e-con e-parent\" data-id=\"2612b12\" data-element_type=\"container\" data-e-type=\"container\">\n\t\t\t\t\t<div class=\"e-con-inner\">\n\t\t\n\t\t<div class=\"elementor-element elementor-element-498707ae elementor-widget elementor-widget-text-editor\" data-id=\"498707ae\" data-element_type=\"widget\" data-e-type=\"widget\" data-widget_type=\"text-editor.default\">\n\t\t\t\t<div class=\"elementor-widget-container\">\n\t\t\t\t\t\t\t\t\t<p><b>Diagn\u00f3stico por imagen. Pediatr\u00eda: Revisi\u00f3n integral<\/b>, del Dr. Steven L. Blumer, es una herramienta de revisi\u00f3n pr\u00e1ctica y actualizada que abarca el amplio campo de la radiolog\u00eda pedi\u00e1trica, escrita espec\u00edficamente para el examen de certificaci\u00f3n de la subespecialidad. Para una buena preparaci\u00f3n de los estudiantes, este \u00fatil recurso contiene m\u00e1s de 300 preguntas de opci\u00f3n m\u00faltiple, ricas en im\u00e1genes, con explicaciones detalladas de las respuestas correctas e incorrectas, contenido totalmente revisado y tablas de alto rendimiento para una f\u00e1cil revisi\u00f3n.<br \/>Esta 2.\u00aa edici\u00f3n se basa en el \u00e9xito de la primera, y cubre todos los aspectos esenciales de la imagenolog\u00eda pedi\u00e1trica de manera que sirva como gu\u00eda para residentes, quienes podr\u00e1n evaluar su conocimiento y revisar el material en un formato similar al examen central de la American Board of Radiology (ABR) o los ex\u00e1menes de consejos o instituciones similares locales. La obra cubre ocho \u00e1reas esenciales de la radiolog\u00eda pedi\u00e1trica: tubo digestivo, aparato genitourinario, sistema musculoesquel\u00e9tico, neurorradiolog\u00eda pedi\u00e1trica, y radiolog\u00eda de t\u00f3rax, vascular, card\u00edaca y de m\u00faltiples sistemas.<\/p>\t\t\t\t\t\t\t\t<\/div>\n\t\t\t\t<\/div>\n\t\t\t\t\t<\/div>\n\t\t\t\t<\/div>\n\t\t\t\t<\/div>\n\t\t","protected":false},"excerpt":{"rendered":"<p><strong>Autores:<\/strong>\u00a0Steven L. Blumer MD, Safwan S. Halabi MD, David M. Biko MD<br \/>\n<strong>ISBN:<\/strong>\u00a09788410022997<br \/>\n<strong>Editorial:<\/strong>\u00a0WOLTERS KLUWER<br \/>\n<strong>Edici\u00f3n:<\/strong>\u00a02\u00aa<br \/>\n<strong>Especialidad<\/strong>: Diagn\u00f3stico por Im\u00e1genes<br \/>\n<strong>P\u00e1ginas<\/strong>: 368<br \/>\n\u00a9 2024<\/p>\n","protected":false},"featured_media":10486,"comment_status":"open","ping_status":"closed","template":"","meta":{"_joinchat":[]},"product_cat":[80],"product_tag":[240,81,92],"class_list":{"0":"post-10485","1":"product","2":"type-product","3":"status-publish","4":"has-post-thumbnail","6":"product_cat-diagnostico-por-imagenes","7":"product_tag-240","8":"product_tag-diagnostico-por-imagenes","9":"product_tag-wolters-kluwer","11":"first","12":"instock","13":"featured","14":"taxable","15":"shipping-taxable","16":"purchasable","17":"product-type-simple"},"_links":{"self":[{"href":"https:\/\/edimeinter.com\/libreria\/wp-json\/wp\/v2\/product\/10485","targetHints":{"allow":["GET"]}}],"collection":[{"href":"https:\/\/edimeinter.com\/libreria\/wp-json\/wp\/v2\/product"}],"about":[{"href":"https:\/\/edimeinter.com\/libreria\/wp-json\/wp\/v2\/types\/product"}],"replies":[{"embeddable":true,"href":"https:\/\/edimeinter.com\/libreria\/wp-json\/wp\/v2\/comments?post=10485"}],"version-history":[{"count":1,"href":"https:\/\/edimeinter.com\/libreria\/wp-json\/wp\/v2\/product\/10485\/revisions"}],"predecessor-version":[{"id":14996,"href":"https:\/\/edimeinter.com\/libreria\/wp-json\/wp\/v2\/product\/10485\/revisions\/14996"}],"wp:featuredmedia":[{"embeddable":true,"href":"https:\/\/edimeinter.com\/libreria\/wp-json\/wp\/v2\/media\/10486"}],"wp:attachment":[{"href":"https:\/\/edimeinter.com\/libreria\/wp-json\/wp\/v2\/media?parent=10485"}],"wp:term":[{"taxonomy":"product_cat","embeddable":true,"href":"https:\/\/edimeinter.com\/libreria\/wp-json\/wp\/v2\/product_cat?post=10485"},{"taxonomy":"product_tag","embeddable":true,"href":"https:\/\/edimeinter.com\/libreria\/wp-json\/wp\/v2\/product_tag?post=10485"}],"curies":[{"name":"wp","href":"https:\/\/api.w.org\/{rel}","templated":true}]}}