{"id":10491,"date":"2025-02-05T16:45:48","date_gmt":"2025-02-05T16:45:48","guid":{"rendered":"https:\/\/edimeinter.com\/libreria\/?post_type=product&#038;p=10491"},"modified":"2026-01-26T01:20:24","modified_gmt":"2026-01-26T01:20:24","slug":"ventilacion-mecanica-en-insuficiencia-respiratoria-1a-edicion","status":"publish","type":"product","link":"https:\/\/edimeinter.com\/libreria\/product\/ventilacion-mecanica-en-insuficiencia-respiratoria-1a-edicion\/","title":{"rendered":"Ventilaci\u00f3n mec\u00e1nica en insuficiencia respiratoria. 1\u00aa Edici\u00f3n"},"content":{"rendered":"\t\t<div data-elementor-type=\"wp-post\" data-elementor-id=\"10491\" class=\"elementor elementor-10491\">\n\t\t\t\t<div class=\"elementor-element elementor-element-2612b12 e-flex e-con-boxed e-con e-parent\" data-id=\"2612b12\" data-element_type=\"container\" data-e-type=\"container\">\n\t\t\t\t\t<div class=\"e-con-inner\">\n\t\t\n\t\t<div class=\"elementor-element elementor-element-498707ae elementor-widget elementor-widget-text-editor\" data-id=\"498707ae\" data-element_type=\"widget\" data-e-type=\"widget\" data-widget_type=\"text-editor.default\">\n\t\t\t\t<div class=\"elementor-widget-container\">\n\t\t\t\t\t\t\t\t\t<p>Durante mucho tiempo los ventiladores mec\u00e1nicos han sido una parte integral del cuidado de los pacientes con insuficiencia respiratoria aguda y cr\u00f3nica, y durante la reciente pandemia de COVID-19 ha destacado a\u00fan m\u00e1s la necesidad de una mejor comprensi\u00f3n de los principios b\u00e1sicos de su uso en la atenci\u00f3n actual del paciente en estado cr\u00edtico.\u00a0<b>Ventilaci\u00f3n mec\u00e1nica en insuficiencia respiratoria<\/b>, de los doctores Richard M. Schwartzstein, Jeremy B. Richards y Elias N. Baedorf Kassis, es un texto accesible y de f\u00e1cil lectura que abarca la informaci\u00f3n imprescindible sobre esta modalidad de terapia respiratoria, desde sus principios b\u00e1sicos y fundamentales hasta los temas avanzados en la materia.<br \/>Dividido en cuatro secciones, parte de los\u00a0<i>Principios fisiol\u00f3gicos subyacentes a la ventilaci\u00f3n mec\u00e1nica por insuficiencia respiratoria\u00a0<\/i>para que el lector disponga de los conocimientos y comprensi\u00f3n b\u00e1sicos para estar preparado para el abordaje de las complejidades del ventilador. Posteriormente ofrece los\u00a0<i>Aspectos b\u00e1sicos de la ventilaci\u00f3n mec\u00e1nica,\u00a0<\/i>cap\u00edtulos que abordan los principios b\u00e1sicos que subyacen a la ventilaci\u00f3n con volumen y presi\u00f3n, la ventilaci\u00f3n con apoyo de presi\u00f3n y la presi\u00f3n positiva teleespiratoria. Se presenta tambi\u00e9n la secci\u00f3n\u00a0<i>Enfermedad pulmonar obstructiva cr\u00f3nica y ventilaci\u00f3n mec\u00e1nica<\/i>, donde se describe la aplicaci\u00f3n de la ventilaci\u00f3n mec\u00e1nica a estados de enfermedad frecuentes, desde la enfermedad pulmonar obstructiva cr\u00f3nica (EPOC) al s\u00edndrome de dificultad respiratoria aguda (SDRA) y la enfermedad pulmonar intersticial (EPI), y se exponen las complicaciones asociadas con la ventilaci\u00f3n mec\u00e1nica. En la \u00faltima secci\u00f3n se incluyen\u00a0<i>Temas especiales en ventilaci\u00f3n mec\u00e1nica<\/i>, que proporcionan una visi\u00f3n sobre aspectos contempor\u00e1neos que est\u00e1n recibiendo mayor atenci\u00f3n en los \u00faltimos a\u00f1os, entre los cuales se encuentran asincron\u00eda del ventilador y uso de balones esof\u00e1gicos para guiar las decisiones sobre las presiones aceptables suministradas durante la inspiraci\u00f3n con el ventilador y la creciente preocupaci\u00f3n sobre la disnea en pacientes provocada al ajustar el ventilador mec\u00e1nico.<\/p>\t\t\t\t\t\t\t\t<\/div>\n\t\t\t\t<\/div>\n\t\t\t\t\t<\/div>\n\t\t\t\t<\/div>\n\t\t\t\t<\/div>\n\t\t","protected":false},"excerpt":{"rendered":"<p><strong>Autores:<\/strong>\u00a0Richard M. Schwartzstein<br \/>\n<strong>ISBN:<\/strong>\u00a09788410022096<br \/>\n<strong>Editorial:<\/strong>\u00a0WOLTERS KLUWER<br \/>\n<strong>Edici\u00f3n:<\/strong>\u00a01\u00aa<br \/>\n<strong>Especialidad<\/strong>: Cuidados Intensivos<br \/>\n<strong>P\u00e1ginas<\/strong>: 304<br \/>\n\u00a9 2024<\/p>\n","protected":false},"featured_media":10492,"comment_status":"open","ping_status":"closed","template":"","meta":{"_joinchat":[]},"product_cat":[179],"product_tag":[240,180,92],"class_list":{"0":"post-10491","1":"product","2":"type-product","3":"status-publish","4":"has-post-thumbnail","6":"product_cat-cuidados-intensivos","7":"product_tag-240","8":"product_tag-cuidados-intensivos","9":"product_tag-wolters-kluwer","11":"first","12":"instock","13":"featured","14":"taxable","15":"shipping-taxable","16":"purchasable","17":"product-type-simple"},"_links":{"self":[{"href":"https:\/\/edimeinter.com\/libreria\/wp-json\/wp\/v2\/product\/10491","targetHints":{"allow":["GET"]}}],"collection":[{"href":"https:\/\/edimeinter.com\/libreria\/wp-json\/wp\/v2\/product"}],"about":[{"href":"https:\/\/edimeinter.com\/libreria\/wp-json\/wp\/v2\/types\/product"}],"replies":[{"embeddable":true,"href":"https:\/\/edimeinter.com\/libreria\/wp-json\/wp\/v2\/comments?post=10491"}],"version-history":[{"count":1,"href":"https:\/\/edimeinter.com\/libreria\/wp-json\/wp\/v2\/product\/10491\/revisions"}],"predecessor-version":[{"id":14997,"href":"https:\/\/edimeinter.com\/libreria\/wp-json\/wp\/v2\/product\/10491\/revisions\/14997"}],"wp:featuredmedia":[{"embeddable":true,"href":"https:\/\/edimeinter.com\/libreria\/wp-json\/wp\/v2\/media\/10492"}],"wp:attachment":[{"href":"https:\/\/edimeinter.com\/libreria\/wp-json\/wp\/v2\/media?parent=10491"}],"wp:term":[{"taxonomy":"product_cat","embeddable":true,"href":"https:\/\/edimeinter.com\/libreria\/wp-json\/wp\/v2\/product_cat?post=10491"},{"taxonomy":"product_tag","embeddable":true,"href":"https:\/\/edimeinter.com\/libreria\/wp-json\/wp\/v2\/product_tag?post=10491"}],"curies":[{"name":"wp","href":"https:\/\/api.w.org\/{rel}","templated":true}]}}