{"id":10497,"date":"2025-02-05T16:49:02","date_gmt":"2025-02-05T16:49:02","guid":{"rendered":"https:\/\/edimeinter.com\/libreria\/?post_type=product&#038;p=10497"},"modified":"2025-03-09T20:25:44","modified_gmt":"2025-03-09T20:25:44","slug":"cuidados-intensivos-de-bolsillo-3a-edicion","status":"publish","type":"product","link":"https:\/\/edimeinter.com\/libreria\/product\/cuidados-intensivos-de-bolsillo-3a-edicion\/","title":{"rendered":"Cuidados intensivos de bolsillo. 3\u00aa Edici\u00f3n"},"content":{"rendered":"\t\t<div data-elementor-type=\"wp-post\" data-elementor-id=\"10497\" class=\"elementor elementor-10497\">\n\t\t\t\t<div class=\"elementor-element elementor-element-2612b12 e-flex e-con-boxed e-con e-parent\" data-id=\"2612b12\" data-element_type=\"container\" data-e-type=\"container\">\n\t\t\t\t\t<div class=\"e-con-inner\">\n\t\t\n\t\t<div class=\"elementor-element elementor-element-498707ae elementor-widget elementor-widget-text-editor\" data-id=\"498707ae\" data-element_type=\"widget\" data-e-type=\"widget\" data-widget_type=\"text-editor.default\">\n\t\t\t\t<div class=\"elementor-widget-container\">\n\t\t\t\t\t\t\t\t\t<p>Dise\u00f1ado para su portabilidad y r\u00e1pida consulta,\u00a0<b>Cuidados intensivos de bolsillo\u00a0<\/b>proporciona la informaci\u00f3n esencial que los profesionales de la unidad de cuidados intensivos (UCI), residentes y personal de enfermer\u00eda necesitan a diario. Dirigido por los doctores Gyorgy Frendl y Avery Tung, y escrito por un experto equipo de autores colaboradores, este volumen totalmente actualizado ofrece una revisi\u00f3n concisa y centrada de todas las \u00e1reas de los cuidados intensivos en un formato de bolsillo f\u00e1cil de consultar.<br \/>Esta 3.\u00aa edici\u00f3n, dividida en 50 secciones y un \u00fatil ap\u00e9ndice con f\u00f3rmulas hemodin\u00e1micas, respiratorias, ecuaciones acidob\u00e1sicas, medicamentos y dosis en la UCI, f\u00e1rmacos utilizados en las urgencias hipertensivas, y m\u00e1s, proporciona un acceso r\u00e1pido a la informaci\u00f3n m\u00e1s relevante y basada en la evidencia en cada \u00e1rea de los cuidados intensivos, incluidos los de pacientes adultos, pedi\u00e1tricos, cuidados neurol\u00f3gicos, cardiacos, de trasplantes, traumatol\u00f3gicos y de quemaduras.<\/p>\t\t\t\t\t\t\t\t<\/div>\n\t\t\t\t<\/div>\n\t\t\t\t\t<\/div>\n\t\t\t\t<\/div>\n\t\t\t\t<\/div>\n\t\t","protected":false},"excerpt":{"rendered":"<p><strong>Autores:<\/strong>\u00a0Gyorgy Frendl MD, PhD, Avery Tung MD<br \/>\n<strong>ISBN:<\/strong>\u00a09788419663627<br \/>\n<strong>Editorial:<\/strong>\u00a0WOLTERS KLUWER<br \/>\n<strong>Edici\u00f3n:<\/strong>\u00a03\u00aa<br \/>\n<strong>Especialidad<\/strong>: Cuidados Intensivos<br \/>\n<strong>P\u00e1ginas<\/strong>: 448<br \/>\n\u00a9 2024<\/p>\n","protected":false},"featured_media":10498,"comment_status":"open","ping_status":"open","template":"","meta":{"_joinchat":[]},"product_cat":[179],"product_tag":[240,180,92],"class_list":{"0":"post-10497","1":"product","2":"type-product","3":"status-publish","4":"has-post-thumbnail","6":"product_cat-cuidados-intensivos","7":"product_tag-240","8":"product_tag-cuidados-intensivos","9":"product_tag-wolters-kluwer","11":"first","12":"instock","13":"featured","14":"taxable","15":"shipping-taxable","16":"purchasable","17":"product-type-simple"},"_links":{"self":[{"href":"https:\/\/edimeinter.com\/libreria\/wp-json\/wp\/v2\/product\/10497","targetHints":{"allow":["GET"]}}],"collection":[{"href":"https:\/\/edimeinter.com\/libreria\/wp-json\/wp\/v2\/product"}],"about":[{"href":"https:\/\/edimeinter.com\/libreria\/wp-json\/wp\/v2\/types\/product"}],"replies":[{"embeddable":true,"href":"https:\/\/edimeinter.com\/libreria\/wp-json\/wp\/v2\/comments?post=10497"}],"version-history":[{"count":1,"href":"https:\/\/edimeinter.com\/libreria\/wp-json\/wp\/v2\/product\/10497\/revisions"}],"predecessor-version":[{"id":14998,"href":"https:\/\/edimeinter.com\/libreria\/wp-json\/wp\/v2\/product\/10497\/revisions\/14998"}],"wp:featuredmedia":[{"embeddable":true,"href":"https:\/\/edimeinter.com\/libreria\/wp-json\/wp\/v2\/media\/10498"}],"wp:attachment":[{"href":"https:\/\/edimeinter.com\/libreria\/wp-json\/wp\/v2\/media?parent=10497"}],"wp:term":[{"taxonomy":"product_cat","embeddable":true,"href":"https:\/\/edimeinter.com\/libreria\/wp-json\/wp\/v2\/product_cat?post=10497"},{"taxonomy":"product_tag","embeddable":true,"href":"https:\/\/edimeinter.com\/libreria\/wp-json\/wp\/v2\/product_tag?post=10497"}],"curies":[{"name":"wp","href":"https:\/\/api.w.org\/{rel}","templated":true}]}}