{"id":10503,"date":"2025-02-05T16:51:53","date_gmt":"2025-02-05T16:51:53","guid":{"rendered":"https:\/\/edimeinter.com\/libreria\/?post_type=product&#038;p=10503"},"modified":"2025-06-10T19:14:31","modified_gmt":"2025-06-10T19:14:31","slug":"manual-de-medicina-intensiva-del-massachusetts-general-hospital-7a-edicion","status":"publish","type":"product","link":"https:\/\/edimeinter.com\/libreria\/product\/manual-de-medicina-intensiva-del-massachusetts-general-hospital-7a-edicion\/","title":{"rendered":"Manual de Medicina Intensiva del Massachusetts General Hospital. 7\u00aa Edici\u00f3n"},"content":{"rendered":"\t\t<div data-elementor-type=\"wp-post\" data-elementor-id=\"10503\" class=\"elementor elementor-10503\">\n\t\t\t\t<div class=\"elementor-element elementor-element-2612b12 e-flex e-con-boxed e-con e-parent\" data-id=\"2612b12\" data-element_type=\"container\" data-e-type=\"container\">\n\t\t\t\t\t<div class=\"e-con-inner\">\n\t\t\n\t\t<div class=\"elementor-element elementor-element-498707ae elementor-widget elementor-widget-text-editor\" data-id=\"498707ae\" data-element_type=\"widget\" data-e-type=\"widget\" data-widget_type=\"text-editor.default\">\n\t\t\t\t<div class=\"elementor-widget-container\">\n\t\t\t\t\t\t\t\t\t<p><b>Manual de Medicina Intensiva del Massachusetts General Hospital\u00a0<\/b>ha sido dise\u00f1ado como una gu\u00eda concisa, did\u00e1ctica y pr\u00e1ctica para los profesionales sanitarios que atienden a pacientes con enfermedades y lesiones potencialmente mortales. La atenci\u00f3n al paciente en estado cr\u00edtico es amplia en cuanto a su alcance y pr\u00e1ctica; puede tener lugar en una variedad de entornos, incluyendo contextos prehospitalarios, el servicio de urgencias, la sala de hospitalizaci\u00f3n, el quir\u00f3fano y la unidad de cuidados intensivos. El profesional de cuidados cr\u00edticos debe conocer no s\u00f3lo una amplia gama de afecciones m\u00e9dicas y quir\u00fargicas que causan una enfermedad cr\u00edtica, sino tambi\u00e9n los procedimientos tecnol\u00f3gicos y los dispositivos utilizados en apoyo de la disfunci\u00f3n de cada sistema org\u00e1nico. Para ello, este manual incluye principios b\u00e1sicos de diagn\u00f3stico y manejo del paciente en estado cr\u00edtico, incluyendo fisiolog\u00eda fundamental, monitorizaci\u00f3n, procedimientos diagn\u00f3sticos y terap\u00e9uticos, as\u00ed como conocimientos m\u00e1s avanzados de afecciones y tratamientos espec\u00edficos del paciente.<br \/>Esta 7.a edici\u00f3n incluye cap\u00edtulos dedicados a muchas de las complicadas cuestiones \u00e9ticas y sociales que surgen en la pr\u00e1ctica de los cuidados cr\u00edticos, como la toma de decisiones al final de la vida, la econom\u00eda de los cuidados, la mejora de la calidad y la comprensi\u00f3n de los continuos retos a los que se enfrentan los supervivientes de una enfermedad cr\u00edtica. Adem\u00e1s, se han a\u00f1adido nuevas secciones y cap\u00edtulos para describir las recientes innovaciones en el pensamiento y la pr\u00e1ctica. Al igual que en ediciones anteriores, el manual refleja la pr\u00e1ctica cl\u00ednica actual en el Massachusetts General Hospital (MGH).<\/p>\t\t\t\t\t\t\t\t<\/div>\n\t\t\t\t<\/div>\n\t\t\t\t\t<\/div>\n\t\t\t\t<\/div>\n\t\t\t\t<\/div>\n\t\t","protected":false},"excerpt":{"rendered":"<p><strong>Autores:<\/strong>\u00a0Edward A. Bittner MD, PhD<br \/>\n<strong>ISBN:<\/strong>\u00a09788419663672<br \/>\n<strong>Editorial:<\/strong>\u00a0WOLTERS KLUWER<br \/>\n<strong>Edici\u00f3n:<\/strong>\u00a07\u00aa<br \/>\n<strong>Especialidad<\/strong>: Cuidados Intensivos<br \/>\n<strong>P\u00e1ginas<\/strong>: 672<br \/>\n\u00a9 2024<\/p>\n","protected":false},"featured_media":10504,"comment_status":"open","ping_status":"closed","template":"","meta":{"_joinchat":[]},"product_cat":[179],"product_tag":[240,180,92],"class_list":{"0":"post-10503","1":"product","2":"type-product","3":"status-publish","4":"has-post-thumbnail","6":"product_cat-cuidados-intensivos","7":"product_tag-240","8":"product_tag-cuidados-intensivos","9":"product_tag-wolters-kluwer","11":"first","12":"instock","13":"featured","14":"taxable","15":"shipping-taxable","16":"purchasable","17":"product-type-simple"},"_links":{"self":[{"href":"https:\/\/edimeinter.com\/libreria\/wp-json\/wp\/v2\/product\/10503","targetHints":{"allow":["GET"]}}],"collection":[{"href":"https:\/\/edimeinter.com\/libreria\/wp-json\/wp\/v2\/product"}],"about":[{"href":"https:\/\/edimeinter.com\/libreria\/wp-json\/wp\/v2\/types\/product"}],"replies":[{"embeddable":true,"href":"https:\/\/edimeinter.com\/libreria\/wp-json\/wp\/v2\/comments?post=10503"}],"version-history":[{"count":1,"href":"https:\/\/edimeinter.com\/libreria\/wp-json\/wp\/v2\/product\/10503\/revisions"}],"predecessor-version":[{"id":14999,"href":"https:\/\/edimeinter.com\/libreria\/wp-json\/wp\/v2\/product\/10503\/revisions\/14999"}],"wp:featuredmedia":[{"embeddable":true,"href":"https:\/\/edimeinter.com\/libreria\/wp-json\/wp\/v2\/media\/10504"}],"wp:attachment":[{"href":"https:\/\/edimeinter.com\/libreria\/wp-json\/wp\/v2\/media?parent=10503"}],"wp:term":[{"taxonomy":"product_cat","embeddable":true,"href":"https:\/\/edimeinter.com\/libreria\/wp-json\/wp\/v2\/product_cat?post=10503"},{"taxonomy":"product_tag","embeddable":true,"href":"https:\/\/edimeinter.com\/libreria\/wp-json\/wp\/v2\/product_tag?post=10503"}],"curies":[{"name":"wp","href":"https:\/\/api.w.org\/{rel}","templated":true}]}}