{"id":10522,"date":"2025-02-05T17:21:36","date_gmt":"2025-02-05T17:21:36","guid":{"rendered":"https:\/\/edimeinter.com\/libreria\/?post_type=product&#038;p=10522"},"modified":"2025-05-08T17:32:53","modified_gmt":"2025-05-08T17:32:53","slug":"tecnicas-maestras-en-cirugia-ortopedica-columna-vertebral-4a-edicion","status":"publish","type":"product","link":"https:\/\/edimeinter.com\/libreria\/product\/tecnicas-maestras-en-cirugia-ortopedica-columna-vertebral-4a-edicion\/","title":{"rendered":"T\u00e9cnicas maestras en Cirug\u00eda Ortop\u00e9dica. Columna vertebral. 4\u00aa Edici\u00f3n"},"content":{"rendered":"\t\t<div data-elementor-type=\"wp-post\" data-elementor-id=\"10522\" class=\"elementor elementor-10522\">\n\t\t\t\t<div class=\"elementor-element elementor-element-2612b12 e-flex e-con-boxed e-con e-parent\" data-id=\"2612b12\" data-element_type=\"container\" data-e-type=\"container\">\n\t\t\t\t\t<div class=\"e-con-inner\">\n\t\t\n\t\t<div class=\"elementor-element elementor-element-498707ae elementor-widget elementor-widget-text-editor\" data-id=\"498707ae\" data-element_type=\"widget\" data-e-type=\"widget\" data-widget_type=\"text-editor.default\">\n\t\t\t\t<div class=\"elementor-widget-container\">\n\t\t\t\t\t\t\t\t\t<p>Como parte de la prestigiosa serie\u00a0<i>T\u00e9cnicas maestras en cirug\u00eda ortop\u00e9dica\u00ae,\u00a0<\/i><b>Columna vertebral<\/b>\u00a0es una referencia concisa, con abundantes ilustraciones, que abarca las t\u00e9cnicas quir\u00fargicas m\u00e1s avanzadas y exitosas para la columna vertebral, todas ellas detalladas paso a paso. Dirigida por los doctores Todd J. Albert y Thomas A. Zdeblick, esta edici\u00f3n totalmente revisada presenta las t\u00e9cnicas preferidas de los maestros de la cirug\u00eda, ilustradas con fotograf\u00edas intraoperatorias secuenciales, a vista de cirujano, as\u00ed como magn\u00edfi cos dibujos de destacados ilustradores m\u00e9dicos.<br \/>Desde la publicaci\u00f3n de la primera edici\u00f3n en 1997, el campo de la cirug\u00eda de columna vertebral ha avanzado a un ritmo vertiginoso. Quiz\u00e1 en ninguna otra rama de la cirug\u00eda ortop\u00e9dica la tecnolog\u00eda haya cambiado tan radicalmente el tratamiento quir\u00fargico. Esta 4.\u00aa edici\u00f3n ofrece al lector informaci\u00f3n actualizada necesaria para afrontar con confianza los retos de la cirug\u00eda de la columna vertebral, ayud\u00e1ndole a reducir al m\u00ednimo los errores, mejorar los resultados y aumentar la seguridad de los pacientes.<\/p>\t\t\t\t\t\t\t\t<\/div>\n\t\t\t\t<\/div>\n\t\t\t\t\t<\/div>\n\t\t\t\t<\/div>\n\t\t\t\t<\/div>\n\t\t","protected":false},"excerpt":{"rendered":"<p><strong>Autores:<\/strong>\u00a0Todd Albert MD, Thomas A. Zdeblick<br \/>\n<strong>ISBN:<\/strong>\u00a09788419663467<br \/>\n<strong>Editorial:<\/strong>\u00a0WOLTERS KLUWER<br \/>\n<strong>Edici\u00f3n:<\/strong>\u00a04\u00aa<br \/>\n<strong>Especialidad<\/strong>: Ortopedia y Traumatolog\u00eda<br \/>\n<strong>P\u00e1ginas<\/strong>: 442<br \/>\n\u00a9 2024<\/p>\n","protected":false},"featured_media":10523,"comment_status":"open","ping_status":"closed","template":"","meta":{"_joinchat":[]},"product_cat":[97],"product_tag":[240,98,92],"class_list":{"0":"post-10522","1":"product","2":"type-product","3":"status-publish","4":"has-post-thumbnail","6":"product_cat-ortopedia-y-traumatologia","7":"product_tag-240","8":"product_tag-ortopedia-y-traumatologia","9":"product_tag-wolters-kluwer","11":"first","12":"instock","13":"featured","14":"taxable","15":"shipping-taxable","16":"purchasable","17":"product-type-simple"},"_links":{"self":[{"href":"https:\/\/edimeinter.com\/libreria\/wp-json\/wp\/v2\/product\/10522","targetHints":{"allow":["GET"]}}],"collection":[{"href":"https:\/\/edimeinter.com\/libreria\/wp-json\/wp\/v2\/product"}],"about":[{"href":"https:\/\/edimeinter.com\/libreria\/wp-json\/wp\/v2\/types\/product"}],"replies":[{"embeddable":true,"href":"https:\/\/edimeinter.com\/libreria\/wp-json\/wp\/v2\/comments?post=10522"}],"version-history":[{"count":1,"href":"https:\/\/edimeinter.com\/libreria\/wp-json\/wp\/v2\/product\/10522\/revisions"}],"predecessor-version":[{"id":15002,"href":"https:\/\/edimeinter.com\/libreria\/wp-json\/wp\/v2\/product\/10522\/revisions\/15002"}],"wp:featuredmedia":[{"embeddable":true,"href":"https:\/\/edimeinter.com\/libreria\/wp-json\/wp\/v2\/media\/10523"}],"wp:attachment":[{"href":"https:\/\/edimeinter.com\/libreria\/wp-json\/wp\/v2\/media?parent=10522"}],"wp:term":[{"taxonomy":"product_cat","embeddable":true,"href":"https:\/\/edimeinter.com\/libreria\/wp-json\/wp\/v2\/product_cat?post=10522"},{"taxonomy":"product_tag","embeddable":true,"href":"https:\/\/edimeinter.com\/libreria\/wp-json\/wp\/v2\/product_tag?post=10522"}],"curies":[{"name":"wp","href":"https:\/\/api.w.org\/{rel}","templated":true}]}}