{"id":10550,"date":"2025-02-05T17:43:54","date_gmt":"2025-02-05T17:43:54","guid":{"rendered":"https:\/\/edimeinter.com\/libreria\/?post_type=product&#038;p=10550"},"modified":"2025-03-03T00:23:46","modified_gmt":"2025-03-03T00:23:46","slug":"nevos-1a-edicion","status":"publish","type":"product","link":"https:\/\/edimeinter.com\/libreria\/product\/nevos-1a-edicion\/","title":{"rendered":"Nevos. 1\u00aa Edici\u00f3n"},"content":{"rendered":"\t\t<div data-elementor-type=\"wp-post\" data-elementor-id=\"10550\" class=\"elementor elementor-10550\">\n\t\t\t\t<div class=\"elementor-element elementor-element-2612b12 e-flex e-con-boxed e-con e-parent\" data-id=\"2612b12\" data-element_type=\"container\" data-e-type=\"container\">\n\t\t\t\t\t<div class=\"e-con-inner\">\n\t\t\n\t\t<div class=\"elementor-element elementor-element-498707ae elementor-widget elementor-widget-text-editor\" data-id=\"498707ae\" data-element_type=\"widget\" data-e-type=\"widget\" data-widget_type=\"text-editor.default\">\n\t\t\t\t<div class=\"elementor-widget-container\">\n\t\t\t\t\t\t\t\t\t<p>Nevos | Nevos, tumores neviformes y s\u00edndromes n\u00e9vicos est\u00e1 basado en el cl\u00e1sico libro Nevos. El contenido, completamente actualizado en sus aspectos cl\u00ednicos, patol\u00f3gicos, gen\u00e9ticos, epidemiol\u00f3gicos, diagn\u00f3sticos y terap\u00e9uticos, tambi\u00e9n ofrece los \u00faltimos avances moleculares. La conducta a seguir frente a cada nevo es un verdadero desaf\u00edo para el dermat\u00f3logo tratante. La exposici\u00f3n clara, amena y did\u00e1ctica sobre este tema ayuda a la comprensi\u00f3n de la correlaci\u00f3n cl\u00ednica-histol\u00f3gica de las diferentes entidades, y provee herramientas para identificar nevos marcadores de s\u00edndromes y realizar diag<span class=\"shorten-detail\">n\u00f3sticos tempranos.<\/span><\/p>\t\t\t\t\t\t\t\t<\/div>\n\t\t\t\t<\/div>\n\t\t\t\t\t<\/div>\n\t\t\t\t<\/div>\n\t\t\t\t<\/div>\n\t\t","protected":false},"excerpt":{"rendered":"<p><strong>Autores:<\/strong>\u00a0N\u00e9stor Hugo Cabrera Patricia Silvia Della Giovanna Sandra Garc\u00eda Graciela F. S\u00e1nchez Ana Mordoh<br \/>\n<strong>ISBN:<\/strong>\u00a09789878452418<br \/>\n<strong>Editorial:<\/strong>\u00a0Ediciones Journal<br \/>\n<strong>Edici\u00f3n:<\/strong>\u00a01\u00aa<br \/>\n<strong>Especialidad<\/strong>: Dermatolog\u00eda<br \/>\n<strong>P\u00e1ginas<\/strong>: 444<br \/>\n\u00a9 2023<\/p>\n","protected":false},"featured_media":10595,"comment_status":"open","ping_status":"open","template":"","meta":{"_joinchat":[]},"product_cat":[108],"product_tag":[109,110],"class_list":{"0":"post-10550","1":"product","2":"type-product","3":"status-publish","4":"has-post-thumbnail","6":"product_cat-dermatologia","7":"product_tag-dermatologia","8":"product_tag-ediciones-journal","10":"first","11":"instock","12":"featured","13":"taxable","14":"shipping-taxable","15":"purchasable","16":"product-type-simple"},"_links":{"self":[{"href":"https:\/\/edimeinter.com\/libreria\/wp-json\/wp\/v2\/product\/10550","targetHints":{"allow":["GET"]}}],"collection":[{"href":"https:\/\/edimeinter.com\/libreria\/wp-json\/wp\/v2\/product"}],"about":[{"href":"https:\/\/edimeinter.com\/libreria\/wp-json\/wp\/v2\/types\/product"}],"replies":[{"embeddable":true,"href":"https:\/\/edimeinter.com\/libreria\/wp-json\/wp\/v2\/comments?post=10550"}],"version-history":[{"count":2,"href":"https:\/\/edimeinter.com\/libreria\/wp-json\/wp\/v2\/product\/10550\/revisions"}],"predecessor-version":[{"id":15009,"href":"https:\/\/edimeinter.com\/libreria\/wp-json\/wp\/v2\/product\/10550\/revisions\/15009"}],"wp:featuredmedia":[{"embeddable":true,"href":"https:\/\/edimeinter.com\/libreria\/wp-json\/wp\/v2\/media\/10595"}],"wp:attachment":[{"href":"https:\/\/edimeinter.com\/libreria\/wp-json\/wp\/v2\/media?parent=10550"}],"wp:term":[{"taxonomy":"product_cat","embeddable":true,"href":"https:\/\/edimeinter.com\/libreria\/wp-json\/wp\/v2\/product_cat?post=10550"},{"taxonomy":"product_tag","embeddable":true,"href":"https:\/\/edimeinter.com\/libreria\/wp-json\/wp\/v2\/product_tag?post=10550"}],"curies":[{"name":"wp","href":"https:\/\/api.w.org\/{rel}","templated":true}]}}