{"id":10562,"date":"2025-02-05T17:50:40","date_gmt":"2025-02-05T17:50:40","guid":{"rendered":"https:\/\/edimeinter.com\/libreria\/?post_type=product&#038;p=10562"},"modified":"2026-01-27T23:35:07","modified_gmt":"2026-01-27T23:35:07","slug":"atlas-color-de-anatomia-ecografica-3a-edicion","status":"publish","type":"product","link":"https:\/\/edimeinter.com\/libreria\/product\/atlas-color-de-anatomia-ecografica-3a-edicion\/","title":{"rendered":"Atlas Color de Anatom\u00eda Ecogr\u00e1fica. 3\u00aa Edici\u00f3n"},"content":{"rendered":"\t\t<div data-elementor-type=\"wp-post\" data-elementor-id=\"10562\" class=\"elementor elementor-10562\">\n\t\t\t\t<div class=\"elementor-element elementor-element-2612b12 e-flex e-con-boxed e-con e-parent\" data-id=\"2612b12\" data-element_type=\"container\" data-e-type=\"container\">\n\t\t\t\t\t<div class=\"e-con-inner\">\n\t\t\n\t\t<div class=\"elementor-element elementor-element-498707ae elementor-widget elementor-widget-text-editor\" data-id=\"498707ae\" data-element_type=\"widget\" data-e-type=\"widget\" data-widget_type=\"text-editor.default\">\n\t\t\t\t<div class=\"elementor-widget-container\">\n\t\t\t\t\t\t\t\t\t<p>La tercera edici\u00f3n del Atlas color de anatom\u00eda ecogr\u00e1fica es una revisi\u00f3n exhaustiva y sistem\u00e1tica de la anatom\u00eda ecogr\u00e1fica normal de las regiones abdominal y p\u00e9lvica, esencial para localizar y reconocer \u00f3rganos, puntos de referencia anat\u00f3micos y relaciones topogr\u00e1ficas. En la presentaci\u00f3n en p\u00e1gina doble, las im\u00e1genes ecogr\u00e1ficas y sus correspondientes gr\u00e1ficos est\u00e1n organizados por \u00f3rganos y trayectos de exploraci\u00f3n en 320 pares, donde se muestra la posici\u00f3n del transductor, la imagen transversal resultante, las estructuras anat\u00f3micas y la ubicaci\u00f3n del plano de exploraci\u00f3n en el \u00f3rgano.<\/p>\t\t\t\t\t\t\t\t<\/div>\n\t\t\t\t<\/div>\n\t\t\t\t\t<\/div>\n\t\t\t\t<\/div>\n\t\t\t\t<\/div>\n\t\t","protected":false},"excerpt":{"rendered":"<p><strong>Autores:<\/strong> Berthold Block<br \/>\n<strong>ISBN:<\/strong> 9789878452630<br \/>\n<strong>Editorial:<\/strong>\u00a0Ediciones Journal<br \/>\n<strong>Edici\u00f3n:<\/strong>\u00a02\u00aa<br \/>\n<strong>Especialidad<\/strong>: Diagn\u00f3stico por Im\u00e1genes<br \/>\n<strong>P\u00e1ginas<\/strong>: 272<br \/>\n\u00a9 2023<\/p>\n","protected":false},"featured_media":10598,"comment_status":"open","ping_status":"closed","template":"","meta":{"_joinchat":[]},"product_cat":[80],"product_tag":[81,110],"class_list":{"0":"post-10562","1":"product","2":"type-product","3":"status-publish","4":"has-post-thumbnail","6":"product_cat-diagnostico-por-imagenes","7":"product_tag-diagnostico-por-imagenes","8":"product_tag-ediciones-journal","10":"first","11":"instock","12":"featured","13":"taxable","14":"shipping-taxable","15":"purchasable","16":"product-type-simple"},"_links":{"self":[{"href":"https:\/\/edimeinter.com\/libreria\/wp-json\/wp\/v2\/product\/10562","targetHints":{"allow":["GET"]}}],"collection":[{"href":"https:\/\/edimeinter.com\/libreria\/wp-json\/wp\/v2\/product"}],"about":[{"href":"https:\/\/edimeinter.com\/libreria\/wp-json\/wp\/v2\/types\/product"}],"replies":[{"embeddable":true,"href":"https:\/\/edimeinter.com\/libreria\/wp-json\/wp\/v2\/comments?post=10562"}],"version-history":[{"count":4,"href":"https:\/\/edimeinter.com\/libreria\/wp-json\/wp\/v2\/product\/10562\/revisions"}],"predecessor-version":[{"id":17824,"href":"https:\/\/edimeinter.com\/libreria\/wp-json\/wp\/v2\/product\/10562\/revisions\/17824"}],"wp:featuredmedia":[{"embeddable":true,"href":"https:\/\/edimeinter.com\/libreria\/wp-json\/wp\/v2\/media\/10598"}],"wp:attachment":[{"href":"https:\/\/edimeinter.com\/libreria\/wp-json\/wp\/v2\/media?parent=10562"}],"wp:term":[{"taxonomy":"product_cat","embeddable":true,"href":"https:\/\/edimeinter.com\/libreria\/wp-json\/wp\/v2\/product_cat?post=10562"},{"taxonomy":"product_tag","embeddable":true,"href":"https:\/\/edimeinter.com\/libreria\/wp-json\/wp\/v2\/product_tag?post=10562"}],"curies":[{"name":"wp","href":"https:\/\/api.w.org\/{rel}","templated":true}]}}