{"id":10575,"date":"2025-02-05T17:58:31","date_gmt":"2025-02-05T17:58:31","guid":{"rendered":"https:\/\/edimeinter.com\/libreria\/?post_type=product&#038;p=10575"},"modified":"2025-03-03T00:28:11","modified_gmt":"2025-03-03T00:28:11","slug":"plasma-y-fibrina-ricos-en-plaquetas","status":"publish","type":"product","link":"https:\/\/edimeinter.com\/libreria\/product\/plasma-y-fibrina-ricos-en-plaquetas\/","title":{"rendered":"Plasma y fibrina ricos en plaquetas. 1\u00aa Edici\u00f3n"},"content":{"rendered":"\t\t<div data-elementor-type=\"wp-post\" data-elementor-id=\"10575\" class=\"elementor elementor-10575\">\n\t\t\t\t<div class=\"elementor-element elementor-element-2612b12 e-flex e-con-boxed e-con e-parent\" data-id=\"2612b12\" data-element_type=\"container\" data-e-type=\"container\">\n\t\t\t\t\t<div class=\"e-con-inner\">\n\t\t\n\t\t<div class=\"elementor-element elementor-element-498707ae elementor-widget elementor-widget-text-editor\" data-id=\"498707ae\" data-element_type=\"widget\" data-e-type=\"widget\" data-widget_type=\"text-editor.default\">\n\t\t\t\t<div class=\"elementor-widget-container\">\n\t\t\t\t\t\t\t\t\t<p>Plasma y fibrina ricos en plaquetas (tercera edici\u00f3n) ofrece un contenido ampliado con novedades dentro de cada cap\u00edtulo y aborda nuevos temas, como por ejemplo, el uso en armonizaci\u00f3n facial, medicina est\u00e9tica, odontolog\u00eda cl\u00ednica y est\u00e9tica, dermatolog\u00eda, curaci\u00f3n de heridas con complicaciones, \u00falceras de pie diab\u00e9tico, oftalmolog\u00eda, traumatolog\u00eda y ginecolog\u00eda, producci\u00f3n de cosmec\u00e9uticos aut\u00f3logos, y nuevos m\u00e9todos de aplicaci\u00f3n en tratamientos est\u00e9ticos, como el microneedling.<\/p>\t\t\t\t\t\t\t\t<\/div>\n\t\t\t\t<\/div>\n\t\t\t\t\t<\/div>\n\t\t\t\t<\/div>\n\t\t\t\t<\/div>\n\t\t","protected":false},"excerpt":{"rendered":"<p><strong>Autores:<\/strong>\u00a0Arcuri, Ana M.<br \/>\n<strong>ISBN:<\/strong>\u00a09789878452289<br \/>\n<strong>Editorial:<\/strong>\u00a0Ediciones Journal<br \/>\n<strong>Edici\u00f3n:<\/strong>\u00a01\u00aa<br \/>\n<strong>Especialidad<\/strong>: Laboratorio Cl\u00ednico<br \/>\n<strong>P\u00e1ginas<\/strong>: 187<br \/>\n\u00a9 2022<\/p>\n","protected":false},"featured_media":10602,"comment_status":"open","ping_status":"open","template":"","meta":{"_joinchat":[]},"product_cat":[136],"product_tag":[110,137],"class_list":{"0":"post-10575","1":"product","2":"type-product","3":"status-publish","4":"has-post-thumbnail","6":"product_cat-laboratorio-clinico","7":"product_tag-ediciones-journal","8":"product_tag-laboratorio-clinico","10":"first","11":"instock","12":"featured","13":"taxable","14":"shipping-taxable","15":"purchasable","16":"product-type-simple"},"_links":{"self":[{"href":"https:\/\/edimeinter.com\/libreria\/wp-json\/wp\/v2\/product\/10575","targetHints":{"allow":["GET"]}}],"collection":[{"href":"https:\/\/edimeinter.com\/libreria\/wp-json\/wp\/v2\/product"}],"about":[{"href":"https:\/\/edimeinter.com\/libreria\/wp-json\/wp\/v2\/types\/product"}],"replies":[{"embeddable":true,"href":"https:\/\/edimeinter.com\/libreria\/wp-json\/wp\/v2\/comments?post=10575"}],"version-history":[{"count":1,"href":"https:\/\/edimeinter.com\/libreria\/wp-json\/wp\/v2\/product\/10575\/revisions"}],"predecessor-version":[{"id":15014,"href":"https:\/\/edimeinter.com\/libreria\/wp-json\/wp\/v2\/product\/10575\/revisions\/15014"}],"wp:featuredmedia":[{"embeddable":true,"href":"https:\/\/edimeinter.com\/libreria\/wp-json\/wp\/v2\/media\/10602"}],"wp:attachment":[{"href":"https:\/\/edimeinter.com\/libreria\/wp-json\/wp\/v2\/media?parent=10575"}],"wp:term":[{"taxonomy":"product_cat","embeddable":true,"href":"https:\/\/edimeinter.com\/libreria\/wp-json\/wp\/v2\/product_cat?post=10575"},{"taxonomy":"product_tag","embeddable":true,"href":"https:\/\/edimeinter.com\/libreria\/wp-json\/wp\/v2\/product_tag?post=10575"}],"curies":[{"name":"wp","href":"https:\/\/api.w.org\/{rel}","templated":true}]}}