{"id":10624,"date":"2025-02-05T18:23:43","date_gmt":"2025-02-05T18:23:43","guid":{"rendered":"https:\/\/edimeinter.com\/libreria\/?post_type=product&#038;p=10624"},"modified":"2025-03-03T00:40:24","modified_gmt":"2025-03-03T00:40:24","slug":"enfermedades-inflamatorias-del-pancreas-1a-edicion","status":"publish","type":"product","link":"https:\/\/edimeinter.com\/libreria\/product\/enfermedades-inflamatorias-del-pancreas-1a-edicion\/","title":{"rendered":"Enfermedades inflamatorias del p\u00e1ncreas. 1\u00aa Edici\u00f3n"},"content":{"rendered":"\t\t<div data-elementor-type=\"wp-post\" data-elementor-id=\"10624\" class=\"elementor elementor-10624\">\n\t\t\t\t<div class=\"elementor-element elementor-element-2612b12 e-flex e-con-boxed e-con e-parent\" data-id=\"2612b12\" data-element_type=\"container\" data-e-type=\"container\">\n\t\t\t\t\t<div class=\"e-con-inner\">\n\t\t\n\t\t<div class=\"elementor-element elementor-element-498707ae elementor-widget elementor-widget-text-editor\" data-id=\"498707ae\" data-element_type=\"widget\" data-e-type=\"widget\" data-widget_type=\"text-editor.default\">\n\t\t\t\t<div class=\"elementor-widget-container\">\n\t\t\t\t\t\t\t\t\t<p>Enfermedades inflamatorias del p\u00e1ncreas aborda el diagn\u00f3stico y manejo de la pancreatitis. Es un libro de consulta en el que han participado reconocidos especialistas nacionales e internacionales. El contenido desarrolla aspectos actualizados de fisiopatolog\u00eda, diagn\u00f3stico, forma de presentaci\u00f3n cl\u00ednica y tratamiento de la patolog\u00eda aguda y cr\u00f3nica del p\u00e1ncreas con un enfoque multidisciplinario. Incluye, tambi\u00e9n, un an\u00e1lisis amplio y espec\u00edfico de la pancreatitis autoinmune, una patolog\u00eda relativamente nueva, cuyo diagn\u00f3stico diferencial es complejo y requiere de un profundo conocimiento.<\/p>\t\t\t\t\t\t\t\t<\/div>\n\t\t\t\t<\/div>\n\t\t\t\t\t<\/div>\n\t\t\t\t<\/div>\n\t\t\t\t<\/div>\n\t\t","protected":false},"excerpt":{"rendered":"<p><strong>Autores:<\/strong>\u00a0Kohan, Gustavo Mazza, Oscar De Madaria, Enrique<br \/>\n<strong>ISBN:<\/strong>\u00a09789878452241<br \/>\n<strong>Editorial:<\/strong>\u00a0Ediciones Journal<br \/>\n<strong>Edici\u00f3n:<\/strong>\u00a01\u00aa<br \/>\n<strong>Especialidad<\/strong>: Gastroenterolog\u00eda<br \/>\n<strong>P\u00e1ginas<\/strong>: 215<br \/>\n\u00a9 2022<\/p>\n","protected":false},"featured_media":10625,"comment_status":"open","ping_status":"open","template":"","meta":{"_joinchat":[]},"product_cat":[168],"product_tag":[110,169],"class_list":{"0":"post-10624","1":"product","2":"type-product","3":"status-publish","4":"has-post-thumbnail","6":"product_cat-gastroenterologia","7":"product_tag-ediciones-journal","8":"product_tag-gastroenterologia","10":"first","11":"instock","12":"featured","13":"taxable","14":"shipping-taxable","15":"purchasable","16":"product-type-simple"},"_links":{"self":[{"href":"https:\/\/edimeinter.com\/libreria\/wp-json\/wp\/v2\/product\/10624","targetHints":{"allow":["GET"]}}],"collection":[{"href":"https:\/\/edimeinter.com\/libreria\/wp-json\/wp\/v2\/product"}],"about":[{"href":"https:\/\/edimeinter.com\/libreria\/wp-json\/wp\/v2\/types\/product"}],"replies":[{"embeddable":true,"href":"https:\/\/edimeinter.com\/libreria\/wp-json\/wp\/v2\/comments?post=10624"}],"version-history":[{"count":1,"href":"https:\/\/edimeinter.com\/libreria\/wp-json\/wp\/v2\/product\/10624\/revisions"}],"predecessor-version":[{"id":15016,"href":"https:\/\/edimeinter.com\/libreria\/wp-json\/wp\/v2\/product\/10624\/revisions\/15016"}],"wp:featuredmedia":[{"embeddable":true,"href":"https:\/\/edimeinter.com\/libreria\/wp-json\/wp\/v2\/media\/10625"}],"wp:attachment":[{"href":"https:\/\/edimeinter.com\/libreria\/wp-json\/wp\/v2\/media?parent=10624"}],"wp:term":[{"taxonomy":"product_cat","embeddable":true,"href":"https:\/\/edimeinter.com\/libreria\/wp-json\/wp\/v2\/product_cat?post=10624"},{"taxonomy":"product_tag","embeddable":true,"href":"https:\/\/edimeinter.com\/libreria\/wp-json\/wp\/v2\/product_tag?post=10624"}],"curies":[{"name":"wp","href":"https:\/\/api.w.org\/{rel}","templated":true}]}}