{"id":10630,"date":"2025-02-05T18:26:19","date_gmt":"2025-02-05T18:26:19","guid":{"rendered":"https:\/\/edimeinter.com\/libreria\/?post_type=product&#038;p=10630"},"modified":"2025-03-03T00:41:40","modified_gmt":"2025-03-03T00:41:40","slug":"atlas-de-enfermedades-de-la-vulva-1a-edicion","status":"publish","type":"product","link":"https:\/\/edimeinter.com\/libreria\/product\/atlas-de-enfermedades-de-la-vulva-1a-edicion\/","title":{"rendered":"Atlas de enfermedades de la vulva. 1\u00aa Edici\u00f3n"},"content":{"rendered":"\t\t<div data-elementor-type=\"wp-post\" data-elementor-id=\"10630\" class=\"elementor elementor-10630\">\n\t\t\t\t<div class=\"elementor-element elementor-element-2612b12 e-flex e-con-boxed e-con e-parent\" data-id=\"2612b12\" data-element_type=\"container\" data-e-type=\"container\">\n\t\t\t\t\t<div class=\"e-con-inner\">\n\t\t\n\t\t<div class=\"elementor-element elementor-element-498707ae elementor-widget elementor-widget-text-editor\" data-id=\"498707ae\" data-element_type=\"widget\" data-e-type=\"widget\" data-widget_type=\"text-editor.default\">\n\t\t\t\t<div class=\"elementor-widget-container\">\n\t\t\t\t\t\t\t\t\t<p>La patolog\u00eda de la vulva es a menudo poco conocida por los ginec\u00f3logos, quienes muchas veces omiten revisar la semiolog\u00eda de los genitales de sus pacientes al realizar el examen ginecol\u00f3gico. Este libro es el producto de muchos a\u00f1os de trabajo de un grupo de especialistas que se ha propuesto compartir su gran experiencia y dar orientaci\u00f3n a las dudas e inquietudes que puedan presentarse en la consulta ginecol\u00f3gica.<\/p><p>Atlas de enfermedades de la vulva es un libro de cabecera para la evaluaci\u00f3n, el diagn\u00f3stico y el tratamiento de las patolog\u00edas vulvares, que abarca desde casos comunes de la pr\u00e1ctica diaria hasta otros de rara observaci\u00f3n. Las excelentes im\u00e1genes han sido elegidas con rigor y est\u00e1n acompa\u00f1adas por una descripci\u00f3n concisa y sumamente did\u00e1ctica.<\/p>\t\t\t\t\t\t\t\t<\/div>\n\t\t\t\t<\/div>\n\t\t\t\t\t<\/div>\n\t\t\t\t<\/div>\n\t\t\t\t<\/div>\n\t\t","protected":false},"excerpt":{"rendered":"<p><strong>Autores:<\/strong>\u00a0Caussade, Ariadna<br \/>\n<strong>ISBN:<\/strong>\u00a09789878452210<br \/>\n<strong>Editorial:<\/strong>\u00a0Ediciones Journal<br \/>\n<strong>Edici\u00f3n:<\/strong>\u00a01\u00aa<br \/>\n<strong>Especialidad<\/strong>: Ginecolog\u00eda<br \/>\n<strong>P\u00e1ginas<\/strong>: 168<br \/>\n\u00a9 2022<\/p>\n","protected":false},"featured_media":10631,"comment_status":"open","ping_status":"open","template":"","meta":{"_joinchat":[]},"product_cat":[183],"product_tag":[110,184],"class_list":{"0":"post-10630","1":"product","2":"type-product","3":"status-publish","4":"has-post-thumbnail","6":"product_cat-ginecologia","7":"product_tag-ediciones-journal","8":"product_tag-ginecologia","10":"first","11":"instock","12":"featured","13":"taxable","14":"shipping-taxable","15":"purchasable","16":"product-type-simple"},"_links":{"self":[{"href":"https:\/\/edimeinter.com\/libreria\/wp-json\/wp\/v2\/product\/10630","targetHints":{"allow":["GET"]}}],"collection":[{"href":"https:\/\/edimeinter.com\/libreria\/wp-json\/wp\/v2\/product"}],"about":[{"href":"https:\/\/edimeinter.com\/libreria\/wp-json\/wp\/v2\/types\/product"}],"replies":[{"embeddable":true,"href":"https:\/\/edimeinter.com\/libreria\/wp-json\/wp\/v2\/comments?post=10630"}],"version-history":[{"count":1,"href":"https:\/\/edimeinter.com\/libreria\/wp-json\/wp\/v2\/product\/10630\/revisions"}],"predecessor-version":[{"id":15017,"href":"https:\/\/edimeinter.com\/libreria\/wp-json\/wp\/v2\/product\/10630\/revisions\/15017"}],"wp:featuredmedia":[{"embeddable":true,"href":"https:\/\/edimeinter.com\/libreria\/wp-json\/wp\/v2\/media\/10631"}],"wp:attachment":[{"href":"https:\/\/edimeinter.com\/libreria\/wp-json\/wp\/v2\/media?parent=10630"}],"wp:term":[{"taxonomy":"product_cat","embeddable":true,"href":"https:\/\/edimeinter.com\/libreria\/wp-json\/wp\/v2\/product_cat?post=10630"},{"taxonomy":"product_tag","embeddable":true,"href":"https:\/\/edimeinter.com\/libreria\/wp-json\/wp\/v2\/product_tag?post=10630"}],"curies":[{"name":"wp","href":"https:\/\/api.w.org\/{rel}","templated":true}]}}