{"id":10642,"date":"2025-02-05T18:33:18","date_gmt":"2025-02-05T18:33:18","guid":{"rendered":"https:\/\/edimeinter.com\/libreria\/?post_type=product&#038;p=10642"},"modified":"2025-12-19T22:42:40","modified_gmt":"2025-12-19T22:42:40","slug":"diagnostico-por-imagenes-en-gastroenterologia-1a-edicion","status":"publish","type":"product","link":"https:\/\/edimeinter.com\/libreria\/product\/diagnostico-por-imagenes-en-gastroenterologia-1a-edicion\/","title":{"rendered":"Diagn\u00f3stico por im\u00e1genes en gastroenterolog\u00eda. 1\u00aa Edici\u00f3n"},"content":{"rendered":"\t\t<div data-elementor-type=\"wp-post\" data-elementor-id=\"10642\" class=\"elementor elementor-10642\">\n\t\t\t\t<div class=\"elementor-element elementor-element-2612b12 e-flex e-con-boxed e-con e-parent\" data-id=\"2612b12\" data-element_type=\"container\" data-e-type=\"container\">\n\t\t\t\t\t<div class=\"e-con-inner\">\n\t\t\n\t\t<div class=\"elementor-element elementor-element-498707ae elementor-widget elementor-widget-text-editor\" data-id=\"498707ae\" data-element_type=\"widget\" data-e-type=\"widget\" data-widget_type=\"text-editor.default\">\n\t\t\t\t<div class=\"elementor-widget-container\">\n\t\t\t\t\t\t\t\t\t<p>La serie de libros del Dr. Kenji Kimura ofrece una selecci\u00f3n de los casos cl\u00ednicos radiol\u00f3gicos recopilados durante sus m\u00e1s de 40 a\u00f1os de pr\u00e1ctica profesional. Los casos se encuentran distribuidos al azar -como ocurre en la pr\u00e1ctica diaria- y presentan diferentes grados de dificultad: desde los m\u00e1s sencillos hasta los que requieren de experiencia y sagacidad para descubrir signos y hallazgos sutiles a la hora de arribar a un diagn\u00f3stico.<\/p><p>En cada volumen se presentan inicialmente las im\u00e1genes y los datos cl\u00ednicos claves de cada caso, lo que permite al lector ensayar un diagn\u00f3stico presuntivo. Posteriormente, se ofrece el diagn\u00f3stico final acompa\u00f1ado de una discusi\u00f3n minuciosa, documentada con bibliograf\u00eda actualizada. Se trata de una serie de lectura \u00e1gil y amena, y con un enorme valor did\u00e1ctico.<\/p>\t\t\t\t\t\t\t\t<\/div>\n\t\t\t\t<\/div>\n\t\t\t\t\t<\/div>\n\t\t\t\t<\/div>\n\t\t\t\t<\/div>\n\t\t","protected":false},"excerpt":{"rendered":"<p><strong>Autores:<\/strong>\u00a0Kimura Fujikami, Kenji Pozzo Salvatierra, Byanka Criales Cort\u00e9s, Jos\u00e9 Luis<br \/>\n<strong>ISBN:<\/strong>\u00a09789878452142<br \/>\n<strong>Editorial:<\/strong>\u00a0Ediciones Journal<br \/>\n<strong>Edici\u00f3n:<\/strong>\u00a01\u00aa<br \/>\n<strong>Especialidad<\/strong>: Diagn\u00f3stico por Imagen<br \/>\n<strong>P\u00e1ginas<\/strong>: 571<br \/>\n\u00a9 2022<\/p>\n","protected":false},"featured_media":10643,"comment_status":"open","ping_status":"closed","template":"","meta":{"_joinchat":[]},"product_cat":[80],"product_tag":[81,110],"class_list":{"0":"post-10642","1":"product","2":"type-product","3":"status-publish","4":"has-post-thumbnail","6":"product_cat-diagnostico-por-imagenes","7":"product_tag-diagnostico-por-imagenes","8":"product_tag-ediciones-journal","10":"first","11":"instock","12":"featured","13":"taxable","14":"shipping-taxable","15":"purchasable","16":"product-type-simple"},"_links":{"self":[{"href":"https:\/\/edimeinter.com\/libreria\/wp-json\/wp\/v2\/product\/10642","targetHints":{"allow":["GET"]}}],"collection":[{"href":"https:\/\/edimeinter.com\/libreria\/wp-json\/wp\/v2\/product"}],"about":[{"href":"https:\/\/edimeinter.com\/libreria\/wp-json\/wp\/v2\/types\/product"}],"replies":[{"embeddable":true,"href":"https:\/\/edimeinter.com\/libreria\/wp-json\/wp\/v2\/comments?post=10642"}],"version-history":[{"count":1,"href":"https:\/\/edimeinter.com\/libreria\/wp-json\/wp\/v2\/product\/10642\/revisions"}],"predecessor-version":[{"id":15019,"href":"https:\/\/edimeinter.com\/libreria\/wp-json\/wp\/v2\/product\/10642\/revisions\/15019"}],"wp:featuredmedia":[{"embeddable":true,"href":"https:\/\/edimeinter.com\/libreria\/wp-json\/wp\/v2\/media\/10643"}],"wp:attachment":[{"href":"https:\/\/edimeinter.com\/libreria\/wp-json\/wp\/v2\/media?parent=10642"}],"wp:term":[{"taxonomy":"product_cat","embeddable":true,"href":"https:\/\/edimeinter.com\/libreria\/wp-json\/wp\/v2\/product_cat?post=10642"},{"taxonomy":"product_tag","embeddable":true,"href":"https:\/\/edimeinter.com\/libreria\/wp-json\/wp\/v2\/product_tag?post=10642"}],"curies":[{"name":"wp","href":"https:\/\/api.w.org\/{rel}","templated":true}]}}