{"id":10648,"date":"2025-02-05T18:40:36","date_gmt":"2025-02-05T18:40:36","guid":{"rendered":"https:\/\/edimeinter.com\/libreria\/?post_type=product&#038;p=10648"},"modified":"2025-03-03T00:46:56","modified_gmt":"2025-03-03T00:46:56","slug":"diabetes-mellitus-y-rinon-1a-edicion","status":"publish","type":"product","link":"https:\/\/edimeinter.com\/libreria\/product\/diabetes-mellitus-y-rinon-1a-edicion\/","title":{"rendered":"Diabetes mellitus y ri\u00f1\u00f3n. 1\u00aa Edici\u00f3n"},"content":{"rendered":"\t\t<div data-elementor-type=\"wp-post\" data-elementor-id=\"10648\" class=\"elementor elementor-10648\">\n\t\t\t\t<div class=\"elementor-element elementor-element-2612b12 e-flex e-con-boxed e-con e-parent\" data-id=\"2612b12\" data-element_type=\"container\" data-e-type=\"container\">\n\t\t\t\t\t<div class=\"e-con-inner\">\n\t\t\n\t\t<div class=\"elementor-element elementor-element-498707ae elementor-widget elementor-widget-text-editor\" data-id=\"498707ae\" data-element_type=\"widget\" data-e-type=\"widget\" data-widget_type=\"text-editor.default\">\n\t\t\t\t<div class=\"elementor-widget-container\">\n\t\t\t\t\t\t\t\t\t<p>Diabetes mellitus y ri\u00f1\u00f3n: Enfoque transdisciplinario presenta un nuevo abordaje de la diabetes mellitus en general y de la enfermedad renal diab\u00e9tica, en particular.<\/p><p>Este libro est\u00e1 auspiciado por la Sociedad Argentina de Diabetes (SAD) y la Sociedad Argentina de Nefrolog\u00eda (SAN), y cuenta con la participaci\u00f3n de especialistas de diferentes disciplinas que aportan una mirada amplia en el tratamiento y manejo de los pacientes.<\/p><p>Diabetes mellitus y ri\u00f1\u00f3n: Enfoque transdisciplinario est\u00e1 dirigido a nefr\u00f3logos, diabet\u00f3logos, endocrin\u00f3logos, nutricionistas, cl\u00ednicos, cirujanos, internistas y cardi\u00f3logos.<\/p>\t\t\t\t\t\t\t\t<\/div>\n\t\t\t\t<\/div>\n\t\t\t\t\t<\/div>\n\t\t\t\t<\/div>\n\t\t\t\t<\/div>\n\t\t","protected":false},"excerpt":{"rendered":"<p><strong>Autores:<\/strong>\u00a0Elbert, Alicia<br \/>\n<strong>ISBN:<\/strong>\u00a09789878452203<br \/>\n<strong>Editorial:<\/strong>\u00a0Ediciones Journal<br \/>\n<strong>Edici\u00f3n:<\/strong>\u00a01\u00aa<br \/>\n<strong>Especialidad<\/strong>: Nefrolog\u00eda<br \/>\n<strong>P\u00e1ginas<\/strong>: 389<br \/>\n\u00a9 2022<\/p>\n","protected":false},"featured_media":10649,"comment_status":"open","ping_status":"open","template":"","meta":{"_joinchat":[]},"product_cat":[113],"product_tag":[110,114],"class_list":{"0":"post-10648","1":"product","2":"type-product","3":"status-publish","4":"has-post-thumbnail","6":"product_cat-nefrologia-clinica","7":"product_tag-ediciones-journal","8":"product_tag-nefrologia-clinica","10":"first","11":"instock","12":"featured","13":"taxable","14":"shipping-taxable","15":"purchasable","16":"product-type-simple"},"_links":{"self":[{"href":"https:\/\/edimeinter.com\/libreria\/wp-json\/wp\/v2\/product\/10648","targetHints":{"allow":["GET"]}}],"collection":[{"href":"https:\/\/edimeinter.com\/libreria\/wp-json\/wp\/v2\/product"}],"about":[{"href":"https:\/\/edimeinter.com\/libreria\/wp-json\/wp\/v2\/types\/product"}],"replies":[{"embeddable":true,"href":"https:\/\/edimeinter.com\/libreria\/wp-json\/wp\/v2\/comments?post=10648"}],"version-history":[{"count":1,"href":"https:\/\/edimeinter.com\/libreria\/wp-json\/wp\/v2\/product\/10648\/revisions"}],"predecessor-version":[{"id":15020,"href":"https:\/\/edimeinter.com\/libreria\/wp-json\/wp\/v2\/product\/10648\/revisions\/15020"}],"wp:featuredmedia":[{"embeddable":true,"href":"https:\/\/edimeinter.com\/libreria\/wp-json\/wp\/v2\/media\/10649"}],"wp:attachment":[{"href":"https:\/\/edimeinter.com\/libreria\/wp-json\/wp\/v2\/media?parent=10648"}],"wp:term":[{"taxonomy":"product_cat","embeddable":true,"href":"https:\/\/edimeinter.com\/libreria\/wp-json\/wp\/v2\/product_cat?post=10648"},{"taxonomy":"product_tag","embeddable":true,"href":"https:\/\/edimeinter.com\/libreria\/wp-json\/wp\/v2\/product_tag?post=10648"}],"curies":[{"name":"wp","href":"https:\/\/api.w.org\/{rel}","templated":true}]}}