{"id":10676,"date":"2025-02-05T19:19:03","date_gmt":"2025-02-05T19:19:03","guid":{"rendered":"https:\/\/edimeinter.com\/libreria\/?post_type=product&#038;p=10676"},"modified":"2026-01-25T23:47:03","modified_gmt":"2026-01-25T23:47:03","slug":"manual-de-neurocirugia-9a-edicion","status":"publish","type":"product","link":"https:\/\/edimeinter.com\/libreria\/product\/manual-de-neurocirugia-9a-edicion\/","title":{"rendered":"Manual de Neurocirug\u00eda. 9\u00aa Edici\u00f3n"},"content":{"rendered":"\t\t<div data-elementor-type=\"wp-post\" data-elementor-id=\"10676\" class=\"elementor elementor-10676\">\n\t\t\t\t<div class=\"elementor-element elementor-element-2612b12 e-flex e-con-boxed e-con e-parent\" data-id=\"2612b12\" data-element_type=\"container\" data-e-type=\"container\">\n\t\t\t\t\t<div class=\"e-con-inner\">\n\t\t\n\t\t<div class=\"elementor-element elementor-element-498707ae elementor-widget elementor-widget-text-editor\" data-id=\"498707ae\" data-element_type=\"widget\" data-e-type=\"widget\" data-widget_type=\"text-editor.default\">\n\t\t\t\t<div class=\"elementor-widget-container\">\n\t\t\t\t\t\t\t\t\t<p>Manual de Neurocirug\u00eda de Mark S. Greenberg es el manual de Neurocirug\u00eda m\u00e1s completo que se haya publicado hasta la fecha y ha sido el libro de cabecera de la especialidad durante m\u00e1s de un cuarto de siglo. Esta tercera edici\u00f3n en espa\u00f1ol (novena edici\u00f3n en ingl\u00e9s) se ha ampliado y actualizado en su totalidad.<\/p><p>La tercera edici\u00f3n en espa\u00f1ol del Manual de Neurocirug\u00eda (novena edici\u00f3n en ingl\u00e9s) es una obra de referencia indispensable para los residentes de Neurocirug\u00eda y para todos los profesionales de las neurociencias cl\u00ednicas.<\/p><p>Mark S. Greenberg, MD, FAANS, es Profesor Adjunto y Director del Programa de Formaci\u00f3n de Residentes de Neurocirug\u00eda, Departamento de Neurocirug\u00eda y Reparaci\u00f3n Cerebral, Facultad de Medicina Morsani, Universidad del Sur de Florida. Tampa, Florida, Estados Unidos.<\/p>\t\t\t\t\t\t\t\t<\/div>\n\t\t\t\t<\/div>\n\t\t\t\t\t<\/div>\n\t\t\t\t<\/div>\n\t\t\t\t<\/div>\n\t\t","protected":false},"excerpt":{"rendered":"<p><strong>Autores:<\/strong>\u00a0Greenberg, Mark<br \/>\n<strong>ISBN:<\/strong>\u00a09789878452029<br \/>\n<strong>Editorial:<\/strong>\u00a0Ediciones Journal<br \/>\n<strong>Edici\u00f3n:<\/strong>\u00a09\u00aa<br \/>\n<strong>Especialidad<\/strong>:\u00a0Neurocirug\u00eda<br \/>\n<strong>P\u00e1ginas<\/strong>: 1636<br \/>\n\u00a9 2022<\/p>\n","protected":false},"featured_media":10677,"comment_status":"open","ping_status":"closed","template":"","meta":{"_joinchat":[]},"product_cat":[185],"product_tag":[110,186],"class_list":{"0":"post-10676","1":"product","2":"type-product","3":"status-publish","4":"has-post-thumbnail","6":"product_cat-neurocirugia","7":"product_tag-ediciones-journal","8":"product_tag-neurocirugia","10":"first","11":"instock","12":"featured","13":"taxable","14":"shipping-taxable","15":"purchasable","16":"product-type-simple"},"_links":{"self":[{"href":"https:\/\/edimeinter.com\/libreria\/wp-json\/wp\/v2\/product\/10676","targetHints":{"allow":["GET"]}}],"collection":[{"href":"https:\/\/edimeinter.com\/libreria\/wp-json\/wp\/v2\/product"}],"about":[{"href":"https:\/\/edimeinter.com\/libreria\/wp-json\/wp\/v2\/types\/product"}],"replies":[{"embeddable":true,"href":"https:\/\/edimeinter.com\/libreria\/wp-json\/wp\/v2\/comments?post=10676"}],"version-history":[{"count":1,"href":"https:\/\/edimeinter.com\/libreria\/wp-json\/wp\/v2\/product\/10676\/revisions"}],"predecessor-version":[{"id":15027,"href":"https:\/\/edimeinter.com\/libreria\/wp-json\/wp\/v2\/product\/10676\/revisions\/15027"}],"wp:featuredmedia":[{"embeddable":true,"href":"https:\/\/edimeinter.com\/libreria\/wp-json\/wp\/v2\/media\/10677"}],"wp:attachment":[{"href":"https:\/\/edimeinter.com\/libreria\/wp-json\/wp\/v2\/media?parent=10676"}],"wp:term":[{"taxonomy":"product_cat","embeddable":true,"href":"https:\/\/edimeinter.com\/libreria\/wp-json\/wp\/v2\/product_cat?post=10676"},{"taxonomy":"product_tag","embeddable":true,"href":"https:\/\/edimeinter.com\/libreria\/wp-json\/wp\/v2\/product_tag?post=10676"}],"curies":[{"name":"wp","href":"https:\/\/api.w.org\/{rel}","templated":true}]}}