{"id":10688,"date":"2025-02-05T19:27:17","date_gmt":"2025-02-05T19:27:17","guid":{"rendered":"https:\/\/edimeinter.com\/libreria\/?post_type=product&#038;p=10688"},"modified":"2025-03-03T02:54:42","modified_gmt":"2025-03-03T02:54:42","slug":"dermatosis-ampollares-autoinmunes-haga-su-diagnostico","status":"publish","type":"product","link":"https:\/\/edimeinter.com\/libreria\/product\/dermatosis-ampollares-autoinmunes-haga-su-diagnostico\/","title":{"rendered":"Dermatosis ampollares autoinmunes: Haga su diagn\u00f3stico. 1\u00aa Edici\u00f3n"},"content":{"rendered":"\t\t<div data-elementor-type=\"wp-post\" data-elementor-id=\"10688\" class=\"elementor elementor-10688\">\n\t\t\t\t<div class=\"elementor-element elementor-element-2612b12 e-flex e-con-boxed e-con e-parent\" data-id=\"2612b12\" data-element_type=\"container\" data-e-type=\"container\">\n\t\t\t\t\t<div class=\"e-con-inner\">\n\t\t\n\t\t<div class=\"elementor-element elementor-element-498707ae elementor-widget elementor-widget-text-editor\" data-id=\"498707ae\" data-element_type=\"widget\" data-e-type=\"widget\" data-widget_type=\"text-editor.default\">\n\t\t\t\t<div class=\"elementor-widget-container\">\n\t\t\t\t\t\t\t\t\t<p>Dermatosis ampollares autoinmunes | Haga su diagn\u00f3stico es una obra novedosa en su tem\u00e1tica, que ofrece un aporte did\u00e1ctico a la comprensi\u00f3n del complejo grupo de las dermatosis ampollares autoinmunes. En ella han colaborado destacados referentes nacionales e iberolatinoamericanos, que aportaron su experiencia y conocimientos.<\/p><p>El abordaje est\u00e1 estructurado en dos secciones. En la primera se desarrolla el contenido referente a la fisiopatolog\u00eda, histopatolog\u00eda, inmunofluorescencia, serolog\u00edas y otros m\u00e9todos diagn\u00f3sticos. En la segunda secci\u00f3n, a partir de casos cl\u00ednicos, el lector descubrir\u00e1 las pistas diagn\u00f3sticas que lo llevar\u00e1n al desarrollo de cada tema. Para ello, dispone de gr\u00e1ficos, ilustraciones y fotograf\u00edas de excelente calidad, que convierten al libro en una herramienta \u00e1gil y sencilla para el abordaje cl\u00ednico, diagn\u00f3stico y terap\u00e9utico.<\/p>\t\t\t\t\t\t\t\t<\/div>\n\t\t\t\t<\/div>\n\t\t\t\t\t<\/div>\n\t\t\t\t<\/div>\n\t\t\t\t<\/div>\n\t\t","protected":false},"excerpt":{"rendered":"<p><strong>Autores:<\/strong>\u00a0Candiz, Mar\u00eda Emilia Forero, Olga Olivares, Liliana<br \/>\n<strong>ISBN:<\/strong>\u00a09789878452098<br \/>\n<strong>Editorial:<\/strong>\u00a0Ediciones Journal<br \/>\n<strong>Edici\u00f3n:<\/strong>\u00a01\u00aa<br \/>\n<strong>Especialidad<\/strong>:\u00a0Dermatolog\u00eda<br \/>\n<strong>P\u00e1ginas<\/strong>: 320<br \/>\n\u00a9 2022<\/p>\n","protected":false},"featured_media":10689,"comment_status":"open","ping_status":"open","template":"","meta":{"_joinchat":[]},"product_cat":[108],"product_tag":[109,110],"class_list":{"0":"post-10688","1":"product","2":"type-product","3":"status-publish","4":"has-post-thumbnail","6":"product_cat-dermatologia","7":"product_tag-dermatologia","8":"product_tag-ediciones-journal","10":"first","11":"instock","12":"featured","13":"taxable","14":"shipping-taxable","15":"purchasable","16":"product-type-simple"},"_links":{"self":[{"href":"https:\/\/edimeinter.com\/libreria\/wp-json\/wp\/v2\/product\/10688","targetHints":{"allow":["GET"]}}],"collection":[{"href":"https:\/\/edimeinter.com\/libreria\/wp-json\/wp\/v2\/product"}],"about":[{"href":"https:\/\/edimeinter.com\/libreria\/wp-json\/wp\/v2\/types\/product"}],"replies":[{"embeddable":true,"href":"https:\/\/edimeinter.com\/libreria\/wp-json\/wp\/v2\/comments?post=10688"}],"version-history":[{"count":1,"href":"https:\/\/edimeinter.com\/libreria\/wp-json\/wp\/v2\/product\/10688\/revisions"}],"predecessor-version":[{"id":15029,"href":"https:\/\/edimeinter.com\/libreria\/wp-json\/wp\/v2\/product\/10688\/revisions\/15029"}],"wp:featuredmedia":[{"embeddable":true,"href":"https:\/\/edimeinter.com\/libreria\/wp-json\/wp\/v2\/media\/10689"}],"wp:attachment":[{"href":"https:\/\/edimeinter.com\/libreria\/wp-json\/wp\/v2\/media?parent=10688"}],"wp:term":[{"taxonomy":"product_cat","embeddable":true,"href":"https:\/\/edimeinter.com\/libreria\/wp-json\/wp\/v2\/product_cat?post=10688"},{"taxonomy":"product_tag","embeddable":true,"href":"https:\/\/edimeinter.com\/libreria\/wp-json\/wp\/v2\/product_tag?post=10688"}],"curies":[{"name":"wp","href":"https:\/\/api.w.org\/{rel}","templated":true}]}}