{"id":10727,"date":"2025-02-05T20:14:02","date_gmt":"2025-02-05T20:14:02","guid":{"rendered":"https:\/\/edimeinter.com\/libreria\/?post_type=product&#038;p=10727"},"modified":"2025-03-09T20:24:24","modified_gmt":"2025-03-09T20:24:24","slug":"neurointensivismo-enfoque-clinico-diagnostico-y-terapeutica-incluye-ebook-2a-edicion","status":"publish","type":"product","link":"https:\/\/edimeinter.com\/libreria\/product\/neurointensivismo-enfoque-clinico-diagnostico-y-terapeutica-incluye-ebook-2a-edicion\/","title":{"rendered":"Neurointensivismo. Enfoque cl\u00ednico, diagn\u00f3stico y terap\u00e9utica. Incluye eBook. 2\u00aa Edici\u00f3n"},"content":{"rendered":"\t\t<div data-elementor-type=\"wp-post\" data-elementor-id=\"10727\" class=\"elementor elementor-10727\">\n\t\t\t\t<div class=\"elementor-element elementor-element-2612b12 e-flex e-con-boxed e-con e-parent\" data-id=\"2612b12\" data-element_type=\"container\" data-e-type=\"container\">\n\t\t\t\t\t<div class=\"e-con-inner\">\n\t\t\n\t\t<div class=\"elementor-element elementor-element-498707ae elementor-widget elementor-widget-text-editor\" data-id=\"498707ae\" data-element_type=\"widget\" data-e-type=\"widget\" data-widget_type=\"text-editor.default\">\n\t\t\t\t<div class=\"elementor-widget-container\">\n\t\t\t\t\t\t\t\t\t<p class=\"font-light !leading-[22px] tracking-[1.12px] text-base mb-3 text-gray-500\">El neurointensivismo\u00a0cuenta con unas pocas d\u00e9cadas de antig\u00fcedad en el mundo, y un hito destacado de los comienzos de este campo de la medicina se remonta a m\u00e1s de 60 a\u00f1os cuando Nils Lundberg, en Suecia, describi\u00f3 la metodolog\u00eda para la medici\u00f3n continua de la presi\u00f3n intracraneal (PIC), sus ondas y el tratamiento de la PIC elevada. Desde entonces, han sido incontables y continuos los avances en las neuroim\u00e1genes, el conocimiento fisiopatol\u00f3gico de las lesiones cerebrales, la neuromonitorizaci\u00f3n y el tratamiento m\u00e9dico y quir\u00fargico de los procesos neurol\u00f3gicos y neuroquir\u00fargicos cr\u00edticos. De este modo, el neurointensivismo se ha consolidado como una subespecialidad o un \u00e1rea de capacitaci\u00f3n espec\u00edfica y compleja dentro de la terapia intensiva.<\/p><p class=\"font-light !leading-[22px] tracking-[1.12px] text-base mb-3 text-gray-500\">Su historia en la Argentina es m\u00e1s reciente y comienza en 1995 con la creaci\u00f3n del grupo de trabajo del paciente neurocr\u00edtico (GTN) y, en 1996, con el Comit\u00e9 de Neurointensivismo de la Sociedad Argentina de Terapia Intensiva (SATI) que, desde ese momento, ha trabajado de manera permanente en la investigaci\u00f3n, la docencia, la realizaci\u00f3n de congresos, jornadas y cursos de neurointensivismo, as\u00ed como en el desarrollo de consensos intersocietarios.<\/p><p class=\"font-light !leading-[22px] tracking-[1.12px] text-base mb-3 text-gray-500\">Pasaron m\u00e1s de 13 a\u00f1os desde la aparici\u00f3n de la primera edici\u00f3n de Neurointensivismo, Enfoque cl\u00ednico, diagn\u00f3stico y terap\u00e9utica y, en esta segunda edici\u00f3n, el Comit\u00e9 de Neurointensivismo de la SATI presenta un tratado actualizado que aborda de forma rigurosa los conocimientos actuales sobre esta disciplina.<\/p>\t\t\t\t\t\t\t\t<\/div>\n\t\t\t\t<\/div>\n\t\t\t\t\t<\/div>\n\t\t\t\t<\/div>\n\t\t\t\t<\/div>\n\t\t","protected":false},"excerpt":{"rendered":"<p><strong>Autores:\u00a0<\/strong>SATI \u2013 (Sociedad Argentina de Terapia Intensiva)<br \/>\n<strong>ISBN:<\/strong>\u00a09789500697323<br \/>\n<strong>Editorial:<\/strong>\u00a0Panamericana<br \/>\n<strong>Edici\u00f3n:<\/strong>\u00a02\u00aa<br \/>\n<strong>Especialidad<\/strong>: Cuidados Intensivos y Medicina Cr\u00edtica<br \/>\n<strong>P\u00e1ginas<\/strong>:\u00a0846<br \/>\n\u00a9 2024<\/p>\n","protected":false},"featured_media":10728,"comment_status":"open","ping_status":"open","template":"","meta":{"_joinchat":[]},"product_cat":[179,189],"product_tag":[240,180,190,70],"class_list":{"0":"post-10727","1":"product","2":"type-product","3":"status-publish","4":"has-post-thumbnail","6":"product_cat-cuidados-intensivos","7":"product_cat-medicina-critica","8":"product_tag-240","9":"product_tag-cuidados-intensivos","10":"product_tag-medicina-critica","11":"product_tag-panamericana","13":"first","14":"instock","15":"featured","16":"taxable","17":"shipping-taxable","18":"purchasable","19":"product-type-simple"},"_links":{"self":[{"href":"https:\/\/edimeinter.com\/libreria\/wp-json\/wp\/v2\/product\/10727","targetHints":{"allow":["GET"]}}],"collection":[{"href":"https:\/\/edimeinter.com\/libreria\/wp-json\/wp\/v2\/product"}],"about":[{"href":"https:\/\/edimeinter.com\/libreria\/wp-json\/wp\/v2\/types\/product"}],"replies":[{"embeddable":true,"href":"https:\/\/edimeinter.com\/libreria\/wp-json\/wp\/v2\/comments?post=10727"}],"version-history":[{"count":1,"href":"https:\/\/edimeinter.com\/libreria\/wp-json\/wp\/v2\/product\/10727\/revisions"}],"predecessor-version":[{"id":15035,"href":"https:\/\/edimeinter.com\/libreria\/wp-json\/wp\/v2\/product\/10727\/revisions\/15035"}],"wp:featuredmedia":[{"embeddable":true,"href":"https:\/\/edimeinter.com\/libreria\/wp-json\/wp\/v2\/media\/10728"}],"wp:attachment":[{"href":"https:\/\/edimeinter.com\/libreria\/wp-json\/wp\/v2\/media?parent=10727"}],"wp:term":[{"taxonomy":"product_cat","embeddable":true,"href":"https:\/\/edimeinter.com\/libreria\/wp-json\/wp\/v2\/product_cat?post=10727"},{"taxonomy":"product_tag","embeddable":true,"href":"https:\/\/edimeinter.com\/libreria\/wp-json\/wp\/v2\/product_tag?post=10727"}],"curies":[{"name":"wp","href":"https:\/\/api.w.org\/{rel}","templated":true}]}}