{"id":10734,"date":"2025-02-05T20:17:05","date_gmt":"2025-02-05T20:17:05","guid":{"rendered":"https:\/\/edimeinter.com\/libreria\/?post_type=product&#038;p=10734"},"modified":"2025-03-09T20:24:19","modified_gmt":"2025-03-09T20:24:19","slug":"atencion-al-paciente-neurocritico-incluye-ebook-1a-edicion","status":"publish","type":"product","link":"https:\/\/edimeinter.com\/libreria\/product\/atencion-al-paciente-neurocritico-incluye-ebook-1a-edicion\/","title":{"rendered":"Atenci\u00f3n al Paciente Neurocr\u00edtico. Incluye eBook. 1\u00aa Edici\u00f3n"},"content":{"rendered":"\t\t<div data-elementor-type=\"wp-post\" data-elementor-id=\"10734\" class=\"elementor elementor-10734\">\n\t\t\t\t<div class=\"elementor-element elementor-element-2612b12 e-flex e-con-boxed e-con e-parent\" data-id=\"2612b12\" data-element_type=\"container\" data-e-type=\"container\">\n\t\t\t\t\t<div class=\"e-con-inner\">\n\t\t\n\t\t<div class=\"elementor-element elementor-element-498707ae elementor-widget elementor-widget-text-editor\" data-id=\"498707ae\" data-element_type=\"widget\" data-e-type=\"widget\" data-widget_type=\"text-editor.default\">\n\t\t\t\t<div class=\"elementor-widget-container\">\n\t\t\t\t\t\t\t\t\t<p class=\"font-light !leading-[22px] tracking-[1.12px] text-base mb-3 text-gray-500\">El auge del conocimiento y el uso de las nuevas tecnolog\u00edas en el manejo y tratamiento de las enfermedades neurol\u00f3gicas en unidades de neurocr\u00edticos, durante la \u00faltima d\u00e9cada, hace necesaria una completa revisi\u00f3n con el objetivo de que todas las especialidades que las atiendan lo hagan de forma integral.<\/p>\t\t\t\t\t\t\t\t<\/div>\n\t\t\t\t<\/div>\n\t\t\t\t\t<\/div>\n\t\t\t\t<\/div>\n\t\t\t\t<\/div>\n\t\t","protected":false},"excerpt":{"rendered":"<p><strong>Autores:\u00a0<\/strong>Luisa Corral Ansa,Pere Cardona Portela<br \/>\n<strong>ISBN:<\/strong>\u00a09788411061292<br \/>\n<strong>Editorial:<\/strong>\u00a0Panamericana<br \/>\n<strong>Edici\u00f3n:<\/strong>\u00a01\u00aa<br \/>\n<strong>Especialidad<\/strong>: Cuidados Intensivos y Medicina Cr\u00edtica<br \/>\n<strong>P\u00e1ginas<\/strong>: 352<br \/>\n\u00a9 2024<\/p>\n","protected":false},"featured_media":10735,"comment_status":"open","ping_status":"open","template":"","meta":{"_joinchat":[]},"product_cat":[179,189],"product_tag":[240,180,190,70],"class_list":{"0":"post-10734","1":"product","2":"type-product","3":"status-publish","4":"has-post-thumbnail","6":"product_cat-cuidados-intensivos","7":"product_cat-medicina-critica","8":"product_tag-240","9":"product_tag-cuidados-intensivos","10":"product_tag-medicina-critica","11":"product_tag-panamericana","13":"first","14":"instock","15":"featured","16":"taxable","17":"shipping-taxable","18":"purchasable","19":"product-type-simple"},"_links":{"self":[{"href":"https:\/\/edimeinter.com\/libreria\/wp-json\/wp\/v2\/product\/10734","targetHints":{"allow":["GET"]}}],"collection":[{"href":"https:\/\/edimeinter.com\/libreria\/wp-json\/wp\/v2\/product"}],"about":[{"href":"https:\/\/edimeinter.com\/libreria\/wp-json\/wp\/v2\/types\/product"}],"replies":[{"embeddable":true,"href":"https:\/\/edimeinter.com\/libreria\/wp-json\/wp\/v2\/comments?post=10734"}],"version-history":[{"count":1,"href":"https:\/\/edimeinter.com\/libreria\/wp-json\/wp\/v2\/product\/10734\/revisions"}],"predecessor-version":[{"id":15036,"href":"https:\/\/edimeinter.com\/libreria\/wp-json\/wp\/v2\/product\/10734\/revisions\/15036"}],"wp:featuredmedia":[{"embeddable":true,"href":"https:\/\/edimeinter.com\/libreria\/wp-json\/wp\/v2\/media\/10735"}],"wp:attachment":[{"href":"https:\/\/edimeinter.com\/libreria\/wp-json\/wp\/v2\/media?parent=10734"}],"wp:term":[{"taxonomy":"product_cat","embeddable":true,"href":"https:\/\/edimeinter.com\/libreria\/wp-json\/wp\/v2\/product_cat?post=10734"},{"taxonomy":"product_tag","embeddable":true,"href":"https:\/\/edimeinter.com\/libreria\/wp-json\/wp\/v2\/product_tag?post=10734"}],"curies":[{"name":"wp","href":"https:\/\/api.w.org\/{rel}","templated":true}]}}