{"id":10746,"date":"2025-02-05T20:24:31","date_gmt":"2025-02-05T20:24:31","guid":{"rendered":"https:\/\/edimeinter.com\/libreria\/?post_type=product&#038;p=10746"},"modified":"2025-03-09T20:23:43","modified_gmt":"2025-03-09T20:23:43","slug":"medicina-intensiva-evidencia-y-experiencia-incluye-ebook-1a-edicion","status":"publish","type":"product","link":"https:\/\/edimeinter.com\/libreria\/product\/medicina-intensiva-evidencia-y-experiencia-incluye-ebook-1a-edicion\/","title":{"rendered":"Medicina Intensiva. Evidencia y Experiencia. Incluye eBook. 1\u00aa Edici\u00f3n"},"content":{"rendered":"\t\t<div data-elementor-type=\"wp-post\" data-elementor-id=\"10746\" class=\"elementor elementor-10746\">\n\t\t\t\t<div class=\"elementor-element elementor-element-2612b12 e-flex e-con-boxed e-con e-parent\" data-id=\"2612b12\" data-element_type=\"container\" data-e-type=\"container\">\n\t\t\t\t\t<div class=\"e-con-inner\">\n\t\t\n\t\t<div class=\"elementor-element elementor-element-498707ae elementor-widget elementor-widget-text-editor\" data-id=\"498707ae\" data-element_type=\"widget\" data-e-type=\"widget\" data-widget_type=\"text-editor.default\">\n\t\t\t\t<div class=\"elementor-widget-container\">\n\t\t\t\t\t\t\t\t\t<p class=\"font-light !leading-[22px] tracking-[1.12px] text-base mb-3 text-gray-500\">Desde sus comienzos en los a\u00f1os cincuenta del siglo XX con la pandemia de poliomielitis, la Medicina Intensiva mantiene una continua expansi\u00f3n asentada en el desarrollo tecnol\u00f3gico y el trinomio formado por profesionales, pacientes y familiares. En la actualidad, los m\u00e9dicos intensivistas son actores protagonistas de la vida hospitalaria, avalados por el conocimiento derivado del estudio de la evidencia cient\u00edfica y el an\u00e1lisis reflexivo de la propia experiencia acumulada.<\/p>\t\t\t\t\t\t\t\t<\/div>\n\t\t\t\t<\/div>\n\t\t\t\t\t<\/div>\n\t\t\t\t<\/div>\n\t\t\t\t<\/div>\n\t\t","protected":false},"excerpt":{"rendered":"<p><strong>Autores:\u00a0<\/strong>Jes\u00fas Andr\u00e9s \u00c1lvarez Fern\u00e1ndez, Jos\u00e9 Carlos Ige\u00f1o Cano, Josep Trenado \u00c1lvarez<br \/>\n<strong>ISBN:<\/strong>\u00a09788411061162<br \/>\n<strong>Editorial:<\/strong>\u00a0Panamericana<br \/>\n<strong>Edici\u00f3n:<\/strong>\u00a01\u00aa<br \/>\n<strong>Especialidad<\/strong>: Cuidados Intensivos y Medicina Cr\u00edtica<br \/>\n<strong>P\u00e1ginas<\/strong>: 1376<br \/>\n\u00a9 2024<\/p>\n","protected":false},"featured_media":10747,"comment_status":"open","ping_status":"open","template":"","meta":{"_joinchat":[]},"product_cat":[179,189],"product_tag":[240,180,190,70],"class_list":{"0":"post-10746","1":"product","2":"type-product","3":"status-publish","4":"has-post-thumbnail","6":"product_cat-cuidados-intensivos","7":"product_cat-medicina-critica","8":"product_tag-240","9":"product_tag-cuidados-intensivos","10":"product_tag-medicina-critica","11":"product_tag-panamericana","13":"first","14":"instock","15":"featured","16":"taxable","17":"shipping-taxable","18":"purchasable","19":"product-type-simple"},"_links":{"self":[{"href":"https:\/\/edimeinter.com\/libreria\/wp-json\/wp\/v2\/product\/10746","targetHints":{"allow":["GET"]}}],"collection":[{"href":"https:\/\/edimeinter.com\/libreria\/wp-json\/wp\/v2\/product"}],"about":[{"href":"https:\/\/edimeinter.com\/libreria\/wp-json\/wp\/v2\/types\/product"}],"replies":[{"embeddable":true,"href":"https:\/\/edimeinter.com\/libreria\/wp-json\/wp\/v2\/comments?post=10746"}],"version-history":[{"count":1,"href":"https:\/\/edimeinter.com\/libreria\/wp-json\/wp\/v2\/product\/10746\/revisions"}],"predecessor-version":[{"id":15038,"href":"https:\/\/edimeinter.com\/libreria\/wp-json\/wp\/v2\/product\/10746\/revisions\/15038"}],"wp:featuredmedia":[{"embeddable":true,"href":"https:\/\/edimeinter.com\/libreria\/wp-json\/wp\/v2\/media\/10747"}],"wp:attachment":[{"href":"https:\/\/edimeinter.com\/libreria\/wp-json\/wp\/v2\/media?parent=10746"}],"wp:term":[{"taxonomy":"product_cat","embeddable":true,"href":"https:\/\/edimeinter.com\/libreria\/wp-json\/wp\/v2\/product_cat?post=10746"},{"taxonomy":"product_tag","embeddable":true,"href":"https:\/\/edimeinter.com\/libreria\/wp-json\/wp\/v2\/product_tag?post=10746"}],"curies":[{"name":"wp","href":"https:\/\/api.w.org\/{rel}","templated":true}]}}