{"id":10752,"date":"2025-02-05T20:28:14","date_gmt":"2025-02-05T20:28:14","guid":{"rendered":"https:\/\/edimeinter.com\/libreria\/?post_type=product&#038;p=10752"},"modified":"2026-02-04T22:12:31","modified_gmt":"2026-02-04T22:12:31","slug":"neonatologia-para-enfermeria-1a-edicion","status":"publish","type":"product","link":"https:\/\/edimeinter.com\/libreria\/product\/neonatologia-para-enfermeria-1a-edicion\/","title":{"rendered":"Neonatolog\u00eda para Enfermer\u00eda. 1\u00aa Edici\u00f3n"},"content":{"rendered":"\t\t<div data-elementor-type=\"wp-post\" data-elementor-id=\"10752\" class=\"elementor elementor-10752\">\n\t\t\t\t<div class=\"elementor-element elementor-element-2612b12 e-flex e-con-boxed e-con e-parent\" data-id=\"2612b12\" data-element_type=\"container\" data-e-type=\"container\">\n\t\t\t\t\t<div class=\"e-con-inner\">\n\t\t\n\t\t<div class=\"elementor-element elementor-element-498707ae elementor-widget elementor-widget-text-editor\" data-id=\"498707ae\" data-element_type=\"widget\" data-e-type=\"widget\" data-widget_type=\"text-editor.default\">\n\t\t\t\t<div class=\"elementor-widget-container\">\n\t\t\t\t\t\t\t\t\t<p class=\"font-light !leading-[22px] tracking-[1.12px] text-base mb-3 text-gray-500\">Los profesionales de la Enfermer\u00eda ejercen un papel b\u00e1sico en la atenci\u00f3n a personas de todas las edades, familias, grupos y comunidades, tanto enfermos como sanos, y en todas las circunstancias. En algunas ocasiones los enfermeros act\u00faan de forma aut\u00f3noma y, en otras, en colaboraci\u00f3n con otros profesionales, pero siempre con la intenci\u00f3n de fomentar la salud y mejorar la educaci\u00f3n para generar h\u00e1bitos de vida saludables y prevenir las enfermedades.<\/p><p class=\"font-light !leading-[22px] tracking-[1.12px] text-base mb-3 text-gray-500\">Durante las primeras semanas de vida, en la etapa neonatal, se produce el desarrollo de \u00f3rganos y sistemas muy importantes para la salud de las personas, lo que hace de \u00e9sta una etapa cr\u00edtica. La enfermera pedi\u00e1trica con conocimientos neonatales es, por tanto, un pilar fundamental en el cuidado de las primeras semanas de vida del ser humano.<\/p>\t\t\t\t\t\t\t\t<\/div>\n\t\t\t\t<\/div>\n\t\t\t\t\t<\/div>\n\t\t\t\t<\/div>\n\t\t\t\t<\/div>\n\t\t","protected":false},"excerpt":{"rendered":"<p><strong>Autores:\u00a0<\/strong>Leticia Bazo Hern\u00e1ndez, Alicia Llorca Porcar, Maria Padr\u00f3 Hern\u00e1ndez<br \/>\n<strong>ISBN:<\/strong>\u00a09788491109815<br \/>\n<strong>Editorial:<\/strong>\u00a0Panamericana<br \/>\n<strong>Edici\u00f3n:<\/strong>\u00a01\u00aa<br \/>\n<strong>Especialidad<\/strong>: Enfermer\u00eda<br \/>\n<strong>P\u00e1ginas<\/strong>: 660<br \/>\n\u00a9 2023<\/p>\n","protected":false},"featured_media":10753,"comment_status":"open","ping_status":"open","template":"","meta":{"_joinchat":[]},"product_cat":[115],"product_tag":[82,70],"class_list":{"0":"post-10752","1":"product","2":"type-product","3":"status-publish","4":"has-post-thumbnail","6":"product_cat-enfermeria","7":"product_tag-enfermeria","8":"product_tag-panamericana","10":"first","11":"instock","12":"featured","13":"taxable","14":"shipping-taxable","15":"purchasable","16":"product-type-simple"},"_links":{"self":[{"href":"https:\/\/edimeinter.com\/libreria\/wp-json\/wp\/v2\/product\/10752","targetHints":{"allow":["GET"]}}],"collection":[{"href":"https:\/\/edimeinter.com\/libreria\/wp-json\/wp\/v2\/product"}],"about":[{"href":"https:\/\/edimeinter.com\/libreria\/wp-json\/wp\/v2\/types\/product"}],"replies":[{"embeddable":true,"href":"https:\/\/edimeinter.com\/libreria\/wp-json\/wp\/v2\/comments?post=10752"}],"version-history":[{"count":1,"href":"https:\/\/edimeinter.com\/libreria\/wp-json\/wp\/v2\/product\/10752\/revisions"}],"predecessor-version":[{"id":15039,"href":"https:\/\/edimeinter.com\/libreria\/wp-json\/wp\/v2\/product\/10752\/revisions\/15039"}],"wp:featuredmedia":[{"embeddable":true,"href":"https:\/\/edimeinter.com\/libreria\/wp-json\/wp\/v2\/media\/10753"}],"wp:attachment":[{"href":"https:\/\/edimeinter.com\/libreria\/wp-json\/wp\/v2\/media?parent=10752"}],"wp:term":[{"taxonomy":"product_cat","embeddable":true,"href":"https:\/\/edimeinter.com\/libreria\/wp-json\/wp\/v2\/product_cat?post=10752"},{"taxonomy":"product_tag","embeddable":true,"href":"https:\/\/edimeinter.com\/libreria\/wp-json\/wp\/v2\/product_tag?post=10752"}],"curies":[{"name":"wp","href":"https:\/\/api.w.org\/{rel}","templated":true}]}}