{"id":10771,"date":"2025-02-05T20:58:32","date_gmt":"2025-02-05T20:58:32","guid":{"rendered":"https:\/\/edimeinter.com\/libreria\/?post_type=product&#038;p=10771"},"modified":"2025-05-22T19:33:36","modified_gmt":"2025-05-22T19:33:36","slug":"eva-anatomia-atlas-la-nueva-era-de-la-anatomia-1a-edicion","status":"publish","type":"product","link":"https:\/\/edimeinter.com\/libreria\/product\/eva-anatomia-atlas-la-nueva-era-de-la-anatomia-1a-edicion\/","title":{"rendered":"EVA Anatom\u00eda. Atlas La nueva era de la Anatom\u00eda. 1\u00aa Edici\u00f3n"},"content":{"rendered":"\t\t<div data-elementor-type=\"wp-post\" data-elementor-id=\"10771\" class=\"elementor elementor-10771\">\n\t\t\t\t<div class=\"elementor-element elementor-element-2612b12 e-flex e-con-boxed e-con e-parent\" data-id=\"2612b12\" data-element_type=\"container\" data-e-type=\"container\">\n\t\t\t\t\t<div class=\"e-con-inner\">\n\t\t\n\t\t<div class=\"elementor-element elementor-element-498707ae elementor-widget elementor-widget-text-editor\" data-id=\"498707ae\" data-element_type=\"widget\" data-e-type=\"widget\" data-widget_type=\"text-editor.default\">\n\t\t\t\t<div class=\"elementor-widget-container\">\n\t\t\t\t\t\t\t\t\t<p class=\"font-light !leading-[22px] tracking-[1.12px] text-base mb-3 text-gray-500\">Esta obra va un paso m\u00e1s all\u00e1 en la ense\u00f1anza y el aprendizaje de la Anatom\u00eda, al vincular el libro con v\u00eddeos guiados de modelos 3D, accesibles mediante c\u00f3digos QR. Esta visi\u00f3n innovadora de la ense\u00f1anza de la Anatom\u00eda permite al estudiante saltar de la imagen en dos dimensiones, necesaria para la identificaci\u00f3n de estructuras anat\u00f3micas, a una imagen tridimensional que facilita la comprensi\u00f3n y percepci\u00f3n de dichas estructuras y sus relaciones con otras, y que posibilita generar nuevas perspectivas desde cualquier \u00e1ngulo.<\/p>\t\t\t\t\t\t\t\t<\/div>\n\t\t\t\t<\/div>\n\t\t\t\t\t<\/div>\n\t\t\t\t<\/div>\n\t\t\t\t<\/div>\n\t\t","protected":false},"excerpt":{"rendered":"<p><strong>Autores:\u00a0<\/strong>Josep Mar\u00eda Potau Gin\u00e9s, \u00c0lex Mer\u00ed Vived<br \/>\n<strong>ISBN:<\/strong>\u00a09788491103431<br \/>\n<strong>Editorial:<\/strong>\u00a0Panamericana<br \/>\n<strong>Edici\u00f3n:<\/strong>\u00a01\u00aa<br \/>\n<strong>Especialidad<\/strong>: Anatom\u00eda<br \/>\n<strong>P\u00e1ginas<\/strong>: 760<br \/>\n\u00a9 2024<\/p>\n","protected":false},"featured_media":10773,"comment_status":"open","ping_status":"closed","template":"","meta":{"_joinchat":[]},"product_cat":[100],"product_tag":[240,101,70],"class_list":{"0":"post-10771","1":"product","2":"type-product","3":"status-publish","4":"has-post-thumbnail","6":"product_cat-anatomia","7":"product_tag-240","8":"product_tag-anatomia","9":"product_tag-panamericana","11":"first","12":"instock","13":"featured","14":"taxable","15":"shipping-taxable","16":"purchasable","17":"product-type-simple"},"_links":{"self":[{"href":"https:\/\/edimeinter.com\/libreria\/wp-json\/wp\/v2\/product\/10771","targetHints":{"allow":["GET"]}}],"collection":[{"href":"https:\/\/edimeinter.com\/libreria\/wp-json\/wp\/v2\/product"}],"about":[{"href":"https:\/\/edimeinter.com\/libreria\/wp-json\/wp\/v2\/types\/product"}],"replies":[{"embeddable":true,"href":"https:\/\/edimeinter.com\/libreria\/wp-json\/wp\/v2\/comments?post=10771"}],"version-history":[{"count":1,"href":"https:\/\/edimeinter.com\/libreria\/wp-json\/wp\/v2\/product\/10771\/revisions"}],"predecessor-version":[{"id":15043,"href":"https:\/\/edimeinter.com\/libreria\/wp-json\/wp\/v2\/product\/10771\/revisions\/15043"}],"wp:featuredmedia":[{"embeddable":true,"href":"https:\/\/edimeinter.com\/libreria\/wp-json\/wp\/v2\/media\/10773"}],"wp:attachment":[{"href":"https:\/\/edimeinter.com\/libreria\/wp-json\/wp\/v2\/media?parent=10771"}],"wp:term":[{"taxonomy":"product_cat","embeddable":true,"href":"https:\/\/edimeinter.com\/libreria\/wp-json\/wp\/v2\/product_cat?post=10771"},{"taxonomy":"product_tag","embeddable":true,"href":"https:\/\/edimeinter.com\/libreria\/wp-json\/wp\/v2\/product_tag?post=10771"}],"curies":[{"name":"wp","href":"https:\/\/api.w.org\/{rel}","templated":true}]}}