{"id":10796,"date":"2025-02-05T21:11:32","date_gmt":"2025-02-05T21:11:32","guid":{"rendered":"https:\/\/edimeinter.com\/libreria\/?post_type=product&#038;p=10796"},"modified":"2025-03-09T20:22:39","modified_gmt":"2025-03-09T20:22:39","slug":"consultas-de-alto-riesgo-de-tumores-digestivos-1a-edicion","status":"publish","type":"product","link":"https:\/\/edimeinter.com\/libreria\/product\/consultas-de-alto-riesgo-de-tumores-digestivos-1a-edicion\/","title":{"rendered":"Consultas de Alto Riesgo de Tumores Digestivos. 1\u00aa Edici\u00f3n"},"content":{"rendered":"\t\t<div data-elementor-type=\"wp-post\" data-elementor-id=\"10796\" class=\"elementor elementor-10796\">\n\t\t\t\t<div class=\"elementor-element elementor-element-2612b12 e-flex e-con-boxed e-con e-parent\" data-id=\"2612b12\" data-element_type=\"container\" data-e-type=\"container\">\n\t\t\t\t\t<div class=\"e-con-inner\">\n\t\t\n\t\t<div class=\"elementor-element elementor-element-498707ae elementor-widget elementor-widget-text-editor\" data-id=\"498707ae\" data-element_type=\"widget\" data-e-type=\"widget\" data-widget_type=\"text-editor.default\">\n\t\t\t\t<div class=\"elementor-widget-container\">\n\t\t\t\t\t\t\t\t\t<p class=\"font-light !leading-[22px] tracking-[1.12px] text-base mb-3 text-gray-500\">En la actualidad, los tumores digestivos representan una de las primeras causas de mortalidad por c\u00e1ncer, dependiendo notablemente su pron\u00f3stico de la fase en la que estos son detectados. Por ello, las actividades preventivas son especialmente relevantes en aquellos sujetos con alteraciones gen\u00e9ticas, s\u00edndromes hereditarios o con lesiones premalignas, debido a su elevado riesgo de desarrollar tumores. Sin embargo, la falta de conocimiento y la ausencia de un abordaje multidisciplinar y de una homogeneidad en la evaluaci\u00f3n y seguimiento hace que la poblaci\u00f3n considerada de \u201calto riesgo\u201d no sea atendida correctamente.<\/p><p class=\"font-light !leading-[22px] tracking-[1.12px] text-base mb-3 text-gray-500\">Este manual nace con el objetivo de solventar estas carencias y aportar todo el conocimiento necesario para una atenci\u00f3n \u00f3ptima en el \u00e1mbito de las consultas de alto riesgo.<\/p>\t\t\t\t\t\t\t\t<\/div>\n\t\t\t\t<\/div>\n\t\t\t\t\t<\/div>\n\t\t\t\t<\/div>\n\t\t\t\t<\/div>\n\t\t","protected":false},"excerpt":{"rendered":"<p><strong>Autores:\u00a0<\/strong>Sabela Carballal Ramil,Joaqu\u00edn Cubiella Fern\u00e1ndez,Joaqu\u00edn Cubiella Fern\u00e1ndez<br \/>\n<strong>ISBN:<\/strong>\u00a09788491105817<br \/>\n<strong>Editorial:<\/strong>\u00a0Panamericana<br \/>\n<strong>Edici\u00f3n:<\/strong>\u00a01\u00aa<br \/>\n<strong>Especialidad<\/strong>: Cirug\u00eda<br \/>\n<strong>P\u00e1ginas<\/strong>: 304<br \/>\n\u00a9 2024<\/p>\n","protected":false},"featured_media":10797,"comment_status":"open","ping_status":"open","template":"","meta":{"_joinchat":[]},"product_cat":[175],"product_tag":[240,176,70],"class_list":{"0":"post-10796","1":"product","2":"type-product","3":"status-publish","4":"has-post-thumbnail","6":"product_cat-cirugia","7":"product_tag-240","8":"product_tag-cirugia","9":"product_tag-panamericana","11":"first","12":"instock","13":"featured","14":"taxable","15":"shipping-taxable","16":"purchasable","17":"product-type-simple"},"_links":{"self":[{"href":"https:\/\/edimeinter.com\/libreria\/wp-json\/wp\/v2\/product\/10796","targetHints":{"allow":["GET"]}}],"collection":[{"href":"https:\/\/edimeinter.com\/libreria\/wp-json\/wp\/v2\/product"}],"about":[{"href":"https:\/\/edimeinter.com\/libreria\/wp-json\/wp\/v2\/types\/product"}],"replies":[{"embeddable":true,"href":"https:\/\/edimeinter.com\/libreria\/wp-json\/wp\/v2\/comments?post=10796"}],"version-history":[{"count":1,"href":"https:\/\/edimeinter.com\/libreria\/wp-json\/wp\/v2\/product\/10796\/revisions"}],"predecessor-version":[{"id":15048,"href":"https:\/\/edimeinter.com\/libreria\/wp-json\/wp\/v2\/product\/10796\/revisions\/15048"}],"wp:featuredmedia":[{"embeddable":true,"href":"https:\/\/edimeinter.com\/libreria\/wp-json\/wp\/v2\/media\/10797"}],"wp:attachment":[{"href":"https:\/\/edimeinter.com\/libreria\/wp-json\/wp\/v2\/media?parent=10796"}],"wp:term":[{"taxonomy":"product_cat","embeddable":true,"href":"https:\/\/edimeinter.com\/libreria\/wp-json\/wp\/v2\/product_cat?post=10796"},{"taxonomy":"product_tag","embeddable":true,"href":"https:\/\/edimeinter.com\/libreria\/wp-json\/wp\/v2\/product_tag?post=10796"}],"curies":[{"name":"wp","href":"https:\/\/api.w.org\/{rel}","templated":true}]}}