{"id":10808,"date":"2025-02-05T21:20:48","date_gmt":"2025-02-05T21:20:48","guid":{"rendered":"https:\/\/edimeinter.com\/libreria\/?post_type=product&#038;p=10808"},"modified":"2025-03-09T20:22:24","modified_gmt":"2025-03-09T20:22:24","slug":"neurosonologia-en-el-paciente-critico-1a-edicion","status":"publish","type":"product","link":"https:\/\/edimeinter.com\/libreria\/product\/neurosonologia-en-el-paciente-critico-1a-edicion\/","title":{"rendered":"Neurosonolog\u00eda en el Paciente Cr\u00edtico. 1\u00aa Edici\u00f3n"},"content":{"rendered":"\t\t<div data-elementor-type=\"wp-post\" data-elementor-id=\"10808\" class=\"elementor elementor-10808\">\n\t\t\t\t<div class=\"elementor-element elementor-element-2612b12 e-flex e-con-boxed e-con e-parent\" data-id=\"2612b12\" data-element_type=\"container\" data-e-type=\"container\">\n\t\t\t\t\t<div class=\"e-con-inner\">\n\t\t\n\t\t<div class=\"elementor-element elementor-element-498707ae elementor-widget elementor-widget-text-editor\" data-id=\"498707ae\" data-element_type=\"widget\" data-e-type=\"widget\" data-widget_type=\"text-editor.default\">\n\t\t\t\t<div class=\"elementor-widget-container\">\n\t\t\t\t\t\t\t\t\t<p class=\"font-light !leading-[22px] tracking-[1.12px] text-base mb-3 text-gray-500\">Neurosonolog\u00eda en el Paciente Cr\u00edtico, una nueva obra de la Sociedad Argentina de Terapia Intensiva (SATI), es fruto de varios a\u00f1os de trabajo en un proyecto que surgi\u00f3 con fuerza mientras se desarrollaba, en Buenos Aires, una reuni\u00f3n del Grupo Latinoamericano de Neurointensivismo (LABIC), pocos meses antes que la pandemia se propagara por el mundo.<\/p><p class=\"font-light !leading-[22px] tracking-[1.12px] text-base mb-3 text-gray-500\">Sus directoras, las doctoras Corina Puppo y Silvia Carino, son reconocidas referentes de la neurosonolog\u00eda y de la ense\u00f1anza de esta disciplina, y han dedicado su experiencia y esfuerzo a la selecci\u00f3n de los temas y los colaboradores, el armado del proyecto y el contacto con la editorial, en un ida y vuelta de revisi\u00f3n de cap\u00edtulos e intercambio de opiniones. Participan, adem\u00e1s, 27 prestigiosos especialistas de Iberoam\u00e9rica.<\/p>\t\t\t\t\t\t\t\t<\/div>\n\t\t\t\t<\/div>\n\t\t\t\t\t<\/div>\n\t\t\t\t<\/div>\n\t\t\t\t<\/div>\n\t\t","protected":false},"excerpt":{"rendered":"<p><strong>Autores:\u00a0<\/strong>SATI \u2013 (Sociedad Argentina de Terapia Intensiva)<br \/>\n<strong>ISBN:<\/strong>\u00a09789500697187<br \/>\n<strong>Editorial:<\/strong>\u00a0Panamericana<br \/>\n<strong>Edici\u00f3n:<\/strong>\u00a01\u00aa<br \/>\n<strong>Especialidad<\/strong>: Cuidados Intensivos y Medicina Cr\u00edtica<br \/>\n<strong>P\u00e1ginas<\/strong>: 324<br \/>\n\u00a9 2024<\/p>\n","protected":false},"featured_media":10809,"comment_status":"open","ping_status":"open","template":"","meta":{"_joinchat":[]},"product_cat":[179,189],"product_tag":[240,180,190,70],"class_list":{"0":"post-10808","1":"product","2":"type-product","3":"status-publish","4":"has-post-thumbnail","6":"product_cat-cuidados-intensivos","7":"product_cat-medicina-critica","8":"product_tag-240","9":"product_tag-cuidados-intensivos","10":"product_tag-medicina-critica","11":"product_tag-panamericana","13":"first","14":"instock","15":"featured","16":"taxable","17":"shipping-taxable","18":"purchasable","19":"product-type-simple"},"_links":{"self":[{"href":"https:\/\/edimeinter.com\/libreria\/wp-json\/wp\/v2\/product\/10808","targetHints":{"allow":["GET"]}}],"collection":[{"href":"https:\/\/edimeinter.com\/libreria\/wp-json\/wp\/v2\/product"}],"about":[{"href":"https:\/\/edimeinter.com\/libreria\/wp-json\/wp\/v2\/types\/product"}],"replies":[{"embeddable":true,"href":"https:\/\/edimeinter.com\/libreria\/wp-json\/wp\/v2\/comments?post=10808"}],"version-history":[{"count":1,"href":"https:\/\/edimeinter.com\/libreria\/wp-json\/wp\/v2\/product\/10808\/revisions"}],"predecessor-version":[{"id":15049,"href":"https:\/\/edimeinter.com\/libreria\/wp-json\/wp\/v2\/product\/10808\/revisions\/15049"}],"wp:featuredmedia":[{"embeddable":true,"href":"https:\/\/edimeinter.com\/libreria\/wp-json\/wp\/v2\/media\/10809"}],"wp:attachment":[{"href":"https:\/\/edimeinter.com\/libreria\/wp-json\/wp\/v2\/media?parent=10808"}],"wp:term":[{"taxonomy":"product_cat","embeddable":true,"href":"https:\/\/edimeinter.com\/libreria\/wp-json\/wp\/v2\/product_cat?post=10808"},{"taxonomy":"product_tag","embeddable":true,"href":"https:\/\/edimeinter.com\/libreria\/wp-json\/wp\/v2\/product_tag?post=10808"}],"curies":[{"name":"wp","href":"https:\/\/api.w.org\/{rel}","templated":true}]}}