{"id":10814,"date":"2025-02-05T21:26:06","date_gmt":"2025-02-05T21:26:06","guid":{"rendered":"https:\/\/edimeinter.com\/libreria\/?post_type=product&#038;p=10814"},"modified":"2026-02-11T22:48:51","modified_gmt":"2026-02-11T22:48:51","slug":"resonancia-magnetica-musculoesqueletica-1a-edicion","status":"publish","type":"product","link":"https:\/\/edimeinter.com\/libreria\/product\/resonancia-magnetica-musculoesqueletica-1a-edicion\/","title":{"rendered":"Resonancia Magn\u00e9tica Musculoesquel\u00e9tica. 1\u00aa Edici\u00f3n"},"content":{"rendered":"\t\t<div data-elementor-type=\"wp-post\" data-elementor-id=\"10814\" class=\"elementor elementor-10814\">\n\t\t\t\t<div class=\"elementor-element elementor-element-2612b12 e-flex e-con-boxed e-con e-parent\" data-id=\"2612b12\" data-element_type=\"container\" data-e-type=\"container\">\n\t\t\t\t\t<div class=\"e-con-inner\">\n\t\t\n\t\t<div class=\"elementor-element elementor-element-498707ae elementor-widget elementor-widget-text-editor\" data-id=\"498707ae\" data-element_type=\"widget\" data-e-type=\"widget\" data-widget_type=\"text-editor.default\">\n\t\t\t\t<div class=\"elementor-widget-container\">\n\t\t\t\t\t\t\t\t\t<p class=\"font-light !leading-[22px] tracking-[1.12px] text-base mb-3 text-gray-500\">Las consultas de problemas musculoesquel\u00e9ticos, tanto en atenci\u00f3n primaria como especializada, con patolog\u00edas de alta prevalencia como la lumbalgia, la cervicalgia o la artrosis, tienen una alta incidencia y un gran impacto en la salud de la poblaci\u00f3n.<\/p><p class=\"font-light !leading-[22px] tracking-[1.12px] text-base mb-3 text-gray-500\">La resonancia magn\u00e9tica es una de las herramientas m\u00e1s potentes en el diagn\u00f3stico de la patolog\u00eda musculoesquel\u00e9tica, lo que ha favorecido el incremento de su demanda. El conocimiento y la correcta interpretaci\u00f3n de las im\u00e1genes requiere de un aprendizaje continuo tanto por parte de radi\u00f3logos, que deben realizar informes lo m\u00e1s precisos posible, como para aquellos profesionales sanitarios que deben actuar en base a correlacionar los hallazgos cl\u00ednicos con lo que ofrecen dichas im\u00e1genes.<\/p>\t\t\t\t\t\t\t\t<\/div>\n\t\t\t\t<\/div>\n\t\t\t\t\t<\/div>\n\t\t\t\t<\/div>\n\t\t\t\t<\/div>\n\t\t","protected":false},"excerpt":{"rendered":"<p><strong>Autores:\u00a0<\/strong>Fernando Ruiz Santiago, Mar\u00eda del Mar Castellano Garc\u00eda, Luis Guzm\u00e1n \u00c1lvarez, Alberto Mart\u00ednez Mart\u00ednez, Jos\u00e9 Pozo S\u00e1nchez, Jade Garc\u00eda Espinosa<br \/>\n<strong>ISBN:<\/strong>\u00a09788411060875<br \/>\n<strong>Editorial:<\/strong>\u00a0Panamericana<br \/>\n<strong>Edici\u00f3n:<\/strong>\u00a01\u00aa<br \/>\n<strong>Especialidad<\/strong>: Diagn\u00f3stico por Im\u00e1genes<br \/>\n<strong>P\u00e1ginas<\/strong>: 964<br \/>\n\u00a9 2024<\/p>\n","protected":false},"featured_media":10815,"comment_status":"open","ping_status":"closed","template":"","meta":{"_joinchat":[]},"product_cat":[80],"product_tag":[240,81,70],"class_list":{"0":"post-10814","1":"product","2":"type-product","3":"status-publish","4":"has-post-thumbnail","6":"product_cat-diagnostico-por-imagenes","7":"product_tag-240","8":"product_tag-diagnostico-por-imagenes","9":"product_tag-panamericana","11":"first","12":"outofstock","13":"featured","14":"taxable","15":"shipping-taxable","16":"purchasable","17":"product-type-simple"},"_links":{"self":[{"href":"https:\/\/edimeinter.com\/libreria\/wp-json\/wp\/v2\/product\/10814","targetHints":{"allow":["GET"]}}],"collection":[{"href":"https:\/\/edimeinter.com\/libreria\/wp-json\/wp\/v2\/product"}],"about":[{"href":"https:\/\/edimeinter.com\/libreria\/wp-json\/wp\/v2\/types\/product"}],"replies":[{"embeddable":true,"href":"https:\/\/edimeinter.com\/libreria\/wp-json\/wp\/v2\/comments?post=10814"}],"version-history":[{"count":1,"href":"https:\/\/edimeinter.com\/libreria\/wp-json\/wp\/v2\/product\/10814\/revisions"}],"predecessor-version":[{"id":15050,"href":"https:\/\/edimeinter.com\/libreria\/wp-json\/wp\/v2\/product\/10814\/revisions\/15050"}],"wp:featuredmedia":[{"embeddable":true,"href":"https:\/\/edimeinter.com\/libreria\/wp-json\/wp\/v2\/media\/10815"}],"wp:attachment":[{"href":"https:\/\/edimeinter.com\/libreria\/wp-json\/wp\/v2\/media?parent=10814"}],"wp:term":[{"taxonomy":"product_cat","embeddable":true,"href":"https:\/\/edimeinter.com\/libreria\/wp-json\/wp\/v2\/product_cat?post=10814"},{"taxonomy":"product_tag","embeddable":true,"href":"https:\/\/edimeinter.com\/libreria\/wp-json\/wp\/v2\/product_tag?post=10814"}],"curies":[{"name":"wp","href":"https:\/\/api.w.org\/{rel}","templated":true}]}}