{"id":10820,"date":"2025-02-05T21:28:59","date_gmt":"2025-02-05T21:28:59","guid":{"rendered":"https:\/\/edimeinter.com\/libreria\/?post_type=product&#038;p=10820"},"modified":"2025-03-09T20:22:10","modified_gmt":"2025-03-09T20:22:10","slug":"pancreatologia-y-via-biliar-1a-edicion","status":"publish","type":"product","link":"https:\/\/edimeinter.com\/libreria\/product\/pancreatologia-y-via-biliar-1a-edicion\/","title":{"rendered":"Pancreatolog\u00eda y V\u00eda Biliar. 1\u00aa Edici\u00f3n"},"content":{"rendered":"\t\t<div data-elementor-type=\"wp-post\" data-elementor-id=\"10820\" class=\"elementor elementor-10820\">\n\t\t\t\t<div class=\"elementor-element elementor-element-2612b12 e-flex e-con-boxed e-con e-parent\" data-id=\"2612b12\" data-element_type=\"container\" data-e-type=\"container\">\n\t\t\t\t\t<div class=\"e-con-inner\">\n\t\t\n\t\t<div class=\"elementor-element elementor-element-498707ae elementor-widget elementor-widget-text-editor\" data-id=\"498707ae\" data-element_type=\"widget\" data-e-type=\"widget\" data-widget_type=\"text-editor.default\">\n\t\t\t\t<div class=\"elementor-widget-container\">\n\t\t\t\t\t\t\t\t\t<p class=\"font-light !leading-[22px] tracking-[1.12px] text-base mb-3 text-gray-500\">La patolog\u00eda biliar y pancre\u00e1tica es, en la actualidad, una de las causas de consulta e ingreso hospitalario m\u00e1s frecuentes. El amplio desarrollo en los \u00faltimos a\u00f1os de t\u00e9cnicas endosc\u00f3picas aplicadas a esta patolog\u00eda ha contribuido a modificar sus esquemas de diagn\u00f3stico y tratamiento. Entre las muchas enfermedades que abarca se incluyen procesos altamente prevalentes como la litiasis biliar o los quistes pancre\u00e1ticos, y el adenocarcinoma pancre\u00e1tico, uno de los tumores m\u00e1s letales.<\/p><p class=\"font-light !leading-[22px] tracking-[1.12px] text-base mb-3 text-gray-500\">La Asociaci\u00f3n Espa\u00f1ola de Gastroenterolog\u00eda (AEG) y la Asociaci\u00f3n Espa\u00f1ola de Pancreatolog\u00eda (AESPANC), conscientes de la escasa literatura cient\u00edfica actualizada en comparaci\u00f3n con otros \u00e1mbitos de la gastroenterolog\u00eda, presenta este libro que profundiza en las \u00faltimas novedades en cuanto a diagn\u00f3stico, tratamiento y manejo de los pacientes con patolog\u00eda biliopancre\u00e1tica, tanto desde un punto de vista cl\u00ednico-asistencial como endosc\u00f3pico.<\/p>\t\t\t\t\t\t\t\t<\/div>\n\t\t\t\t<\/div>\n\t\t\t\t\t<\/div>\n\t\t\t\t<\/div>\n\t\t\t\t<\/div>\n\t\t","protected":false},"excerpt":{"rendered":"<p><strong>Autores:\u00a0<\/strong>Emma Mart\u00ednez Moneo, Federico Bolado Concejo<br \/>\n<strong>ISBN:<\/strong>\u00a09788491101147<br \/>\n<strong>Editorial:<\/strong>\u00a0Panamericana<br \/>\n<strong>Edici\u00f3n:<\/strong>\u00a01\u00aa<br \/>\n<strong>Especialidad<\/strong>: Gastroenterolog\u00eda<br \/>\n<strong>P\u00e1ginas<\/strong>: 480<br \/>\n\u00a9 2024<\/p>\n","protected":false},"featured_media":10821,"comment_status":"open","ping_status":"open","template":"","meta":{"_joinchat":[]},"product_cat":[168],"product_tag":[240,169,70],"class_list":{"0":"post-10820","1":"product","2":"type-product","3":"status-publish","4":"has-post-thumbnail","6":"product_cat-gastroenterologia","7":"product_tag-240","8":"product_tag-gastroenterologia","9":"product_tag-panamericana","11":"first","12":"instock","13":"featured","14":"taxable","15":"shipping-taxable","16":"purchasable","17":"product-type-simple"},"_links":{"self":[{"href":"https:\/\/edimeinter.com\/libreria\/wp-json\/wp\/v2\/product\/10820","targetHints":{"allow":["GET"]}}],"collection":[{"href":"https:\/\/edimeinter.com\/libreria\/wp-json\/wp\/v2\/product"}],"about":[{"href":"https:\/\/edimeinter.com\/libreria\/wp-json\/wp\/v2\/types\/product"}],"replies":[{"embeddable":true,"href":"https:\/\/edimeinter.com\/libreria\/wp-json\/wp\/v2\/comments?post=10820"}],"version-history":[{"count":1,"href":"https:\/\/edimeinter.com\/libreria\/wp-json\/wp\/v2\/product\/10820\/revisions"}],"predecessor-version":[{"id":15051,"href":"https:\/\/edimeinter.com\/libreria\/wp-json\/wp\/v2\/product\/10820\/revisions\/15051"}],"wp:featuredmedia":[{"embeddable":true,"href":"https:\/\/edimeinter.com\/libreria\/wp-json\/wp\/v2\/media\/10821"}],"wp:attachment":[{"href":"https:\/\/edimeinter.com\/libreria\/wp-json\/wp\/v2\/media?parent=10820"}],"wp:term":[{"taxonomy":"product_cat","embeddable":true,"href":"https:\/\/edimeinter.com\/libreria\/wp-json\/wp\/v2\/product_cat?post=10820"},{"taxonomy":"product_tag","embeddable":true,"href":"https:\/\/edimeinter.com\/libreria\/wp-json\/wp\/v2\/product_tag?post=10820"}],"curies":[{"name":"wp","href":"https:\/\/api.w.org\/{rel}","templated":true}]}}