{"id":10848,"date":"2025-02-05T21:42:10","date_gmt":"2025-02-05T21:42:10","guid":{"rendered":"https:\/\/edimeinter.com\/libreria\/?post_type=product&#038;p=10848"},"modified":"2025-03-03T03:55:53","modified_gmt":"2025-03-03T03:55:53","slug":"neurogastroenterologia-y-motilidad-digestiva-1a-edicion","status":"publish","type":"product","link":"https:\/\/edimeinter.com\/libreria\/product\/neurogastroenterologia-y-motilidad-digestiva-1a-edicion\/","title":{"rendered":"Neurogastroenterolog\u00eda y Motilidad Digestiva. 1\u00aa Edici\u00f3n"},"content":{"rendered":"\t\t<div data-elementor-type=\"wp-post\" data-elementor-id=\"10848\" class=\"elementor elementor-10848\">\n\t\t\t\t<div class=\"elementor-element elementor-element-2612b12 e-flex e-con-boxed e-con e-parent\" data-id=\"2612b12\" data-element_type=\"container\" data-e-type=\"container\">\n\t\t\t\t\t<div class=\"e-con-inner\">\n\t\t\n\t\t<div class=\"elementor-element elementor-element-498707ae elementor-widget elementor-widget-text-editor\" data-id=\"498707ae\" data-element_type=\"widget\" data-e-type=\"widget\" data-widget_type=\"text-editor.default\">\n\t\t\t\t<div class=\"elementor-widget-container\">\n\t\t\t\t\t\t\t\t\t<p class=\"font-light !leading-[22px] tracking-[1.12px] text-base mb-3 text-gray-500\">Las enfermedades que se incluyen dentro del t\u00e9rmino Neurogastroenterolog\u00eda son las m\u00e1s prevalentes dentro de la patolog\u00eda digestiva. Esta subespecialidad aborda no solo los trastornos motores, poco frecuentes pero subsidiarios de t\u00e9cnicas instrumentales muy espec\u00edficas para su evaluaci\u00f3n, sino tambi\u00e9n las enfermedades funcionales digestivas, comunes en la poblaci\u00f3n general, con alto grado de cronicidad y con afectaci\u00f3n acusada en la calidad de vida relacionada con la salud de los pacientes. El tratamiento de estas enfermedades supone verdaderos desaf\u00edos diagn\u00f3sticos y terap\u00e9uticos para el cl\u00ednico, lo que exige al especialista una formaci\u00f3n bien orientada y una capacitaci\u00f3n avanzada.<\/p>\t\t\t\t\t\t\t\t<\/div>\n\t\t\t\t<\/div>\n\t\t\t\t\t<\/div>\n\t\t\t\t<\/div>\n\t\t\t\t<\/div>\n\t\t","protected":false},"excerpt":{"rendered":"<p><strong>Autores:\u00a0<\/strong>Anna M. Accarino Garaventa, Javier Alcedo Gonz\u00e1lez<br \/>\n<strong>ISBN:<\/strong>\u00a09788491109778<br \/>\n<strong>Editorial:<\/strong>\u00a0Panamericana<br \/>\n<strong>Edici\u00f3n:<\/strong>\u00a01\u00aa<br \/>\n<strong>Especialidad<\/strong>: Gastroenterolog\u00eda<br \/>\n<strong>P\u00e1ginas<\/strong>: 460<br \/>\n\u00a9 2023<\/p>\n","protected":false},"featured_media":10849,"comment_status":"open","ping_status":"open","template":"","meta":{"_joinchat":[]},"product_cat":[168],"product_tag":[169,70],"class_list":{"0":"post-10848","1":"product","2":"type-product","3":"status-publish","4":"has-post-thumbnail","6":"product_cat-gastroenterologia","7":"product_tag-gastroenterologia","8":"product_tag-panamericana","10":"first","11":"instock","12":"featured","13":"taxable","14":"shipping-taxable","15":"purchasable","16":"product-type-simple"},"_links":{"self":[{"href":"https:\/\/edimeinter.com\/libreria\/wp-json\/wp\/v2\/product\/10848","targetHints":{"allow":["GET"]}}],"collection":[{"href":"https:\/\/edimeinter.com\/libreria\/wp-json\/wp\/v2\/product"}],"about":[{"href":"https:\/\/edimeinter.com\/libreria\/wp-json\/wp\/v2\/types\/product"}],"replies":[{"embeddable":true,"href":"https:\/\/edimeinter.com\/libreria\/wp-json\/wp\/v2\/comments?post=10848"}],"version-history":[{"count":1,"href":"https:\/\/edimeinter.com\/libreria\/wp-json\/wp\/v2\/product\/10848\/revisions"}],"predecessor-version":[{"id":15056,"href":"https:\/\/edimeinter.com\/libreria\/wp-json\/wp\/v2\/product\/10848\/revisions\/15056"}],"wp:featuredmedia":[{"embeddable":true,"href":"https:\/\/edimeinter.com\/libreria\/wp-json\/wp\/v2\/media\/10849"}],"wp:attachment":[{"href":"https:\/\/edimeinter.com\/libreria\/wp-json\/wp\/v2\/media?parent=10848"}],"wp:term":[{"taxonomy":"product_cat","embeddable":true,"href":"https:\/\/edimeinter.com\/libreria\/wp-json\/wp\/v2\/product_cat?post=10848"},{"taxonomy":"product_tag","embeddable":true,"href":"https:\/\/edimeinter.com\/libreria\/wp-json\/wp\/v2\/product_tag?post=10848"}],"curies":[{"name":"wp","href":"https:\/\/api.w.org\/{rel}","templated":true}]}}