{"id":10925,"date":"2025-02-05T22:29:02","date_gmt":"2025-02-05T22:29:02","guid":{"rendered":"https:\/\/edimeinter.com\/libreria\/?post_type=product&#038;p=10925"},"modified":"2025-12-08T16:11:31","modified_gmt":"2025-12-08T16:11:31","slug":"las-bases-farmacologicas-de-la-terapeutica-14a-edicion","status":"publish","type":"product","link":"https:\/\/edimeinter.com\/libreria\/product\/las-bases-farmacologicas-de-la-terapeutica-14a-edicion\/","title":{"rendered":"Las Bases Farmacol\u00f3gicas de la Terap\u00e9utica. 14\u00aa Edici\u00f3n"},"content":{"rendered":"\t\t<div data-elementor-type=\"wp-post\" data-elementor-id=\"10925\" class=\"elementor elementor-10925\">\n\t\t\t\t<div class=\"elementor-element elementor-element-2612b12 e-flex e-con-boxed e-con e-parent\" data-id=\"2612b12\" data-element_type=\"container\" data-e-type=\"container\">\n\t\t\t\t\t<div class=\"e-con-inner\">\n\t\t\n\t\t<div class=\"elementor-element elementor-element-498707ae elementor-widget elementor-widget-text-editor\" data-id=\"498707ae\" data-element_type=\"widget\" data-e-type=\"widget\" data-widget_type=\"text-editor.default\">\n\t\t\t\t<div class=\"elementor-widget-container\">\n\t\t\t\t\t\t\t\t\t<p class=\"font-light !leading-[22px] tracking-[1.12px] text-base mb-3 text-gray-500\">Esta es la 14a edici\u00f3n del libro que comenz\u00f3 como una colaboraci\u00f3n entre dos amigos y profesores de Yale, Louis Goodman y Alfred Gilman. A lo largo de los a\u00f1os, este t\u00edtulo ha sido aclamada como la \u00abbiblia azul\u00bb de la farmacolog\u00eda. Sin duda, gran parte de esa aceptaci\u00f3n refleja el prop\u00f3sito del libro, delineado por los autores originales y al que se han apegado a lo largo de 81 a\u00f1os: correlacionar la farmacolog\u00eda con las ciencias m\u00e9dicas, reinterpretar las acciones y usos de los f\u00e1rmacos a la luz de los avances en medicina y en las ciencias biom\u00e9dicas b\u00e1sicas, hacer \u00e9nfasis en la aplicaci\u00f3n de la farmacodin\u00e1mica a la terap\u00e9utica y crear un libro que fuera \u00fatil para los estudiantes de farmacolog\u00eda y para los profesionales de la salud. Seguir estos principios es dif\u00edcil: el enorme volumen y el incesante crecimiento de los conocimientos en las ciencias biom\u00e9dicas b\u00e1sicas y sus aplicaciones cl\u00ednicas siguen asombrando, desafiando a los editores y colaboradores que intentan producir una obra de un solo volumen, y seguramente desafiando a los estudiantes.<\/p>\t\t\t\t\t\t\t\t<\/div>\n\t\t\t\t<\/div>\n\t\t\t\t\t<\/div>\n\t\t\t\t<\/div>\n\t\t\t\t<\/div>\n\t\t","protected":false},"excerpt":{"rendered":"<p><strong>Autores:<\/strong>\u00a0Brunton, L. \u2014 Knollmann, B.<br \/>\n<strong>ISBN:<\/strong>\u00a0\u20189786071520838<br \/>\n<strong>Editorial:<\/strong>\u00a0McGraw-Hill<br \/>\n<strong>Edici\u00f3n:<\/strong>\u00a014\u00aa<br \/>\n<strong>Especialidad<\/strong>: Farmacolog\u00eda<br \/>\n<strong>P\u00e1ginas<\/strong>: 1666<br \/>\n\u00a9 2023<\/p>\n","protected":false},"featured_media":10926,"comment_status":"open","ping_status":"closed","template":"","meta":{"_joinchat":[]},"product_cat":[152],"product_tag":[153,99],"class_list":{"0":"post-10925","1":"product","2":"type-product","3":"status-publish","4":"has-post-thumbnail","6":"product_cat-farmacologia","7":"product_tag-farmacologia","8":"product_tag-mcgraw-hill","10":"first","11":"instock","12":"featured","13":"taxable","14":"shipping-taxable","15":"purchasable","16":"product-type-simple"},"_links":{"self":[{"href":"https:\/\/edimeinter.com\/libreria\/wp-json\/wp\/v2\/product\/10925","targetHints":{"allow":["GET"]}}],"collection":[{"href":"https:\/\/edimeinter.com\/libreria\/wp-json\/wp\/v2\/product"}],"about":[{"href":"https:\/\/edimeinter.com\/libreria\/wp-json\/wp\/v2\/types\/product"}],"replies":[{"embeddable":true,"href":"https:\/\/edimeinter.com\/libreria\/wp-json\/wp\/v2\/comments?post=10925"}],"version-history":[{"count":1,"href":"https:\/\/edimeinter.com\/libreria\/wp-json\/wp\/v2\/product\/10925\/revisions"}],"predecessor-version":[{"id":15062,"href":"https:\/\/edimeinter.com\/libreria\/wp-json\/wp\/v2\/product\/10925\/revisions\/15062"}],"wp:featuredmedia":[{"embeddable":true,"href":"https:\/\/edimeinter.com\/libreria\/wp-json\/wp\/v2\/media\/10926"}],"wp:attachment":[{"href":"https:\/\/edimeinter.com\/libreria\/wp-json\/wp\/v2\/media?parent=10925"}],"wp:term":[{"taxonomy":"product_cat","embeddable":true,"href":"https:\/\/edimeinter.com\/libreria\/wp-json\/wp\/v2\/product_cat?post=10925"},{"taxonomy":"product_tag","embeddable":true,"href":"https:\/\/edimeinter.com\/libreria\/wp-json\/wp\/v2\/product_tag?post=10925"}],"curies":[{"name":"wp","href":"https:\/\/api.w.org\/{rel}","templated":true}]}}