{"id":10937,"date":"2025-02-05T22:36:22","date_gmt":"2025-02-05T22:36:22","guid":{"rendered":"https:\/\/edimeinter.com\/libreria\/?post_type=product&#038;p=10937"},"modified":"2025-07-23T17:25:58","modified_gmt":"2025-07-23T17:25:58","slug":"harper-bioquimica-ilustrada-32a-edicion","status":"publish","type":"product","link":"https:\/\/edimeinter.com\/libreria\/product\/harper-bioquimica-ilustrada-32a-edicion\/","title":{"rendered":"Harper. Bioqu\u00edmica ilustrada. 32\u00aa Edici\u00f3n"},"content":{"rendered":"\t\t<div data-elementor-type=\"wp-post\" data-elementor-id=\"10937\" class=\"elementor elementor-10937\">\n\t\t\t\t<div class=\"elementor-element elementor-element-2612b12 e-flex e-con-boxed e-con e-parent\" data-id=\"2612b12\" data-element_type=\"container\" data-e-type=\"container\">\n\t\t\t\t\t<div class=\"e-con-inner\">\n\t\t\n\t\t<div class=\"elementor-element elementor-element-498707ae elementor-widget elementor-widget-text-editor\" data-id=\"498707ae\" data-element_type=\"widget\" data-e-type=\"widget\" data-widget_type=\"text-editor.default\">\n\t\t\t\t<div class=\"elementor-widget-container\">\n\t\t\t\t\t\t\t\t\t<p class=\"font-light !leading-[22px] tracking-[1.12px] text-base mb-3 text-gray-500\">La trig\u00e9sima segunda edici\u00f3n de Harper. Bioqu\u00edmica ilustrada combina im\u00e1genes de alta calidad a todo color con una amplia cobertura escrita por expertos en el campo integrada a enfermedades bioqu\u00edmicas e informaci\u00f3n cl\u00ednica. El texto se encuentra enriquecido con numerosos ejemplos m\u00e9dicamente relevantes para facilitar la compresi\u00f3n y enfatizar la relevancia de esta fascinante disciplina en el \u00e1mbito de la medicina cl\u00ednica. Este ic\u00f3nico t\u00edtulo mantiene su estilo did\u00e1ctico, claro y sucinto que lo caracterizan toda vez que facilita la revisi\u00f3n de los fundamentos que todo estudiante debe comprender para tener \u00e9xito en el estudio de las diversas disciplinas de las ciencias de la salud.<\/p>\t\t\t\t\t\t\t\t<\/div>\n\t\t\t\t<\/div>\n\t\t\t\t\t<\/div>\n\t\t\t\t<\/div>\n\t\t\t\t<\/div>\n\t\t","protected":false},"excerpt":{"rendered":"<p><strong>Autores:<\/strong>\u00a0Peter J. Kenelly<br \/>\n<strong>ISBN:<\/strong>\u00a09786071520791<br \/>\n<strong>Editorial:<\/strong>\u00a0McGraw-Hill<br \/>\n<strong>Edici\u00f3n:<\/strong>\u00a032\u00aa<br \/>\n<strong>Especialidad<\/strong>: Bioqu\u00edmica<br \/>\n<strong>P\u00e1ginas<\/strong>: 838<br \/>\n\u00a9 2023<\/p>\n","protected":false},"featured_media":10938,"comment_status":"open","ping_status":"closed","template":"","meta":{"_joinchat":[]},"product_cat":[90],"product_tag":[91,99],"class_list":{"0":"post-10937","1":"product","2":"type-product","3":"status-publish","4":"has-post-thumbnail","6":"product_cat-bioquimica","7":"product_tag-bioquimica","8":"product_tag-mcgraw-hill","10":"first","11":"outofstock","12":"featured","13":"taxable","14":"shipping-taxable","15":"purchasable","16":"product-type-simple"},"_links":{"self":[{"href":"https:\/\/edimeinter.com\/libreria\/wp-json\/wp\/v2\/product\/10937","targetHints":{"allow":["GET"]}}],"collection":[{"href":"https:\/\/edimeinter.com\/libreria\/wp-json\/wp\/v2\/product"}],"about":[{"href":"https:\/\/edimeinter.com\/libreria\/wp-json\/wp\/v2\/types\/product"}],"replies":[{"embeddable":true,"href":"https:\/\/edimeinter.com\/libreria\/wp-json\/wp\/v2\/comments?post=10937"}],"version-history":[{"count":1,"href":"https:\/\/edimeinter.com\/libreria\/wp-json\/wp\/v2\/product\/10937\/revisions"}],"predecessor-version":[{"id":15063,"href":"https:\/\/edimeinter.com\/libreria\/wp-json\/wp\/v2\/product\/10937\/revisions\/15063"}],"wp:featuredmedia":[{"embeddable":true,"href":"https:\/\/edimeinter.com\/libreria\/wp-json\/wp\/v2\/media\/10938"}],"wp:attachment":[{"href":"https:\/\/edimeinter.com\/libreria\/wp-json\/wp\/v2\/media?parent=10937"}],"wp:term":[{"taxonomy":"product_cat","embeddable":true,"href":"https:\/\/edimeinter.com\/libreria\/wp-json\/wp\/v2\/product_cat?post=10937"},{"taxonomy":"product_tag","embeddable":true,"href":"https:\/\/edimeinter.com\/libreria\/wp-json\/wp\/v2\/product_tag?post=10937"}],"curies":[{"name":"wp","href":"https:\/\/api.w.org\/{rel}","templated":true}]}}