{"id":10949,"date":"2025-02-05T23:02:53","date_gmt":"2025-02-05T23:02:53","guid":{"rendered":"https:\/\/edimeinter.com\/libreria\/?post_type=product&#038;p=10949"},"modified":"2025-03-03T15:35:08","modified_gmt":"2025-03-03T15:35:08","slug":"farmacologia-para-el-fisioterapeuta-2a-edicion","status":"publish","type":"product","link":"https:\/\/edimeinter.com\/libreria\/product\/farmacologia-para-el-fisioterapeuta-2a-edicion\/","title":{"rendered":"Farmacolog\u00eda para el Fisioterapeuta. 2\u00aa Edici\u00f3n"},"content":{"rendered":"\t\t<div data-elementor-type=\"wp-post\" data-elementor-id=\"10949\" class=\"elementor elementor-10949\">\n\t\t\t\t<div class=\"elementor-element elementor-element-2612b12 e-flex e-con-boxed e-con e-parent\" data-id=\"2612b12\" data-element_type=\"container\" data-e-type=\"container\">\n\t\t\t\t\t<div class=\"e-con-inner\">\n\t\t\n\t\t<div class=\"elementor-element elementor-element-498707ae elementor-widget elementor-widget-text-editor\" data-id=\"498707ae\" data-element_type=\"widget\" data-e-type=\"widget\" data-widget_type=\"text-editor.default\">\n\t\t\t\t<div class=\"elementor-widget-container\">\n\t\t\t\t\t\t\t\t\t<p>Basado en el t\u00edtulo cl\u00e1sico Katzung. Farmacolog\u00eda b\u00e1sica y cl\u00ednica, el objetivo de este innovador libro es proporcionar una base integral, aunque enfocada, en farmacolog\u00eda para ayudar a los profesionales de la rehabilitaci\u00f3n a entender c\u00f3mo el uso de f\u00e1rmacos puede alterar la presentaci\u00f3n cl\u00ednica de sus pacientes, as\u00ed como sus respuestas a las intervenciones terap\u00e9uticas.<\/p><p>Cada cap\u00edtulo sigue un esquema similar. Un Caso de Estudio, al inicio del cap\u00edtulo, ilustra c\u00f3mo los f\u00e1rmacos del paciente pueden afectarle en la sesi\u00f3n de terapia mientras que una explicaci\u00f3n de c\u00f3mo deber\u00eda ajustarse la terapia cierra el cap\u00edtulo. Una secci\u00f3n introductoria.<\/p>\t\t\t\t\t\t\t\t<\/div>\n\t\t\t\t<\/div>\n\t\t\t\t\t<\/div>\n\t\t\t\t<\/div>\n\t\t\t\t<\/div>\n\t\t","protected":false},"excerpt":{"rendered":"<p><strong>Autores:<\/strong>\u00a0Jobst E. Erin<br \/>\n<strong>ISBN:<\/strong>\u00a09786071517982<br \/>\n<strong>Editorial:<\/strong>\u00a0McGraw-Hill<br \/>\n<strong>Edici\u00f3n:<\/strong>\u00a02\u00aa<br \/>\n<strong>Especialidad<\/strong>: Fisioterapia<br \/>\n<strong>P\u00e1ginas<\/strong>: 454<br \/>\n\u00a9 2022<\/p>\n","protected":false},"featured_media":10950,"comment_status":"open","ping_status":"open","template":"","meta":{"_joinchat":[]},"product_cat":[111],"product_tag":[112,99],"class_list":{"0":"post-10949","1":"product","2":"type-product","3":"status-publish","4":"has-post-thumbnail","6":"product_cat-fisioterapia","7":"product_tag-fisioterapia","8":"product_tag-mcgraw-hill","10":"first","11":"instock","12":"featured","13":"taxable","14":"shipping-taxable","15":"purchasable","16":"product-type-simple"},"_links":{"self":[{"href":"https:\/\/edimeinter.com\/libreria\/wp-json\/wp\/v2\/product\/10949","targetHints":{"allow":["GET"]}}],"collection":[{"href":"https:\/\/edimeinter.com\/libreria\/wp-json\/wp\/v2\/product"}],"about":[{"href":"https:\/\/edimeinter.com\/libreria\/wp-json\/wp\/v2\/types\/product"}],"replies":[{"embeddable":true,"href":"https:\/\/edimeinter.com\/libreria\/wp-json\/wp\/v2\/comments?post=10949"}],"version-history":[{"count":1,"href":"https:\/\/edimeinter.com\/libreria\/wp-json\/wp\/v2\/product\/10949\/revisions"}],"predecessor-version":[{"id":15065,"href":"https:\/\/edimeinter.com\/libreria\/wp-json\/wp\/v2\/product\/10949\/revisions\/15065"}],"wp:featuredmedia":[{"embeddable":true,"href":"https:\/\/edimeinter.com\/libreria\/wp-json\/wp\/v2\/media\/10950"}],"wp:attachment":[{"href":"https:\/\/edimeinter.com\/libreria\/wp-json\/wp\/v2\/media?parent=10949"}],"wp:term":[{"taxonomy":"product_cat","embeddable":true,"href":"https:\/\/edimeinter.com\/libreria\/wp-json\/wp\/v2\/product_cat?post=10949"},{"taxonomy":"product_tag","embeddable":true,"href":"https:\/\/edimeinter.com\/libreria\/wp-json\/wp\/v2\/product_tag?post=10949"}],"curies":[{"name":"wp","href":"https:\/\/api.w.org\/{rel}","templated":true}]}}