{"id":10999,"date":"2025-02-06T15:29:22","date_gmt":"2025-02-06T15:29:22","guid":{"rendered":"https:\/\/edimeinter.com\/libreria\/?post_type=product&#038;p=10999"},"modified":"2025-03-09T20:21:07","modified_gmt":"2025-03-09T20:21:07","slug":"baja-vision-6a-edicion","status":"publish","type":"product","link":"https:\/\/edimeinter.com\/libreria\/product\/baja-vision-6a-edicion\/","title":{"rendered":"Baja visi\u00f3n. 6\u00aa Edici\u00f3n"},"content":{"rendered":"\t\t<div data-elementor-type=\"wp-post\" data-elementor-id=\"10999\" class=\"elementor elementor-10999\">\n\t\t\t\t<div class=\"elementor-element elementor-element-2612b12 e-flex e-con-boxed e-con e-parent\" data-id=\"2612b12\" data-element_type=\"container\" data-e-type=\"container\">\n\t\t\t\t\t<div class=\"e-con-inner\">\n\t\t\n\t\t<div class=\"elementor-element elementor-element-498707ae elementor-widget elementor-widget-text-editor\" data-id=\"498707ae\" data-element_type=\"widget\" data-e-type=\"widget\" data-widget_type=\"text-editor.default\">\n\t\t\t\t<div class=\"elementor-widget-container\">\n\t\t\t\t\t\t\t\t\t<p>La presente obra cubre todos los aspectos necesarios para el tratamiento exitoso de esta condici\u00f3n visual, ofreciendo un perfecto equilibrio entre teor\u00eda y pr\u00e1ctica. De modo conciso, pero exhaustivo, se abordan desde los fundamentos te\u00f3ricos hasta las herramientas de rehabilitaci\u00f3n y las estrategias terap\u00e9uticas actuales de la baja visi\u00f3n, todo ello desde un punto de vista eminentemente pr\u00e1ctico. Baja visi\u00f3n ayudar\u00e1 a los profesionales del cuidado de la visi\u00f3n y a los estudiantes de la especialidad a estar plenamente al d\u00eda en la utilizaci\u00f3n de los dispositivos \u00f3pticos y electr\u00f3nicos m\u00e1s recientes, as\u00ed como a la implementaci\u00f3n de las \u00faltimas gu\u00edas de rehabilitaci\u00f3n visual basadas en la evidencia.<\/p>\t\t\t\t\t\t\t\t<\/div>\n\t\t\t\t<\/div>\n\t\t\t\t\t<\/div>\n\t\t\t\t<\/div>\n\t\t\t\t<\/div>\n\t\t","protected":false},"excerpt":{"rendered":"<p><strong>Autores:<\/strong>\u00a0Christine Dickinson &amp; Ana Hernandez Trillo &amp; Michael Crossland<br \/>\n<strong>ISBN:<\/strong>\u00a09788413826127<br \/>\n<strong>Editorial:<\/strong>\u00a0Elsevier<br \/>\n<strong>Edici\u00f3n:<\/strong>\u00a01\u00aa<br \/>\n<strong>Especialidad<\/strong>: Oftalmolog\u00eda y Optometr\u00eda<br \/>\n<strong>P\u00e1ginas<\/strong>: 334<br \/>\n\u00a9 2024<\/p>\n","protected":false},"featured_media":11000,"comment_status":"open","ping_status":"open","template":"","meta":{"_joinchat":[]},"product_cat":[95],"product_tag":[240,85,96],"class_list":{"0":"post-10999","1":"product","2":"type-product","3":"status-publish","4":"has-post-thumbnail","6":"product_cat-oftalmologia-y-optometria","7":"product_tag-240","8":"product_tag-elsevier","9":"product_tag-oftalmologia-y-optometria","11":"first","12":"instock","13":"featured","14":"taxable","15":"shipping-taxable","16":"purchasable","17":"product-type-simple"},"_links":{"self":[{"href":"https:\/\/edimeinter.com\/libreria\/wp-json\/wp\/v2\/product\/10999","targetHints":{"allow":["GET"]}}],"collection":[{"href":"https:\/\/edimeinter.com\/libreria\/wp-json\/wp\/v2\/product"}],"about":[{"href":"https:\/\/edimeinter.com\/libreria\/wp-json\/wp\/v2\/types\/product"}],"replies":[{"embeddable":true,"href":"https:\/\/edimeinter.com\/libreria\/wp-json\/wp\/v2\/comments?post=10999"}],"version-history":[{"count":1,"href":"https:\/\/edimeinter.com\/libreria\/wp-json\/wp\/v2\/product\/10999\/revisions"}],"predecessor-version":[{"id":15068,"href":"https:\/\/edimeinter.com\/libreria\/wp-json\/wp\/v2\/product\/10999\/revisions\/15068"}],"wp:featuredmedia":[{"embeddable":true,"href":"https:\/\/edimeinter.com\/libreria\/wp-json\/wp\/v2\/media\/11000"}],"wp:attachment":[{"href":"https:\/\/edimeinter.com\/libreria\/wp-json\/wp\/v2\/media?parent=10999"}],"wp:term":[{"taxonomy":"product_cat","embeddable":true,"href":"https:\/\/edimeinter.com\/libreria\/wp-json\/wp\/v2\/product_cat?post=10999"},{"taxonomy":"product_tag","embeddable":true,"href":"https:\/\/edimeinter.com\/libreria\/wp-json\/wp\/v2\/product_tag?post=10999"}],"curies":[{"name":"wp","href":"https:\/\/api.w.org\/{rel}","templated":true}]}}