{"id":11005,"date":"2025-02-06T15:34:31","date_gmt":"2025-02-06T15:34:31","guid":{"rendered":"https:\/\/edimeinter.com\/libreria\/?post_type=product&#038;p=11005"},"modified":"2026-01-27T22:58:13","modified_gmt":"2026-01-27T22:58:13","slug":"radiologia-basica-5a-edicion","status":"publish","type":"product","link":"https:\/\/edimeinter.com\/libreria\/product\/radiologia-basica-5a-edicion\/","title":{"rendered":"Radiolog\u00eda b\u00e1sica. 5\u00aa Edici\u00f3n"},"content":{"rendered":"\t\t<div data-elementor-type=\"wp-post\" data-elementor-id=\"11005\" class=\"elementor elementor-11005\">\n\t\t\t\t<div class=\"elementor-element elementor-element-2612b12 e-flex e-con-boxed e-con e-parent\" data-id=\"2612b12\" data-element_type=\"container\" data-e-type=\"container\">\n\t\t\t\t\t<div class=\"e-con-inner\">\n\t\t\n\t\t<div class=\"elementor-element elementor-element-498707ae elementor-widget elementor-widget-text-editor\" data-id=\"498707ae\" data-element_type=\"widget\" data-e-type=\"widget\" data-widget_type=\"text-editor.default\">\n\t\t\t\t<div class=\"elementor-widget-container\">\n\t\t\t\t\t\t\t\t\t<p>Nueva edici\u00f3n del texto b\u00e1sico en radiolog\u00eda que proporciona a los estudiantes de Medicina una introducci\u00f3n, completa y actualizada a la disciplina y les ayuda a interpretar las im\u00e1genes radiol\u00f3gicas m\u00e1s habituales y a diferenciar las normales de las que se presentan en las diferentes patolog\u00edas.<\/p><p>Ofrece tambi\u00e9n un repaso r\u00e1pido para los residentes y para los profesionales de campos relacionados, como el personal de enfermer\u00eda.Incluye desde los aspectos b\u00e1sicos de seguridad del paciente, reducci\u00f3n de la dosis y protecci\u00f3n frente a la radiaci\u00f3n hasta la informaci\u00f3n m\u00e1s reciente sobre ecograf\u00eda, RM y TC<\/p><p>As\u00edmismo, ense\u00f1a c\u00f3mo llegar a un diagn\u00f3stico siguiendo un enfoque de reconocimiento de personas y a superar las dificultades diagn\u00f3sticas con ayuda de \u00e1rboles de decisi\u00f3n.<\/p><p>Presenta un formato esquem\u00e1tico de f\u00e1cil lectura, ilustraciones de alta calidad, tablas \u00fatiles y cuadros did\u00e1cticos, as\u00ed como contenido especial en los cuadros \u00abArtefactos diagn\u00f3sticos\u00bb, \u00abPuntos importantes\u00bb y \u00abPuntos clave\u00bb.<\/p><p>En la nueva edici\u00f3n se renueva gran parte de la iconograf\u00eda; aproximadamente la tercera parte de las m\u00e1s de 1.600 ilustraciones (print + online) son totalmente nuevas y se enriquece especialmente la parte de contenido online<\/p><p>Adem\u00e1s, incluye contenido adicional online en ingl\u00e9s a trav\u00e9s de la plataforma e-book+ en la que se encuentran numerosos recursos (acceso al e-book completo, im\u00e1genes adicionales, nuevas secciones dedicadas a la Medicina nuclear, Seguridad; algoritmos de diagn\u00f3stico, palabras clave, casos cl\u00ednicos).<\/p>\t\t\t\t\t\t\t\t<\/div>\n\t\t\t\t<\/div>\n\t\t\t\t\t<\/div>\n\t\t\t\t<\/div>\n\t\t\t\t<\/div>\n\t\t","protected":false},"excerpt":{"rendered":"<p><strong>Autores:<\/strong>\u00a0William Herring<br \/>\n<strong>ISBN:<\/strong>\u00a09788413825793<br \/>\n<strong>Editorial:<\/strong>\u00a0Elsevier<br \/>\n<strong>Edici\u00f3n:<\/strong>\u00a05\u00aa<br \/>\n<strong>Especialidad<\/strong>: Diagn\u00f3stico por Imagen<br \/>\n<strong>P\u00e1ginas<\/strong>: 436<br \/>\n\u00a9 2024<\/p>\n","protected":false},"featured_media":11006,"comment_status":"open","ping_status":"closed","template":"","meta":{"_joinchat":[]},"product_cat":[80],"product_tag":[240,81,85],"class_list":{"0":"post-11005","1":"product","2":"type-product","3":"status-publish","4":"has-post-thumbnail","6":"product_cat-diagnostico-por-imagenes","7":"product_tag-240","8":"product_tag-diagnostico-por-imagenes","9":"product_tag-elsevier","11":"first","12":"instock","13":"featured","14":"taxable","15":"shipping-taxable","16":"purchasable","17":"product-type-simple"},"_links":{"self":[{"href":"https:\/\/edimeinter.com\/libreria\/wp-json\/wp\/v2\/product\/11005","targetHints":{"allow":["GET"]}}],"collection":[{"href":"https:\/\/edimeinter.com\/libreria\/wp-json\/wp\/v2\/product"}],"about":[{"href":"https:\/\/edimeinter.com\/libreria\/wp-json\/wp\/v2\/types\/product"}],"replies":[{"embeddable":true,"href":"https:\/\/edimeinter.com\/libreria\/wp-json\/wp\/v2\/comments?post=11005"}],"version-history":[{"count":1,"href":"https:\/\/edimeinter.com\/libreria\/wp-json\/wp\/v2\/product\/11005\/revisions"}],"predecessor-version":[{"id":15069,"href":"https:\/\/edimeinter.com\/libreria\/wp-json\/wp\/v2\/product\/11005\/revisions\/15069"}],"wp:featuredmedia":[{"embeddable":true,"href":"https:\/\/edimeinter.com\/libreria\/wp-json\/wp\/v2\/media\/11006"}],"wp:attachment":[{"href":"https:\/\/edimeinter.com\/libreria\/wp-json\/wp\/v2\/media?parent=11005"}],"wp:term":[{"taxonomy":"product_cat","embeddable":true,"href":"https:\/\/edimeinter.com\/libreria\/wp-json\/wp\/v2\/product_cat?post=11005"},{"taxonomy":"product_tag","embeddable":true,"href":"https:\/\/edimeinter.com\/libreria\/wp-json\/wp\/v2\/product_tag?post=11005"}],"curies":[{"name":"wp","href":"https:\/\/api.w.org\/{rel}","templated":true}]}}