{"id":11035,"date":"2025-02-06T16:39:37","date_gmt":"2025-02-06T16:39:37","guid":{"rendered":"https:\/\/edimeinter.com\/libreria\/?post_type=product&#038;p=11035"},"modified":"2025-03-09T20:18:38","modified_gmt":"2025-03-09T20:18:38","slug":"braunwald-cardiologia-en-atencion-primaria-12a-edicion","status":"publish","type":"product","link":"https:\/\/edimeinter.com\/libreria\/product\/braunwald-cardiologia-en-atencion-primaria-12a-edicion\/","title":{"rendered":"El sistema renal. 3\u00aa Edici\u00f3n"},"content":{"rendered":"\t\t<div data-elementor-type=\"wp-post\" data-elementor-id=\"11035\" class=\"elementor elementor-11035\">\n\t\t\t\t<div class=\"elementor-element elementor-element-2612b12 e-flex e-con-boxed e-con e-parent\" data-id=\"2612b12\" data-element_type=\"container\" data-e-type=\"container\">\n\t\t\t\t\t<div class=\"e-con-inner\">\n\t\t\n\t\t<div class=\"elementor-element elementor-element-498707ae elementor-widget elementor-widget-text-editor\" data-id=\"498707ae\" data-element_type=\"widget\" data-e-type=\"widget\" data-widget_type=\"text-editor.default\">\n\t\t\t\t<div class=\"elementor-widget-container\">\n\t\t\t\t\t\t\t\t\t<p>Nuevo t\u00edtulo en el \u00e1rea de nefrolog\u00eda que presenta el conocimiento b\u00e1sico de la ciencia b\u00e1sica y las condiciones cl\u00ednicas que necesitan los estudiantes de medicina, ofreciendo una visi\u00f3n concisa y totalmente integrada del sistema renal que puede ser dif\u00edcil de encontrar en los libros de texto m\u00e1s tradicionales. Numerosos casos cl\u00ednicos ayudan a relacionar\u00a0los principios clave con la pr\u00e1ctica actual, con v\u00ednculos a las habilidades cl\u00ednicas, la investigaci\u00f3n cl\u00ednica y la terap\u00e9utica.<\/p><p>El presente texto, proporciona una cobertura muy accesible de los principios b\u00e1sicos de la ciencia b\u00e1sica en el contexto de las historias de casos cl\u00ednicos, lo que proporciona una visi\u00f3n totalmente integrada del sistema tratado y sus principales enfermedades.<\/p><p>Cada cap\u00edtulo se basa en un escenario de caso cl\u00ednico, y se realiza el proceso de aprendizaje a trav\u00e9s de los problemas del paciente. Finalmente se realizan unas cuestiones con opci\u00f3n m\u00faltiple de respuesta, que se resuelven con contenidos explicativos.\u00a0El texto presenta una magn\u00edfica iconograf\u00eda y un elevado n\u00famero de tablas que facilitan la comprensi\u00f3n del texto.<\/p><p>La obra ofrece acceso a contenido electr\u00f3nico adicional en ingl\u00e9s disponible a trav\u00e9s de la plataforma de e-book+<\/p>\t\t\t\t\t\t\t\t<\/div>\n\t\t\t\t<\/div>\n\t\t\t\t\t<\/div>\n\t\t\t\t<\/div>\n\t\t\t\t<\/div>\n\t\t","protected":false},"excerpt":{"rendered":"<p><strong>Autores:<\/strong>\u00a0Vincent Lee<br \/>\n<strong>ISBN:<\/strong>\u00a09788413825267<br \/>\n<strong>Editorial:<\/strong>\u00a0Elsevier<br \/>\n<strong>Edici\u00f3n:<\/strong>\u00a03\u00aa<br \/>\n<strong>Especialidad<\/strong>: Nefrolog\u00eda Cl\u00ednica<br \/>\n<strong>P\u00e1ginas<\/strong>: 190<br \/>\n\u00a9 2024<\/p>\n","protected":false},"featured_media":11045,"comment_status":"open","ping_status":"open","template":"","meta":{"_joinchat":[]},"product_cat":[113],"product_tag":[240,85,114],"class_list":{"0":"post-11035","1":"product","2":"type-product","3":"status-publish","4":"has-post-thumbnail","6":"product_cat-nefrologia-clinica","7":"product_tag-240","8":"product_tag-elsevier","9":"product_tag-nefrologia-clinica","11":"first","12":"instock","13":"featured","14":"taxable","15":"shipping-taxable","16":"purchasable","17":"product-type-simple"},"_links":{"self":[{"href":"https:\/\/edimeinter.com\/libreria\/wp-json\/wp\/v2\/product\/11035","targetHints":{"allow":["GET"]}}],"collection":[{"href":"https:\/\/edimeinter.com\/libreria\/wp-json\/wp\/v2\/product"}],"about":[{"href":"https:\/\/edimeinter.com\/libreria\/wp-json\/wp\/v2\/types\/product"}],"replies":[{"embeddable":true,"href":"https:\/\/edimeinter.com\/libreria\/wp-json\/wp\/v2\/comments?post=11035"}],"version-history":[{"count":1,"href":"https:\/\/edimeinter.com\/libreria\/wp-json\/wp\/v2\/product\/11035\/revisions"}],"predecessor-version":[{"id":15070,"href":"https:\/\/edimeinter.com\/libreria\/wp-json\/wp\/v2\/product\/11035\/revisions\/15070"}],"wp:featuredmedia":[{"embeddable":true,"href":"https:\/\/edimeinter.com\/libreria\/wp-json\/wp\/v2\/media\/11045"}],"wp:attachment":[{"href":"https:\/\/edimeinter.com\/libreria\/wp-json\/wp\/v2\/media?parent=11035"}],"wp:term":[{"taxonomy":"product_cat","embeddable":true,"href":"https:\/\/edimeinter.com\/libreria\/wp-json\/wp\/v2\/product_cat?post=11035"},{"taxonomy":"product_tag","embeddable":true,"href":"https:\/\/edimeinter.com\/libreria\/wp-json\/wp\/v2\/product_tag?post=11035"}],"curies":[{"name":"wp","href":"https:\/\/api.w.org\/{rel}","templated":true}]}}