{"id":11075,"date":"2025-02-06T17:30:05","date_gmt":"2025-02-06T17:30:05","guid":{"rendered":"https:\/\/edimeinter.com\/libreria\/?post_type=product&#038;p=11075"},"modified":"2025-03-03T15:45:31","modified_gmt":"2025-03-03T15:45:31","slug":"tecnicas-reproductivas-en-las-especies-animales-1a-edicion","status":"publish","type":"product","link":"https:\/\/edimeinter.com\/libreria\/product\/tecnicas-reproductivas-en-las-especies-animales-1a-edicion\/","title":{"rendered":"T\u00e9cnicas reproductivas en las especies animales. 1\u00aa Edici\u00f3n"},"content":{"rendered":"\t\t<div data-elementor-type=\"wp-post\" data-elementor-id=\"11075\" class=\"elementor elementor-11075\">\n\t\t\t\t<div class=\"elementor-element elementor-element-2612b12 e-flex e-con-boxed e-con e-parent\" data-id=\"2612b12\" data-element_type=\"container\" data-e-type=\"container\">\n\t\t\t\t\t<div class=\"e-con-inner\">\n\t\t\n\t\t<div class=\"elementor-element elementor-element-498707ae elementor-widget elementor-widget-text-editor\" data-id=\"498707ae\" data-element_type=\"widget\" data-e-type=\"widget\" data-widget_type=\"text-editor.default\">\n\t\t\t\t<div class=\"elementor-widget-container\">\n\t\t\t\t\t\t\t\t\t<p>T\u00e9cnicas reproductivas en las especies animales aborda todas las actuaciones que se llevan a cabo en el campo de la biotecnolog\u00eda de la reproducci\u00f3n. Sus contenidos se estructuran en secciones tem\u00e1ticas bien diferenciadas que incluyen el control del ciclo estral, la obtenci\u00f3n de semen, la conservaci\u00f3n del esperma, la inseminaci\u00f3n artificial, la transferencia y criopreservaci\u00f3n de embriones, y las t\u00e9cnicas de producci\u00f3n in vitro. Dentro de cada secci\u00f3n, y con objeto de facilitar la consulta, cada cap\u00edtulo se centra en una sola especie animal: equinos, bovinos, peque\u00f1os rumiantes, cerdos, perros y gatos. Adicionalmente incluye una secci\u00f3n dedicada a las t\u00e9cnicas reproductivas de mayor inter\u00e9s en conejos, cam\u00e9lidos y gallinas, especies de gran importancia pero a menudo pasadas por alto en otros manuales de la especialidad.<\/p>\t\t\t\t\t\t\t\t<\/div>\n\t\t\t\t<\/div>\n\t\t\t\t\t<\/div>\n\t\t\t\t<\/div>\n\t\t\t\t<\/div>\n\t\t","protected":false},"excerpt":{"rendered":"<div>\n<p><strong>Autores:<\/strong>\u00a0Carlos C. P\u00e9rez Mar\u00edn &amp; Lydia Gil Huerta &amp; Luis \u00c1ngel Quintela Arias &amp; Juan Morgaz Rodr\u00edguez &amp; Pilar Mu\u00f1oz Rasc\u00f3n &amp; Alba Gal\u00e1n Rodr\u00edguez<br \/>\n<strong>ISBN:<\/strong>\u00a09788413823713<br \/>\n<strong>Editorial:<\/strong>\u00a0Elsevier<br \/>\n<strong>Edici\u00f3n:<\/strong>\u00a01\u00aa<br \/>\n<strong>Especialidad<\/strong>: Veterinaria<br \/>\n<strong>P\u00e1ginas<\/strong>: 328<br \/>\n\u00a9 2023<\/p>\n<\/div>\n","protected":false},"featured_media":11076,"comment_status":"open","ping_status":"open","template":"","meta":{"_joinchat":[]},"product_cat":[162],"product_tag":[85,163],"class_list":{"0":"post-11075","1":"product","2":"type-product","3":"status-publish","4":"has-post-thumbnail","6":"product_cat-veterinaria","7":"product_tag-elsevier","8":"product_tag-veterinaria","10":"first","11":"instock","12":"featured","13":"taxable","14":"shipping-taxable","15":"purchasable","16":"product-type-simple"},"_links":{"self":[{"href":"https:\/\/edimeinter.com\/libreria\/wp-json\/wp\/v2\/product\/11075","targetHints":{"allow":["GET"]}}],"collection":[{"href":"https:\/\/edimeinter.com\/libreria\/wp-json\/wp\/v2\/product"}],"about":[{"href":"https:\/\/edimeinter.com\/libreria\/wp-json\/wp\/v2\/types\/product"}],"replies":[{"embeddable":true,"href":"https:\/\/edimeinter.com\/libreria\/wp-json\/wp\/v2\/comments?post=11075"}],"version-history":[{"count":1,"href":"https:\/\/edimeinter.com\/libreria\/wp-json\/wp\/v2\/product\/11075\/revisions"}],"predecessor-version":[{"id":15075,"href":"https:\/\/edimeinter.com\/libreria\/wp-json\/wp\/v2\/product\/11075\/revisions\/15075"}],"wp:featuredmedia":[{"embeddable":true,"href":"https:\/\/edimeinter.com\/libreria\/wp-json\/wp\/v2\/media\/11076"}],"wp:attachment":[{"href":"https:\/\/edimeinter.com\/libreria\/wp-json\/wp\/v2\/media?parent=11075"}],"wp:term":[{"taxonomy":"product_cat","embeddable":true,"href":"https:\/\/edimeinter.com\/libreria\/wp-json\/wp\/v2\/product_cat?post=11075"},{"taxonomy":"product_tag","embeddable":true,"href":"https:\/\/edimeinter.com\/libreria\/wp-json\/wp\/v2\/product_tag?post=11075"}],"curies":[{"name":"wp","href":"https:\/\/api.w.org\/{rel}","templated":true}]}}