{"id":11081,"date":"2025-02-06T17:37:25","date_gmt":"2025-02-06T17:37:25","guid":{"rendered":"https:\/\/edimeinter.com\/libreria\/?post_type=product&#038;p=11081"},"modified":"2025-03-03T15:46:28","modified_gmt":"2025-03-03T15:46:28","slug":"el-proceso-de-donacion-y-trasplante-de-organos-1a-edicion","status":"publish","type":"product","link":"https:\/\/edimeinter.com\/libreria\/product\/el-proceso-de-donacion-y-trasplante-de-organos-1a-edicion\/","title":{"rendered":"El proceso de donaci\u00f3n y trasplante de \u00f3rganos. 1\u00aa Edici\u00f3n"},"content":{"rendered":"\t\t<div data-elementor-type=\"wp-post\" data-elementor-id=\"11081\" class=\"elementor elementor-11081\">\n\t\t\t\t<div class=\"elementor-element elementor-element-2612b12 e-flex e-con-boxed e-con e-parent\" data-id=\"2612b12\" data-element_type=\"container\" data-e-type=\"container\">\n\t\t\t\t\t<div class=\"e-con-inner\">\n\t\t\n\t\t<div class=\"elementor-element elementor-element-498707ae elementor-widget elementor-widget-text-editor\" data-id=\"498707ae\" data-element_type=\"widget\" data-e-type=\"widget\" data-widget_type=\"text-editor.default\">\n\t\t\t\t<div class=\"elementor-widget-container\">\n\t\t\t\t\t\t\t\t\t<p>El proceso de donaci\u00f3n y trasplante de \u00f3rganos. Desde la sociedad hasta la cl\u00ednica presenta los aspectos fundamentales del proceso de donaci\u00f3n de \u00f3rganos, tejidos y c\u00e9lulas para trasplante, desde la solicitud de donaci\u00f3n, pasando por la extracci\u00f3n de los \u00f3rganos, los tejidos y las c\u00e9lulas, hasta los diferentes tipos de trasplante. Se analizan los cuidados b\u00e1sicos que requieren los trasplantados tras la cirug\u00eda y las complicaciones que pueden presentar en su evoluci\u00f3n. Adem\u00e1s, se abordan las profundas implicaciones psicosociales que conllevan la donaci\u00f3n y el trasplante, as\u00ed como las principales l\u00edneas de investigaci\u00f3n en este campo de la medicina.<\/p><p>Este manual constituye una herramienta fundamental para todos aquellos profesionales de la salud, en formaci\u00f3n o en ejercicio, que quieran conocer y profundizar de manera integral en todo el proceso de donaci\u00f3n y trasplante de \u00f3rganos, y entender sus implicaciones psicosociales.<\/p>\t\t\t\t\t\t\t\t<\/div>\n\t\t\t\t<\/div>\n\t\t\t\t\t<\/div>\n\t\t\t\t<\/div>\n\t\t\t\t<\/div>\n\t\t","protected":false},"excerpt":{"rendered":"<p><strong>Autores:<\/strong>\u00a0Antonio R\u00edos Zambudio &amp; Pablo Ram\u00edrez Romero<br \/>\n<strong>ISBN:<\/strong>\u00a09788413822471<br \/>\n<strong>Editorial:<\/strong>\u00a0Elsevier<br \/>\n<strong>Edici\u00f3n:<\/strong>\u00a01\u00aa<br \/>\n<strong>Especialidad<\/strong>: Cirug\u00eda<br \/>\n<strong>P\u00e1ginas<\/strong>: 560<br \/>\n\u00a9 2023<\/p>\n","protected":false},"featured_media":11082,"comment_status":"open","ping_status":"open","template":"","meta":{"_joinchat":[]},"product_cat":[175],"product_tag":[176,85],"class_list":{"0":"post-11081","1":"product","2":"type-product","3":"status-publish","4":"has-post-thumbnail","6":"product_cat-cirugia","7":"product_tag-cirugia","8":"product_tag-elsevier","10":"first","11":"instock","12":"featured","13":"taxable","14":"shipping-taxable","15":"purchasable","16":"product-type-simple"},"_links":{"self":[{"href":"https:\/\/edimeinter.com\/libreria\/wp-json\/wp\/v2\/product\/11081","targetHints":{"allow":["GET"]}}],"collection":[{"href":"https:\/\/edimeinter.com\/libreria\/wp-json\/wp\/v2\/product"}],"about":[{"href":"https:\/\/edimeinter.com\/libreria\/wp-json\/wp\/v2\/types\/product"}],"replies":[{"embeddable":true,"href":"https:\/\/edimeinter.com\/libreria\/wp-json\/wp\/v2\/comments?post=11081"}],"version-history":[{"count":1,"href":"https:\/\/edimeinter.com\/libreria\/wp-json\/wp\/v2\/product\/11081\/revisions"}],"predecessor-version":[{"id":15076,"href":"https:\/\/edimeinter.com\/libreria\/wp-json\/wp\/v2\/product\/11081\/revisions\/15076"}],"wp:featuredmedia":[{"embeddable":true,"href":"https:\/\/edimeinter.com\/libreria\/wp-json\/wp\/v2\/media\/11082"}],"wp:attachment":[{"href":"https:\/\/edimeinter.com\/libreria\/wp-json\/wp\/v2\/media?parent=11081"}],"wp:term":[{"taxonomy":"product_cat","embeddable":true,"href":"https:\/\/edimeinter.com\/libreria\/wp-json\/wp\/v2\/product_cat?post=11081"},{"taxonomy":"product_tag","embeddable":true,"href":"https:\/\/edimeinter.com\/libreria\/wp-json\/wp\/v2\/product_tag?post=11081"}],"curies":[{"name":"wp","href":"https:\/\/api.w.org\/{rel}","templated":true}]}}