{"id":11087,"date":"2025-02-06T17:40:52","date_gmt":"2025-02-06T17:40:52","guid":{"rendered":"https:\/\/edimeinter.com\/libreria\/?post_type=product&#038;p=11087"},"modified":"2025-03-03T15:48:44","modified_gmt":"2025-03-03T15:48:44","slug":"radiologia-de-mama-4a-edicion","status":"publish","type":"product","link":"https:\/\/edimeinter.com\/libreria\/product\/radiologia-de-mama-4a-edicion\/","title":{"rendered":"Radiolog\u00eda de mama. 4\u00aa Edici\u00f3n"},"content":{"rendered":"\t\t<div data-elementor-type=\"wp-post\" data-elementor-id=\"11087\" class=\"elementor elementor-11087\">\n\t\t\t\t<div class=\"elementor-element elementor-element-2612b12 e-flex e-con-boxed e-con e-parent\" data-id=\"2612b12\" data-element_type=\"container\" data-e-type=\"container\">\n\t\t\t\t\t<div class=\"e-con-inner\">\n\t\t\n\t\t<div class=\"elementor-element elementor-element-498707ae elementor-widget elementor-widget-text-editor\" data-id=\"498707ae\" data-element_type=\"widget\" data-e-type=\"widget\" data-widget_type=\"text-editor.default\">\n\t\t\t\t<div class=\"elementor-widget-container\">\n\t\t\t\t\t\t\t\t\t<p>Centr\u00e1ndose en la informaci\u00f3n pr\u00e1ctica, Radiolog\u00eda de mama, 4.\u00aa edici\u00f3n, hace hincapi\u00e9 en los fundamentos b\u00e1sicos para ayudarle a comprender los conceptos principales de las im\u00e1genes de mama, refrescar sus conocimientos sobre conceptos clave y aprender estrategias para proporcionar informes provechosos a los m\u00e9dicos solicitantes. Esta edici\u00f3n, completamente reescrita y reorganizada, enfatiza los conocimientos esenciales necesarios en un formato de f\u00e1cil lectura, con actualizaciones exhaustivas que cubren las nuevas modalidades de imagen, las \u00faltimas directrices y la integraci\u00f3n de la informaci\u00f3n relativa a los conceptos f\u00edsicos a lo largo de todo el libro.<\/p>\t\t\t\t\t\t\t\t<\/div>\n\t\t\t\t<\/div>\n\t\t\t\t\t<\/div>\n\t\t\t\t<\/div>\n\t\t\t\t<\/div>\n\t\t","protected":false},"excerpt":{"rendered":"<p><strong>Autores:<\/strong>\u00a0Bonnie N. Joe &amp; Amie Y. Lee<br \/>\n<strong>ISBN:<\/strong>\u00a09788413825304<br \/>\n<strong>Editorial:<\/strong>\u00a0Elsevier<br \/>\n<strong>Edici\u00f3n:<\/strong>\u00a04\u00aa<br \/>\n<strong>Especialidad<\/strong>: Diagn\u00f3stico por Im\u00e1genes<br \/>\n<strong>P\u00e1ginas<\/strong>: 320<br \/>\n\u00a9 2023<\/p>\n","protected":false},"featured_media":11088,"comment_status":"open","ping_status":"open","template":"","meta":{"_joinchat":[]},"product_cat":[80],"product_tag":[81,85],"class_list":{"0":"post-11087","1":"product","2":"type-product","3":"status-publish","4":"has-post-thumbnail","6":"product_cat-diagnostico-por-imagenes","7":"product_tag-diagnostico-por-imagenes","8":"product_tag-elsevier","10":"first","11":"instock","12":"featured","13":"taxable","14":"shipping-taxable","15":"purchasable","16":"product-type-simple"},"_links":{"self":[{"href":"https:\/\/edimeinter.com\/libreria\/wp-json\/wp\/v2\/product\/11087","targetHints":{"allow":["GET"]}}],"collection":[{"href":"https:\/\/edimeinter.com\/libreria\/wp-json\/wp\/v2\/product"}],"about":[{"href":"https:\/\/edimeinter.com\/libreria\/wp-json\/wp\/v2\/types\/product"}],"replies":[{"embeddable":true,"href":"https:\/\/edimeinter.com\/libreria\/wp-json\/wp\/v2\/comments?post=11087"}],"version-history":[{"count":1,"href":"https:\/\/edimeinter.com\/libreria\/wp-json\/wp\/v2\/product\/11087\/revisions"}],"predecessor-version":[{"id":15077,"href":"https:\/\/edimeinter.com\/libreria\/wp-json\/wp\/v2\/product\/11087\/revisions\/15077"}],"wp:featuredmedia":[{"embeddable":true,"href":"https:\/\/edimeinter.com\/libreria\/wp-json\/wp\/v2\/media\/11088"}],"wp:attachment":[{"href":"https:\/\/edimeinter.com\/libreria\/wp-json\/wp\/v2\/media?parent=11087"}],"wp:term":[{"taxonomy":"product_cat","embeddable":true,"href":"https:\/\/edimeinter.com\/libreria\/wp-json\/wp\/v2\/product_cat?post=11087"},{"taxonomy":"product_tag","embeddable":true,"href":"https:\/\/edimeinter.com\/libreria\/wp-json\/wp\/v2\/product_tag?post=11087"}],"curies":[{"name":"wp","href":"https:\/\/api.w.org\/{rel}","templated":true}]}}