{"id":11093,"date":"2025-02-06T17:43:40","date_gmt":"2025-02-06T17:43:40","guid":{"rendered":"https:\/\/edimeinter.com\/libreria\/?post_type=product&#038;p=11093"},"modified":"2025-03-03T15:49:46","modified_gmt":"2025-03-03T15:49:46","slug":"administracion-de-citostaticos-e-inmunoterapia-en-pediatria-1a-edicion","status":"publish","type":"product","link":"https:\/\/edimeinter.com\/libreria\/product\/administracion-de-citostaticos-e-inmunoterapia-en-pediatria-1a-edicion\/","title":{"rendered":"Administraci\u00f3n de citost\u00e1ticos e inmunoterapia en pediatr\u00eda. 1\u00aa Edici\u00f3n"},"content":{"rendered":"\t\t<div data-elementor-type=\"wp-post\" data-elementor-id=\"11093\" class=\"elementor elementor-11093\">\n\t\t\t\t<div class=\"elementor-element elementor-element-2612b12 e-flex e-con-boxed e-con e-parent\" data-id=\"2612b12\" data-element_type=\"container\" data-e-type=\"container\">\n\t\t\t\t\t<div class=\"e-con-inner\">\n\t\t\n\t\t<div class=\"elementor-element elementor-element-498707ae elementor-widget elementor-widget-text-editor\" data-id=\"498707ae\" data-element_type=\"widget\" data-e-type=\"widget\" data-widget_type=\"text-editor.default\">\n\t\t\t\t<div class=\"elementor-widget-container\">\n\t\t\t\t\t\t\t\t\t<p>Administraci\u00f3n de citost\u00e1ticos e inmunoterapia en pediatr\u00eda. Cuidados de enfermer\u00eda compila datos relativos al funcionamiento b\u00e1sico de la farmacocin\u00e9tica, tanto de los agentes de quimioterapia m\u00e1s utilizados en pediatr\u00eda como de los m\u00e1s recientes tratamientos de inmunoterapia. La gu\u00eda se centra en el efecto, la eliminaci\u00f3n y los posibles efectos secundarios de estos agentes, as\u00ed como en los cuidados de enfermer\u00eda destinados a prevenir o detectar precozmente posibles complicaciones. Adem\u00e1s, incluye recomendaciones para los profesionales y los docentes sanitarios sobre los autocuidados que recomendar a las familias en funci\u00f3n del agente administrado.<\/p><p>Redactada por enfermeras pedi\u00e1tricas del \u00e1rea de oncohematolog\u00eda, la obra se dirige a enfermeras pedi\u00e1tricas que administren tratamientos de quimioterapia y\/o inmunoterapia y que realicen los cuidados y seguimientos previos, simult\u00e1neos y posteriores a estas terapias. Tambi\u00e9n ser\u00e1 de inter\u00e9s para TCAE que trabajen con pacientes pedi\u00e1tricos durante la administraci\u00f3n y la eliminaci\u00f3n de quimioterapia y\/o inmunoterapia, as\u00ed como para cualquier profesional sanitario que atienda a pacientes pedi\u00e1tricos durante el tratamiento de quimioterapia y\/o inmunoterapia y las semanas posteriores.<\/p>\t\t\t\t\t\t\t\t<\/div>\n\t\t\t\t<\/div>\n\t\t\t\t\t<\/div>\n\t\t\t\t<\/div>\n\t\t\t\t<\/div>\n\t\t","protected":false},"excerpt":{"rendered":"<p><strong>Autores:<\/strong>\u00a0Cristina P\u00e9rez Conesa &amp; Elena Nogales Torres<br \/>\n<strong>ISBN:<\/strong>\u00a09788413824925<br \/>\n<strong>Editorial:<\/strong>\u00a0Elsevier<br \/>\n<strong>Edici\u00f3n:<\/strong>\u00a01\u00aa<br \/>\n<strong>Especialidad<\/strong>: Pediatr\u00eda y Neonatolog\u00eda<br \/>\n<strong>P\u00e1ginas<\/strong>: 216<br \/>\n\u00a9 2023<\/p>\n","protected":false},"featured_media":11094,"comment_status":"open","ping_status":"open","template":"","meta":{"_joinchat":[]},"product_cat":[130],"product_tag":[85,131],"class_list":{"0":"post-11093","1":"product","2":"type-product","3":"status-publish","4":"has-post-thumbnail","6":"product_cat-pediatria-y-neonatologia","7":"product_tag-elsevier","8":"product_tag-pediatria-y-neonatologia","10":"first","11":"instock","12":"featured","13":"taxable","14":"shipping-taxable","15":"purchasable","16":"product-type-simple"},"_links":{"self":[{"href":"https:\/\/edimeinter.com\/libreria\/wp-json\/wp\/v2\/product\/11093","targetHints":{"allow":["GET"]}}],"collection":[{"href":"https:\/\/edimeinter.com\/libreria\/wp-json\/wp\/v2\/product"}],"about":[{"href":"https:\/\/edimeinter.com\/libreria\/wp-json\/wp\/v2\/types\/product"}],"replies":[{"embeddable":true,"href":"https:\/\/edimeinter.com\/libreria\/wp-json\/wp\/v2\/comments?post=11093"}],"version-history":[{"count":1,"href":"https:\/\/edimeinter.com\/libreria\/wp-json\/wp\/v2\/product\/11093\/revisions"}],"predecessor-version":[{"id":15078,"href":"https:\/\/edimeinter.com\/libreria\/wp-json\/wp\/v2\/product\/11093\/revisions\/15078"}],"wp:featuredmedia":[{"embeddable":true,"href":"https:\/\/edimeinter.com\/libreria\/wp-json\/wp\/v2\/media\/11094"}],"wp:attachment":[{"href":"https:\/\/edimeinter.com\/libreria\/wp-json\/wp\/v2\/media?parent=11093"}],"wp:term":[{"taxonomy":"product_cat","embeddable":true,"href":"https:\/\/edimeinter.com\/libreria\/wp-json\/wp\/v2\/product_cat?post=11093"},{"taxonomy":"product_tag","embeddable":true,"href":"https:\/\/edimeinter.com\/libreria\/wp-json\/wp\/v2\/product_tag?post=11093"}],"curies":[{"name":"wp","href":"https:\/\/api.w.org\/{rel}","templated":true}]}}