{"id":11117,"date":"2025-02-06T18:20:03","date_gmt":"2025-02-06T18:20:03","guid":{"rendered":"https:\/\/edimeinter.com\/libreria\/?post_type=product&#038;p=11117"},"modified":"2025-12-22T20:02:54","modified_gmt":"2025-12-22T20:02:54","slug":"nutricion-comunitaria-4a-edicion","status":"publish","type":"product","link":"https:\/\/edimeinter.com\/libreria\/product\/nutricion-comunitaria-4a-edicion\/","title":{"rendered":"Nutrici\u00f3n comunitaria. 4\u00aa Edici\u00f3n"},"content":{"rendered":"\t\t<div data-elementor-type=\"wp-post\" data-elementor-id=\"11117\" class=\"elementor elementor-11117\">\n\t\t\t\t<div class=\"elementor-element elementor-element-2612b12 e-flex e-con-boxed e-con e-parent\" data-id=\"2612b12\" data-element_type=\"container\" data-e-type=\"container\">\n\t\t\t\t\t<div class=\"e-con-inner\">\n\t\t\n\t\t<div class=\"elementor-element elementor-element-498707ae elementor-widget elementor-widget-text-editor\" data-id=\"498707ae\" data-element_type=\"widget\" data-e-type=\"widget\" data-widget_type=\"text-editor.default\">\n\t\t\t\t<div class=\"elementor-widget-container\">\n\t\t\t\t\t\t\t\t\t<p>Nutrici\u00f3n comunitaria es el texto en castellano referente en la disciplina con casi 30 a\u00f1os de historia, dirigido por el Dr. Javier Aranceta, un reconocido experto en la aplicaci\u00f3n de la nutrici\u00f3n comunitaria tanto a nivel local como en los pa\u00edses latinoamericanos. Est\u00e1 dirigido tanto a estudiantes de Nutrici\u00f3n como Medicina y otros grados de Ciencias de la Salud. La nueva edici\u00f3n sigue la misma filosof\u00eda de las anteriores, es decir presentar de forma clara y de f\u00e1cil comprensi\u00f3n todos los aspectos relevantes en la disciplina. Esta edici\u00f3n incorpora 9 nuevos cap\u00edtulos. Especial atenci\u00f3n merecen los correspondientes al papel de la microbiota y el de las 7 \u201cS\u0094 de la Agenda de 2030.<\/p>\t\t\t\t\t\t\t\t<\/div>\n\t\t\t\t<\/div>\n\t\t\t\t\t<\/div>\n\t\t\t\t<\/div>\n\t\t\t\t<\/div>\n\t\t","protected":false},"excerpt":{"rendered":"<p><strong>Autores:<\/strong>\u00a0Javier Aranceta Bartrina<br \/>\n<strong>ISBN:<\/strong>\u00a09788413823836<br \/>\n<strong>Editorial:<\/strong>\u00a0Elsevier<br \/>\n<strong>Edici\u00f3n:<\/strong>\u00a04\u00aa<br \/>\n<strong>Especialidad<\/strong>: Nutrici\u00f3n y Dietoterapia<br \/>\n<strong>P\u00e1ginas<\/strong>: 472<br \/>\n\u00a9 2023<\/p>\n","protected":false},"featured_media":11118,"comment_status":"open","ping_status":"closed","template":"","meta":{"_joinchat":[]},"product_cat":[106],"product_tag":[85,107],"class_list":{"0":"post-11117","1":"product","2":"type-product","3":"status-publish","4":"has-post-thumbnail","6":"product_cat-nutricion-y-dietoterapia","7":"product_tag-elsevier","8":"product_tag-nutricion-y-dietoterapia","10":"first","11":"outofstock","12":"featured","13":"taxable","14":"shipping-taxable","15":"purchasable","16":"product-type-simple"},"_links":{"self":[{"href":"https:\/\/edimeinter.com\/libreria\/wp-json\/wp\/v2\/product\/11117","targetHints":{"allow":["GET"]}}],"collection":[{"href":"https:\/\/edimeinter.com\/libreria\/wp-json\/wp\/v2\/product"}],"about":[{"href":"https:\/\/edimeinter.com\/libreria\/wp-json\/wp\/v2\/types\/product"}],"replies":[{"embeddable":true,"href":"https:\/\/edimeinter.com\/libreria\/wp-json\/wp\/v2\/comments?post=11117"}],"version-history":[{"count":1,"href":"https:\/\/edimeinter.com\/libreria\/wp-json\/wp\/v2\/product\/11117\/revisions"}],"predecessor-version":[{"id":15082,"href":"https:\/\/edimeinter.com\/libreria\/wp-json\/wp\/v2\/product\/11117\/revisions\/15082"}],"wp:featuredmedia":[{"embeddable":true,"href":"https:\/\/edimeinter.com\/libreria\/wp-json\/wp\/v2\/media\/11118"}],"wp:attachment":[{"href":"https:\/\/edimeinter.com\/libreria\/wp-json\/wp\/v2\/media?parent=11117"}],"wp:term":[{"taxonomy":"product_cat","embeddable":true,"href":"https:\/\/edimeinter.com\/libreria\/wp-json\/wp\/v2\/product_cat?post=11117"},{"taxonomy":"product_tag","embeddable":true,"href":"https:\/\/edimeinter.com\/libreria\/wp-json\/wp\/v2\/product_tag?post=11117"}],"curies":[{"name":"wp","href":"https:\/\/api.w.org\/{rel}","templated":true}]}}