{"id":11123,"date":"2025-02-06T18:23:18","date_gmt":"2025-02-06T18:23:18","guid":{"rendered":"https:\/\/edimeinter.com\/libreria\/?post_type=product&#038;p=11123"},"modified":"2025-03-03T15:57:32","modified_gmt":"2025-03-03T15:57:32","slug":"ecocardiografia-fetal-1a-edicion","status":"publish","type":"product","link":"https:\/\/edimeinter.com\/libreria\/product\/ecocardiografia-fetal-1a-edicion\/","title":{"rendered":"Ecocardiograf\u00eda fetal. 1\u00aa Edici\u00f3n"},"content":{"rendered":"\t\t<div data-elementor-type=\"wp-post\" data-elementor-id=\"11123\" class=\"elementor elementor-11123\">\n\t\t\t\t<div class=\"elementor-element elementor-element-2612b12 e-flex e-con-boxed e-con e-parent\" data-id=\"2612b12\" data-element_type=\"container\" data-e-type=\"container\">\n\t\t\t\t\t<div class=\"e-con-inner\">\n\t\t\n\t\t<div class=\"elementor-element elementor-element-498707ae elementor-widget elementor-widget-text-editor\" data-id=\"498707ae\" data-element_type=\"widget\" data-e-type=\"widget\" data-widget_type=\"text-editor.default\">\n\t\t\t\t<div class=\"elementor-widget-container\">\n\t\t\t\t\t\t\t\t\t<p>La ecograf\u00eda del coraz\u00f3n es una parte importante de la exploraci\u00f3n ecogr\u00e1fica del feto, pues las cardiacas son una de las malformaciones cong\u00e9nitas m\u00e1s frecuentes que pueden detectarse antes del nacimiento. Este libro propone un aprendizaje paso a paso indispensable para dominar esta compleja t\u00e9cnica.<\/p>\t\t\t\t\t\t\t\t<\/div>\n\t\t\t\t<\/div>\n\t\t\t\t\t<\/div>\n\t\t\t\t<\/div>\n\t\t\t\t<\/div>\n\t\t","protected":false},"excerpt":{"rendered":"<p><strong>Autores:<\/strong>\u00a0Maryline L\u00e9vy &amp; Nadine DAVID<br \/>\n<strong>ISBN:<\/strong>\u00a09788413825311<br \/>\n<strong>Editorial:<\/strong>\u00a0Elsevier<br \/>\n<strong>Edici\u00f3n:<\/strong>\u00a01\u00aa<br \/>\n<strong>Especialidad<\/strong>: Cardiolog\u00eda y Cirug\u00eda Vascular<br \/>\n<strong>P\u00e1ginas<\/strong>: 340<br \/>\n\u00a9 2023<\/p>\n","protected":false},"featured_media":11124,"comment_status":"open","ping_status":"open","template":"","meta":{"_joinchat":[]},"product_cat":[181],"product_tag":[182,85],"class_list":{"0":"post-11123","1":"product","2":"type-product","3":"status-publish","4":"has-post-thumbnail","6":"product_cat-cardiologia-y-cirugia-vascular","7":"product_tag-cardiologia-y-cirugia-vascular","8":"product_tag-elsevier","10":"first","11":"instock","12":"featured","13":"taxable","14":"shipping-taxable","15":"purchasable","16":"product-type-simple"},"_links":{"self":[{"href":"https:\/\/edimeinter.com\/libreria\/wp-json\/wp\/v2\/product\/11123","targetHints":{"allow":["GET"]}}],"collection":[{"href":"https:\/\/edimeinter.com\/libreria\/wp-json\/wp\/v2\/product"}],"about":[{"href":"https:\/\/edimeinter.com\/libreria\/wp-json\/wp\/v2\/types\/product"}],"replies":[{"embeddable":true,"href":"https:\/\/edimeinter.com\/libreria\/wp-json\/wp\/v2\/comments?post=11123"}],"version-history":[{"count":1,"href":"https:\/\/edimeinter.com\/libreria\/wp-json\/wp\/v2\/product\/11123\/revisions"}],"predecessor-version":[{"id":15083,"href":"https:\/\/edimeinter.com\/libreria\/wp-json\/wp\/v2\/product\/11123\/revisions\/15083"}],"wp:featuredmedia":[{"embeddable":true,"href":"https:\/\/edimeinter.com\/libreria\/wp-json\/wp\/v2\/media\/11124"}],"wp:attachment":[{"href":"https:\/\/edimeinter.com\/libreria\/wp-json\/wp\/v2\/media?parent=11123"}],"wp:term":[{"taxonomy":"product_cat","embeddable":true,"href":"https:\/\/edimeinter.com\/libreria\/wp-json\/wp\/v2\/product_cat?post=11123"},{"taxonomy":"product_tag","embeddable":true,"href":"https:\/\/edimeinter.com\/libreria\/wp-json\/wp\/v2\/product_tag?post=11123"}],"curies":[{"name":"wp","href":"https:\/\/api.w.org\/{rel}","templated":true}]}}