{"id":11147,"date":"2025-02-06T19:33:10","date_gmt":"2025-02-06T19:33:10","guid":{"rendered":"https:\/\/edimeinter.com\/libreria\/?post_type=product&#038;p=11147"},"modified":"2026-03-20T22:40:07","modified_gmt":"2026-03-20T22:40:07","slug":"fundamentos-de-enfermeria-edicion-premium-11a-edicion","status":"publish","type":"product","link":"https:\/\/edimeinter.com\/libreria\/product\/fundamentos-de-enfermeria-edicion-premium-11a-edicion\/","title":{"rendered":"Fundamentos de enfermer\u00eda. Edici\u00f3n Premium. 11\u00aa Edici\u00f3n"},"content":{"rendered":"\t\t<div data-elementor-type=\"wp-post\" data-elementor-id=\"11147\" class=\"elementor elementor-11147\">\n\t\t\t\t<div class=\"elementor-element elementor-element-2612b12 e-flex e-con-boxed e-con e-parent\" data-id=\"2612b12\" data-element_type=\"container\" data-e-type=\"container\">\n\t\t\t\t\t<div class=\"e-con-inner\">\n\t\t\n\t\t<div class=\"elementor-element elementor-element-498707ae elementor-widget elementor-widget-text-editor\" data-id=\"498707ae\" data-element_type=\"widget\" data-e-type=\"widget\" data-widget_type=\"text-editor.default\">\n\t\t\t\t<div class=\"elementor-widget-container\">\n\t\t\t\t\t\t\t\t\t<p><span lang=\"ES\">Ofrece al estudiante los conceptos fundamentales de enfermer\u00eda, actividades y t\u00e9cnicas de pr\u00e1ctica enfermera y una base firme para el estudio de \u00e1reas m\u00e1s avanzadas y\u00a0sirve de puente entre la teor\u00eda y la pr\u00e1ctica de la profesi\u00f3n.<\/span><\/p><p><span lang=\"ES\">Las autoras han desarrollado un nuevo modelo de pensamiento cr\u00edtico y juicio cl\u00ednico que se ha integrado en todos los cap\u00edtulos cl\u00ednicos del texto junto con estudios de casos y m\u00e1s ejemplos de aplicaciones cl\u00ednicas.<\/span><\/p><p><span lang=\"ES\">Aborda una serie de temas clave de la pr\u00e1ctica profesional, incluyendo el \u00e9nfasis en los cuidados centrados en el paciente, la sensibilidad cultural y la diversidad, la pr\u00e1ctica basada en la evidencia y la globalizaci\u00f3n de la atenci\u00f3n sanitaria.\u00a0<\/span><\/p><p><span lang=\"ES\">Incorpora planes de cuidados de enfermer\u00eda y m\u00e1s de 55 habilidades de enfermer\u00eda.<\/span><\/p>\t\t\t\t\t\t\t\t<\/div>\n\t\t\t\t<\/div>\n\t\t\t\t\t<\/div>\n\t\t\t\t<\/div>\n\t\t\t\t<\/div>\n\t\t","protected":false},"excerpt":{"rendered":"<p><strong>Autores:<\/strong>\u00a0Patricia A. Potter &amp; Anne G. Perry &amp; Patricia A. Stockert &amp; Amy Hall<br \/>\n<strong>ISBN:<\/strong> 9788413824222<br \/>\n<strong>Editorial:<\/strong>\u00a0Elsevier<br \/>\n<strong>Edici\u00f3n:<\/strong>\u00a011\u00aa<br \/>\n<strong>Especialidad<\/strong>: Enfermer\u00eda<br \/>\n<strong>P\u00e1ginas<\/strong>: 1480<br \/>\n\u00a9 2023<\/p>\n","protected":false},"featured_media":11148,"comment_status":"open","ping_status":"closed","template":"","meta":{"_joinchat":[]},"product_cat":[115],"product_tag":[85,82],"class_list":{"0":"post-11147","1":"product","2":"type-product","3":"status-publish","4":"has-post-thumbnail","6":"product_cat-enfermeria","7":"product_tag-elsevier","8":"product_tag-enfermeria","10":"first","11":"outofstock","12":"featured","13":"taxable","14":"shipping-taxable","15":"purchasable","16":"product-type-simple"},"_links":{"self":[{"href":"https:\/\/edimeinter.com\/libreria\/wp-json\/wp\/v2\/product\/11147","targetHints":{"allow":["GET"]}}],"collection":[{"href":"https:\/\/edimeinter.com\/libreria\/wp-json\/wp\/v2\/product"}],"about":[{"href":"https:\/\/edimeinter.com\/libreria\/wp-json\/wp\/v2\/types\/product"}],"replies":[{"embeddable":true,"href":"https:\/\/edimeinter.com\/libreria\/wp-json\/wp\/v2\/comments?post=11147"}],"version-history":[{"count":2,"href":"https:\/\/edimeinter.com\/libreria\/wp-json\/wp\/v2\/product\/11147\/revisions"}],"predecessor-version":[{"id":16266,"href":"https:\/\/edimeinter.com\/libreria\/wp-json\/wp\/v2\/product\/11147\/revisions\/16266"}],"wp:featuredmedia":[{"embeddable":true,"href":"https:\/\/edimeinter.com\/libreria\/wp-json\/wp\/v2\/media\/11148"}],"wp:attachment":[{"href":"https:\/\/edimeinter.com\/libreria\/wp-json\/wp\/v2\/media?parent=11147"}],"wp:term":[{"taxonomy":"product_cat","embeddable":true,"href":"https:\/\/edimeinter.com\/libreria\/wp-json\/wp\/v2\/product_cat?post=11147"},{"taxonomy":"product_tag","embeddable":true,"href":"https:\/\/edimeinter.com\/libreria\/wp-json\/wp\/v2\/product_tag?post=11147"}],"curies":[{"name":"wp","href":"https:\/\/api.w.org\/{rel}","templated":true}]}}