{"id":11153,"date":"2025-02-06T19:36:26","date_gmt":"2025-02-06T19:36:26","guid":{"rendered":"https:\/\/edimeinter.com\/libreria\/?post_type=product&#038;p=11153"},"modified":"2025-03-03T16:41:10","modified_gmt":"2025-03-03T16:41:10","slug":"asistencia-compartida-1a-edicion","status":"publish","type":"product","link":"https:\/\/edimeinter.com\/libreria\/product\/asistencia-compartida-1a-edicion\/","title":{"rendered":"Asistencia compartida. 1\u00aa Edici\u00f3n"},"content":{"rendered":"\t\t<div data-elementor-type=\"wp-post\" data-elementor-id=\"11153\" class=\"elementor elementor-11153\">\n\t\t\t\t<div class=\"elementor-element elementor-element-2612b12 e-flex e-con-boxed e-con e-parent\" data-id=\"2612b12\" data-element_type=\"container\" data-e-type=\"container\">\n\t\t\t\t\t<div class=\"e-con-inner\">\n\t\t\n\t\t<div class=\"elementor-element elementor-element-498707ae elementor-widget elementor-widget-text-editor\" data-id=\"498707ae\" data-element_type=\"widget\" data-e-type=\"widget\" data-widget_type=\"text-editor.default\">\n\t\t\t\t<div class=\"elementor-widget-container\">\n\t\t\t\t\t\t\t\t\t<p>El progresivo envejecimiento de la poblaci\u00f3n y el consiguiente aumento de las comorbilidades en el paciente hospitalizado, unidos a la cada vez mayor especializaci\u00f3n m\u00e9dica, hacen necesaria una forma de organizar la pr\u00e1ctica asistencial que, de manera colaborativa y multidisciplinar, mejore la eficacia de las interconsultas y permita una visi\u00f3n global y continuada del paciente por parte de un m\u00e9dico generalista: es lo que se conoce como asistencia compartida (AC).<\/p><p>Asistencia compartida. Qu\u00e9 es y c\u00f3mo ponerla en pr\u00e1ctica llena un vac\u00edo en la literatura m\u00e9dica en espa\u00f1ol, pues constituye el primer libro que aborda en este idioma los aspectos te\u00f3ricos y organizativos de la AC. Estructurado en tres partes, la primera aborda temas generales relacionados con la pr\u00e1ctica m\u00e9dica; la segunda analiza brevemente las interconsultas (cuyo conocimiento resulta fundamental para comprender correctamente la AC), y la tercera, la m\u00e1s amplia, desarrolla todos los aspectos fundamentales de la AC: sus or\u00edgenes, los aspectos medicolegales y \u00e9ticos, la selecci\u00f3n de pacientes, los aspectos organizativos y de gesti\u00f3n, las relaciones con otros servicios, pacientes y familiares o los resultados publicados, entre otros.<\/p><p>Esta obra va especialmente dirigida a los m\u00e9dicos generalistas hospitalarios (internistas, geriatras y pediatras), pero tambi\u00e9n ser\u00e1 de inter\u00e9s para cualquier otro profesional que desempe\u00f1e actividad asistencial en centros hospitalarios.<\/p>\t\t\t\t\t\t\t\t<\/div>\n\t\t\t\t<\/div>\n\t\t\t\t\t<\/div>\n\t\t\t\t<\/div>\n\t\t\t\t<\/div>\n\t\t","protected":false},"excerpt":{"rendered":"<p><strong>Autores:<\/strong>\u00a0Eduardo Montero Ruiz<br \/>\n<strong>ISBN:<\/strong>\u00a09788413825014<br \/>\n<strong>Editorial:<\/strong>\u00a0Elsevier<br \/>\n<strong>Edici\u00f3n:<\/strong>\u00a01\u00aa<br \/>\n<strong>Especialidad<\/strong>: Medicina de Urgencias y Emergencias<br \/>\n<strong>P\u00e1ginas<\/strong>: 156<br \/>\n\u00a9 2023<\/p>\n","protected":false},"featured_media":11154,"comment_status":"open","ping_status":"open","template":"","meta":{"_joinchat":[]},"product_cat":[83],"product_tag":[85,84],"class_list":{"0":"post-11153","1":"product","2":"type-product","3":"status-publish","4":"has-post-thumbnail","6":"product_cat-medicina-de-urgencias-y-emergencias","7":"product_tag-elsevier","8":"product_tag-medicina-de-urgencias-y-emergencias","10":"first","11":"instock","12":"featured","13":"taxable","14":"shipping-taxable","15":"purchasable","16":"product-type-simple"},"_links":{"self":[{"href":"https:\/\/edimeinter.com\/libreria\/wp-json\/wp\/v2\/product\/11153","targetHints":{"allow":["GET"]}}],"collection":[{"href":"https:\/\/edimeinter.com\/libreria\/wp-json\/wp\/v2\/product"}],"about":[{"href":"https:\/\/edimeinter.com\/libreria\/wp-json\/wp\/v2\/types\/product"}],"replies":[{"embeddable":true,"href":"https:\/\/edimeinter.com\/libreria\/wp-json\/wp\/v2\/comments?post=11153"}],"version-history":[{"count":1,"href":"https:\/\/edimeinter.com\/libreria\/wp-json\/wp\/v2\/product\/11153\/revisions"}],"predecessor-version":[{"id":15088,"href":"https:\/\/edimeinter.com\/libreria\/wp-json\/wp\/v2\/product\/11153\/revisions\/15088"}],"wp:featuredmedia":[{"embeddable":true,"href":"https:\/\/edimeinter.com\/libreria\/wp-json\/wp\/v2\/media\/11154"}],"wp:attachment":[{"href":"https:\/\/edimeinter.com\/libreria\/wp-json\/wp\/v2\/media?parent=11153"}],"wp:term":[{"taxonomy":"product_cat","embeddable":true,"href":"https:\/\/edimeinter.com\/libreria\/wp-json\/wp\/v2\/product_cat?post=11153"},{"taxonomy":"product_tag","embeddable":true,"href":"https:\/\/edimeinter.com\/libreria\/wp-json\/wp\/v2\/product_tag?post=11153"}],"curies":[{"name":"wp","href":"https:\/\/api.w.org\/{rel}","templated":true}]}}