{"id":11159,"date":"2025-02-06T19:41:17","date_gmt":"2025-02-06T19:41:17","guid":{"rendered":"https:\/\/edimeinter.com\/libreria\/?post_type=product&#038;p=11159"},"modified":"2025-03-03T16:43:48","modified_gmt":"2025-03-03T16:43:48","slug":"medicina-de-urgencias-y-emergencias-a-examen-1a-edicion","status":"publish","type":"product","link":"https:\/\/edimeinter.com\/libreria\/product\/medicina-de-urgencias-y-emergencias-a-examen-1a-edicion\/","title":{"rendered":"Medicina de urgencias y emergencias a examen. 1\u00aa Edici\u00f3n"},"content":{"rendered":"\t\t<div data-elementor-type=\"wp-post\" data-elementor-id=\"11159\" class=\"elementor elementor-11159\">\n\t\t\t\t<div class=\"elementor-element elementor-element-2612b12 e-flex e-con-boxed e-con e-parent\" data-id=\"2612b12\" data-element_type=\"container\" data-e-type=\"container\">\n\t\t\t\t\t<div class=\"e-con-inner\">\n\t\t\n\t\t<div class=\"elementor-element elementor-element-498707ae elementor-widget elementor-widget-text-editor\" data-id=\"498707ae\" data-element_type=\"widget\" data-e-type=\"widget\" data-widget_type=\"text-editor.default\">\n\t\t\t\t<div class=\"elementor-widget-container\">\n\t\t\t\t\t\t\t\t\t<p>Medicina de urgencias y emergencias a examen. 1.500 preguntas test con respuestas razonadas acompa\u00f1a la s\u00e9ptima edici\u00f3n de Medicina de urgencias y emergencias. Gu\u00eda diagn\u00f3stica y protocolos de actuaci\u00f3n para ayudar a profesionales de urgencias y estudiantes del grado de Medicina a actualizar y comprobar sus conocimientos.<\/p><p>La obra va dirigida a m\u00e9dicos de urgencias que quieran autoevaluarse o preparar oposiciones a ofertas p\u00fablicas de empleo (OPE). Ser\u00e1 tambi\u00e9n de gran utilidad para estudiantes de Medicina que est\u00e9n preparando el MIR, o para m\u00e9dicos de otras especialidades que quieran comprobar sus conocimientos en medicina de urgencias.<\/p><p>F. Javier Montero P\u00e9rez y Luis Jim\u00e9nez Murillo han sido directores y coautores de Medicina de urgencias y emergencias. Gu\u00eda diagn\u00f3stica y protocolos de actuaci\u00f3n desde su primera edici\u00f3n, en 1994. Su amplia experiencia en medicina de urgencias en sus diversos aspectos (asistencia, gesti\u00f3n, docencia e investigaci\u00f3n) avala esta obra de referencia desde hace tres d\u00e9cadas, as\u00ed como sus nuevas obras hermanas: Medicina de urgencias y emergencias a examen. 1.500 preguntas test con respuestas razonadas y Casos cl\u00ednicos de medicina de urgencias y emergencias. 100 casos razonados.<\/p>\t\t\t\t\t\t\t\t<\/div>\n\t\t\t\t<\/div>\n\t\t\t\t\t<\/div>\n\t\t\t\t<\/div>\n\t\t\t\t<\/div>\n\t\t","protected":false},"excerpt":{"rendered":"<p><strong>Autores:<\/strong>\u00a0F. Javier Montero P\u00e9rez &amp; Luis Jim\u00e9nez Murillo<br \/>\n<strong>ISBN:<\/strong>\u00a09788413820361<br \/>\n<strong>Editorial:<\/strong>\u00a0Elsevier<br \/>\n<strong>Edici\u00f3n:<\/strong>\u00a01\u00aa<br \/>\n<strong>Especialidad<\/strong>: Medicina de Urgencias y Emergencias<br \/>\n<strong>P\u00e1ginas<\/strong>: 736<br \/>\n\u00a9 2023<\/p>\n","protected":false},"featured_media":11160,"comment_status":"open","ping_status":"open","template":"","meta":{"_joinchat":[]},"product_cat":[83],"product_tag":[85,84],"class_list":{"0":"post-11159","1":"product","2":"type-product","3":"status-publish","4":"has-post-thumbnail","6":"product_cat-medicina-de-urgencias-y-emergencias","7":"product_tag-elsevier","8":"product_tag-medicina-de-urgencias-y-emergencias","10":"first","11":"instock","12":"featured","13":"taxable","14":"shipping-taxable","15":"purchasable","16":"product-type-simple"},"_links":{"self":[{"href":"https:\/\/edimeinter.com\/libreria\/wp-json\/wp\/v2\/product\/11159","targetHints":{"allow":["GET"]}}],"collection":[{"href":"https:\/\/edimeinter.com\/libreria\/wp-json\/wp\/v2\/product"}],"about":[{"href":"https:\/\/edimeinter.com\/libreria\/wp-json\/wp\/v2\/types\/product"}],"replies":[{"embeddable":true,"href":"https:\/\/edimeinter.com\/libreria\/wp-json\/wp\/v2\/comments?post=11159"}],"version-history":[{"count":1,"href":"https:\/\/edimeinter.com\/libreria\/wp-json\/wp\/v2\/product\/11159\/revisions"}],"predecessor-version":[{"id":15090,"href":"https:\/\/edimeinter.com\/libreria\/wp-json\/wp\/v2\/product\/11159\/revisions\/15090"}],"wp:featuredmedia":[{"embeddable":true,"href":"https:\/\/edimeinter.com\/libreria\/wp-json\/wp\/v2\/media\/11160"}],"wp:attachment":[{"href":"https:\/\/edimeinter.com\/libreria\/wp-json\/wp\/v2\/media?parent=11159"}],"wp:term":[{"taxonomy":"product_cat","embeddable":true,"href":"https:\/\/edimeinter.com\/libreria\/wp-json\/wp\/v2\/product_cat?post=11159"},{"taxonomy":"product_tag","embeddable":true,"href":"https:\/\/edimeinter.com\/libreria\/wp-json\/wp\/v2\/product_tag?post=11159"}],"curies":[{"name":"wp","href":"https:\/\/api.w.org\/{rel}","templated":true}]}}