{"id":11183,"date":"2025-02-06T20:40:59","date_gmt":"2025-02-06T20:40:59","guid":{"rendered":"https:\/\/edimeinter.com\/libreria\/?post_type=product&#038;p=11183"},"modified":"2025-03-03T17:01:47","modified_gmt":"2025-03-03T17:01:47","slug":"guia-practica-de-la-consulta-en-geriatria-4a-edicion","status":"publish","type":"product","link":"https:\/\/edimeinter.com\/libreria\/product\/guia-practica-de-la-consulta-en-geriatria-4a-edicion\/","title":{"rendered":"Gu\u00eda pr\u00e1ctica de la consulta en geriatr\u00eda. 4\u00aa Edici\u00f3n"},"content":{"rendered":"\t\t<div data-elementor-type=\"wp-post\" data-elementor-id=\"11183\" class=\"elementor elementor-11183\">\n\t\t\t\t<div class=\"elementor-element elementor-element-2612b12 e-flex e-con-boxed e-con e-parent\" data-id=\"2612b12\" data-element_type=\"container\" data-e-type=\"container\">\n\t\t\t\t\t<div class=\"e-con-inner\">\n\t\t\n\t\t<div class=\"elementor-element elementor-element-498707ae elementor-widget elementor-widget-text-editor\" data-id=\"498707ae\" data-element_type=\"widget\" data-e-type=\"widget\" data-widget_type=\"text-editor.default\">\n\t\t\t\t<div class=\"elementor-widget-container\">\n\t\t\t\t\t\t\t\t\t<p>El progresivo envejecimiento de la poblaci\u00f3n hace que cada vez sean m\u00e1s los profesionales m\u00e9dicos dedicados a la atenci\u00f3n del paciente geri\u00e1trico. En este contexto, los m\u00e9dicos deben integrar la exploraci\u00f3n cl\u00ednica tradicional con la evaluaci\u00f3n gerontol\u00f3gica estandarizada (EGE), que permite evaluar el conjunto de las funciones cognitivas y sociales del paciente, as\u00ed como su autonom\u00eda funcional.<\/p><p>La presente obra incluye una amplia gama de herramientas diagn\u00f3sticas para facilitar el seguimiento de la evoluci\u00f3n f\u00edsica y ps\u00edquica de las personas mayores, evaluar su grado de dependencia y responder los interrogantes que se plantean, adem\u00e1s de ofrecer orientaci\u00f3n al profesional para mantener una comunicaci\u00f3n m\u00e1s eficaz con el paciente.<\/p><p>Esta 4.\u00aa edici\u00f3n incorpora los \u00faltimos protocolos y herramientas diagn\u00f3sticas, en particular en el campo de la psiquiatr\u00eda. Tambi\u00e9n se han actualizado las referencias bibliogr\u00e1ficas, los acuerdos de consenso y las recomendaciones de las distintas sociedades especializadas. Por todo ello, Gu\u00eda pr\u00e1ctica de la consulta en geriatr\u00eda constituye un recurso imprescindible para la pr\u00e1ctica cl\u00ednica y el seguimiento del paciente geri\u00e1trico.<\/p>\t\t\t\t\t\t\t\t<\/div>\n\t\t\t\t<\/div>\n\t\t\t\t\t<\/div>\n\t\t\t\t<\/div>\n\t\t\t\t<\/div>\n\t\t","protected":false},"excerpt":{"rendered":"<p><strong>Autores:<\/strong>\u00a0Laurence Hugonot-Diener<br \/>\n<strong>ISBN:<\/strong>\u00a09788413825021<br \/>\n<strong>Editorial:<\/strong>\u00a0Elsevier<br \/>\n<strong>Edici\u00f3n:<\/strong>\u00a04\u00aa<br \/>\n<strong>Especialidad<\/strong>: Geriatr\u00eda<br \/>\n<strong>P\u00e1ginas<\/strong>: 196<br \/>\n\u00a9 2023<\/p>\n","protected":false},"featured_media":11184,"comment_status":"open","ping_status":"open","template":"","meta":{"_joinchat":[]},"product_cat":[195],"product_tag":[85,196],"class_list":{"0":"post-11183","1":"product","2":"type-product","3":"status-publish","4":"has-post-thumbnail","6":"product_cat-geriatria","7":"product_tag-elsevier","8":"product_tag-geriatria","10":"first","11":"instock","12":"featured","13":"taxable","14":"shipping-taxable","15":"purchasable","16":"product-type-simple"},"_links":{"self":[{"href":"https:\/\/edimeinter.com\/libreria\/wp-json\/wp\/v2\/product\/11183","targetHints":{"allow":["GET"]}}],"collection":[{"href":"https:\/\/edimeinter.com\/libreria\/wp-json\/wp\/v2\/product"}],"about":[{"href":"https:\/\/edimeinter.com\/libreria\/wp-json\/wp\/v2\/types\/product"}],"replies":[{"embeddable":true,"href":"https:\/\/edimeinter.com\/libreria\/wp-json\/wp\/v2\/comments?post=11183"}],"version-history":[{"count":1,"href":"https:\/\/edimeinter.com\/libreria\/wp-json\/wp\/v2\/product\/11183\/revisions"}],"predecessor-version":[{"id":15095,"href":"https:\/\/edimeinter.com\/libreria\/wp-json\/wp\/v2\/product\/11183\/revisions\/15095"}],"wp:featuredmedia":[{"embeddable":true,"href":"https:\/\/edimeinter.com\/libreria\/wp-json\/wp\/v2\/media\/11184"}],"wp:attachment":[{"href":"https:\/\/edimeinter.com\/libreria\/wp-json\/wp\/v2\/media?parent=11183"}],"wp:term":[{"taxonomy":"product_cat","embeddable":true,"href":"https:\/\/edimeinter.com\/libreria\/wp-json\/wp\/v2\/product_cat?post=11183"},{"taxonomy":"product_tag","embeddable":true,"href":"https:\/\/edimeinter.com\/libreria\/wp-json\/wp\/v2\/product_tag?post=11183"}],"curies":[{"name":"wp","href":"https:\/\/api.w.org\/{rel}","templated":true}]}}