{"id":11203,"date":"2025-02-07T17:17:31","date_gmt":"2025-02-07T17:17:31","guid":{"rendered":"https:\/\/edimeinter.com\/libreria\/?post_type=product&#038;p=11203"},"modified":"2025-03-03T17:04:45","modified_gmt":"2025-03-03T17:04:45","slug":"fisioterapia-en-atencion-temprana-1a-edicion","status":"publish","type":"product","link":"https:\/\/edimeinter.com\/libreria\/product\/fisioterapia-en-atencion-temprana-1a-edicion\/","title":{"rendered":"Fisioterapia en Atenci\u00f3n Temprana. 1\u00aa Edici\u00f3n"},"content":{"rendered":"\t\t<div data-elementor-type=\"wp-post\" data-elementor-id=\"11203\" class=\"elementor elementor-11203\">\n\t\t\t\t<div class=\"elementor-element elementor-element-2612b12 e-flex e-con-boxed e-con e-parent\" data-id=\"2612b12\" data-element_type=\"container\" data-e-type=\"container\">\n\t\t\t\t\t<div class=\"e-con-inner\">\n\t\t\n\t\t<div class=\"elementor-element elementor-element-498707ae elementor-widget elementor-widget-text-editor\" data-id=\"498707ae\" data-element_type=\"widget\" data-e-type=\"widget\" data-widget_type=\"text-editor.default\">\n\t\t\t\t<div class=\"elementor-widget-container\">\n\t\t\t\t\t\t\t\t\t<p>La Atenci\u00f3n Temprana comprende el conjunto de intervenciones dirigidas a la poblaci\u00f3n infantil de 0 a 6 a\u00f1os, su familia y su entorno. Su objetivo es que los ni\u00f1os que presentan trastornos en su desarrollo o riesgo de padecerlos reciban, de acuerdo con un modelo que considere sus aspectos biopsicosociales, todo aquello que desde la vertiente preventiva y asistencial pueda potenciar su capacidad de desarrollo y de bienestar, posibilitando de la forma m\u00e1s completa su integraci\u00f3n en el medio familiar, escolar y social, as\u00ed como su autonom\u00eda personal.<\/p><p>En este \u00e1mbito de intervenci\u00f3n, el papel de la Fisioterapia es fundamental en la promoci\u00f3n del desarrollo motor y en la prevenci\u00f3n y el tratamiento de las alteraciones motoras.<\/p>\t\t\t\t\t\t\t\t<\/div>\n\t\t\t\t<\/div>\n\t\t\t\t\t<\/div>\n\t\t\t\t<\/div>\n\t\t\t\t<\/div>\n\t\t","protected":false},"excerpt":{"rendered":"<p><strong>Autores:<\/strong>\u00a0Francisco Javier Fern\u00e1ndez Rego, Galaad Torr\u00f3 Ferrero<br \/>\n<strong>ISBN:<\/strong>\u00a09788491109877<br \/>\n<strong>Editorial:<\/strong>\u00a0Panamericana<br \/>\n<strong>Edici\u00f3n:<\/strong>\u00a01\u00aa<br \/>\n<strong>Especialidad<\/strong>: Fisioterapia<br \/>\n<strong>P\u00e1ginas<\/strong>: 534<br \/>\n\u00a9 2023<\/p>\n","protected":false},"featured_media":11204,"comment_status":"open","ping_status":"open","template":"","meta":{"_joinchat":[]},"product_cat":[111],"product_tag":[112,70],"class_list":{"0":"post-11203","1":"product","2":"type-product","3":"status-publish","4":"has-post-thumbnail","6":"product_cat-fisioterapia","7":"product_tag-fisioterapia","8":"product_tag-panamericana","10":"first","11":"instock","12":"featured","13":"taxable","14":"shipping-taxable","15":"purchasable","16":"product-type-simple"},"_links":{"self":[{"href":"https:\/\/edimeinter.com\/libreria\/wp-json\/wp\/v2\/product\/11203","targetHints":{"allow":["GET"]}}],"collection":[{"href":"https:\/\/edimeinter.com\/libreria\/wp-json\/wp\/v2\/product"}],"about":[{"href":"https:\/\/edimeinter.com\/libreria\/wp-json\/wp\/v2\/types\/product"}],"replies":[{"embeddable":true,"href":"https:\/\/edimeinter.com\/libreria\/wp-json\/wp\/v2\/comments?post=11203"}],"version-history":[{"count":1,"href":"https:\/\/edimeinter.com\/libreria\/wp-json\/wp\/v2\/product\/11203\/revisions"}],"predecessor-version":[{"id":15097,"href":"https:\/\/edimeinter.com\/libreria\/wp-json\/wp\/v2\/product\/11203\/revisions\/15097"}],"wp:featuredmedia":[{"embeddable":true,"href":"https:\/\/edimeinter.com\/libreria\/wp-json\/wp\/v2\/media\/11204"}],"wp:attachment":[{"href":"https:\/\/edimeinter.com\/libreria\/wp-json\/wp\/v2\/media?parent=11203"}],"wp:term":[{"taxonomy":"product_cat","embeddable":true,"href":"https:\/\/edimeinter.com\/libreria\/wp-json\/wp\/v2\/product_cat?post=11203"},{"taxonomy":"product_tag","embeddable":true,"href":"https:\/\/edimeinter.com\/libreria\/wp-json\/wp\/v2\/product_tag?post=11203"}],"curies":[{"name":"wp","href":"https:\/\/api.w.org\/{rel}","templated":true}]}}