{"id":11209,"date":"2025-02-07T17:20:41","date_gmt":"2025-02-07T17:20:41","guid":{"rendered":"https:\/\/edimeinter.com\/libreria\/?post_type=product&#038;p=11209"},"modified":"2025-03-03T17:05:51","modified_gmt":"2025-03-03T17:05:51","slug":"teoria-neurocognitiva-segun-la-comparacion-entre-acciones-1a-edicion","status":"publish","type":"product","link":"https:\/\/edimeinter.com\/libreria\/product\/teoria-neurocognitiva-segun-la-comparacion-entre-acciones-1a-edicion\/","title":{"rendered":"Teor\u00eda Neurocognitiva seg\u00fan la Comparaci\u00f3n entre Acciones. 1\u00aa Edici\u00f3n"},"content":{"rendered":"\t\t<div data-elementor-type=\"wp-post\" data-elementor-id=\"11209\" class=\"elementor elementor-11209\">\n\t\t\t\t<div class=\"elementor-element elementor-element-2612b12 e-flex e-con-boxed e-con e-parent\" data-id=\"2612b12\" data-element_type=\"container\" data-e-type=\"container\">\n\t\t\t\t\t<div class=\"e-con-inner\">\n\t\t\n\t\t<div class=\"elementor-element elementor-element-498707ae elementor-widget elementor-widget-text-editor\" data-id=\"498707ae\" data-element_type=\"widget\" data-e-type=\"widget\" data-widget_type=\"text-editor.default\">\n\t\t\t\t<div class=\"elementor-widget-container\">\n\t\t\t\t\t\t\t\t\t<p>La comparaci\u00f3n es un proceso cognitivo indispensable para la comprensi\u00f3n de las situaciones, el aprendizaje y su consciencia. El ser humano utiliza continuamente este proceso mental en cualquier acci\u00f3n que prevea un prop\u00f3sito, una elecci\u00f3n, una discriminaci\u00f3n o un reconocimiento. La rehabilitaci\u00f3n neurocognitiva utiliza la comparaci\u00f3n para relacionar objetos, percepciones, movimientos y, sobre todo, para relacionar acciones entre s\u00ed con la finalidad de reorganizar el sistema nervioso central.<\/p><p>Los grandes avances y descubrimientos cient\u00edficos de los \u00faltimos a\u00f1os unidos a las investigaciones de las diferentes neurociencias que aportan, cada vez de forma m\u00e1s detallada, descripciones del funcionamiento del cerebro humano, hacen imprescindible afrontar un enfoque rehabilitador que tenga en cuenta su gran complejidad.<\/p>\t\t\t\t\t\t\t\t<\/div>\n\t\t\t\t<\/div>\n\t\t\t\t\t<\/div>\n\t\t\t\t<\/div>\n\t\t\t\t<\/div>\n\t\t","protected":false},"excerpt":{"rendered":"<p><strong>Autores:<\/strong>\u00a0Victor Arg\u00fcelles,Mauro Cracchiolo,Daniele De Patre,Marta Ferrer Davesa,Corrado Nani,Marco Rigoni,Fortunata Romeo,Susanne Wopfner<br \/>\n<strong>ISBN:<\/strong>\u00a09788411061032<br \/>\n<strong>Editorial:<\/strong>\u00a0Panamericana<br \/>\n<strong>Edici\u00f3n:<\/strong>\u00a01\u00aa<br \/>\n<strong>Especialidad<\/strong>: Fisioterapia<br \/>\n<strong>P\u00e1ginas<\/strong>: 232<br \/>\n\u00a9 2023<\/p>\n","protected":false},"featured_media":11210,"comment_status":"open","ping_status":"open","template":"","meta":{"_joinchat":[]},"product_cat":[111],"product_tag":[112,70],"class_list":{"0":"post-11209","1":"product","2":"type-product","3":"status-publish","4":"has-post-thumbnail","6":"product_cat-fisioterapia","7":"product_tag-fisioterapia","8":"product_tag-panamericana","10":"first","11":"instock","12":"featured","13":"taxable","14":"shipping-taxable","15":"purchasable","16":"product-type-simple"},"_links":{"self":[{"href":"https:\/\/edimeinter.com\/libreria\/wp-json\/wp\/v2\/product\/11209","targetHints":{"allow":["GET"]}}],"collection":[{"href":"https:\/\/edimeinter.com\/libreria\/wp-json\/wp\/v2\/product"}],"about":[{"href":"https:\/\/edimeinter.com\/libreria\/wp-json\/wp\/v2\/types\/product"}],"replies":[{"embeddable":true,"href":"https:\/\/edimeinter.com\/libreria\/wp-json\/wp\/v2\/comments?post=11209"}],"version-history":[{"count":1,"href":"https:\/\/edimeinter.com\/libreria\/wp-json\/wp\/v2\/product\/11209\/revisions"}],"predecessor-version":[{"id":15098,"href":"https:\/\/edimeinter.com\/libreria\/wp-json\/wp\/v2\/product\/11209\/revisions\/15098"}],"wp:featuredmedia":[{"embeddable":true,"href":"https:\/\/edimeinter.com\/libreria\/wp-json\/wp\/v2\/media\/11210"}],"wp:attachment":[{"href":"https:\/\/edimeinter.com\/libreria\/wp-json\/wp\/v2\/media?parent=11209"}],"wp:term":[{"taxonomy":"product_cat","embeddable":true,"href":"https:\/\/edimeinter.com\/libreria\/wp-json\/wp\/v2\/product_cat?post=11209"},{"taxonomy":"product_tag","embeddable":true,"href":"https:\/\/edimeinter.com\/libreria\/wp-json\/wp\/v2\/product_tag?post=11209"}],"curies":[{"name":"wp","href":"https:\/\/api.w.org\/{rel}","templated":true}]}}