{"id":11215,"date":"2025-02-07T17:29:34","date_gmt":"2025-02-07T17:29:34","guid":{"rendered":"https:\/\/edimeinter.com\/libreria\/?post_type=product&#038;p=11215"},"modified":"2025-12-08T16:05:26","modified_gmt":"2025-12-08T16:05:26","slug":"dsm-5-tr-manual-diagnostico-y-estadistico-de-los-trastornos-mentales-5a-edicion","status":"publish","type":"product","link":"https:\/\/edimeinter.com\/libreria\/product\/dsm-5-tr-manual-diagnostico-y-estadistico-de-los-trastornos-mentales-5a-edicion\/","title":{"rendered":"DSM-5-TR\u00ae Manual Diagn\u00f3stico y Estad\u00edstico de los Trastornos Mentales. 5\u00aa Edici\u00f3n"},"content":{"rendered":"\t\t<div data-elementor-type=\"wp-post\" data-elementor-id=\"11215\" class=\"elementor elementor-11215\">\n\t\t\t\t<div class=\"elementor-element elementor-element-2612b12 e-flex e-con-boxed e-con e-parent\" data-id=\"2612b12\" data-element_type=\"container\" data-e-type=\"container\">\n\t\t\t\t\t<div class=\"e-con-inner\">\n\t\t\n\t\t<div class=\"elementor-element elementor-element-498707ae elementor-widget elementor-widget-text-editor\" data-id=\"498707ae\" data-element_type=\"widget\" data-e-type=\"widget\" data-widget_type=\"text-editor.default\">\n\t\t\t\t<div class=\"elementor-widget-container\">\n\t\t\t\t\t\t\t\t\t<p>Esta edici\u00f3n revisada del manual es una obra de referencia para m\u00e9dicos e investigadores en el diagn\u00f3stico y tratamiento de las enfermedades mentales, y mantiene el objetivo de ser una herramienta \u00fatil en la definici\u00f3n y clasificaci\u00f3n de este tipo de trastornos.<\/p><p>P\u00fablico al que va dirigido: Manual Diagn\u00f3stico y Estad\u00edstico de los Trastornos Mentales, 5\u00aa edici\u00f3n, Texto Revisado (DSM-5-TR), es valioso para m\u00e9dicos y otros profesionales de la salud, como psic\u00f3logos, orientadores, enfermeros, terapeutas ocupacionales, rehabilitadores, trabajadores sociales y especialistas forenses o legales. El DSM-5-TR es el recurso m\u00e1s completo para el diagn\u00f3stico y la clasificaci\u00f3n de los trastornos mentales.<\/p>\t\t\t\t\t\t\t\t<\/div>\n\t\t\t\t<\/div>\n\t\t\t\t\t<\/div>\n\t\t\t\t<\/div>\n\t\t\t\t<\/div>\n\t\t","protected":false},"excerpt":{"rendered":"<p><strong>Autores:<\/strong>\u00a0American Psychiatric Association<br \/>\n<strong>ISBN:<\/strong>\u00a09788411060721<br \/>\n<strong>Editorial:<\/strong>\u00a0Panamericana<br \/>\n<strong>Edici\u00f3n:<\/strong>\u00a05\u00aa<br \/>\n<strong>Especialidad<\/strong>: Psicolog\u00eda<br \/>\n<strong>P\u00e1ginas<\/strong>: 1150<br \/>\n\u00a9 2023<\/p>\n","protected":false},"featured_media":11216,"comment_status":"open","ping_status":"closed","template":"","meta":{"_joinchat":[]},"product_cat":[88],"product_tag":[70,89],"class_list":{"0":"post-11215","1":"product","2":"type-product","3":"status-publish","4":"has-post-thumbnail","6":"product_cat-psicologia","7":"product_tag-panamericana","8":"product_tag-psicologia","10":"first","11":"instock","12":"featured","13":"taxable","14":"shipping-taxable","15":"purchasable","16":"product-type-simple"},"_links":{"self":[{"href":"https:\/\/edimeinter.com\/libreria\/wp-json\/wp\/v2\/product\/11215","targetHints":{"allow":["GET"]}}],"collection":[{"href":"https:\/\/edimeinter.com\/libreria\/wp-json\/wp\/v2\/product"}],"about":[{"href":"https:\/\/edimeinter.com\/libreria\/wp-json\/wp\/v2\/types\/product"}],"replies":[{"embeddable":true,"href":"https:\/\/edimeinter.com\/libreria\/wp-json\/wp\/v2\/comments?post=11215"}],"version-history":[{"count":1,"href":"https:\/\/edimeinter.com\/libreria\/wp-json\/wp\/v2\/product\/11215\/revisions"}],"predecessor-version":[{"id":15099,"href":"https:\/\/edimeinter.com\/libreria\/wp-json\/wp\/v2\/product\/11215\/revisions\/15099"}],"wp:featuredmedia":[{"embeddable":true,"href":"https:\/\/edimeinter.com\/libreria\/wp-json\/wp\/v2\/media\/11216"}],"wp:attachment":[{"href":"https:\/\/edimeinter.com\/libreria\/wp-json\/wp\/v2\/media?parent=11215"}],"wp:term":[{"taxonomy":"product_cat","embeddable":true,"href":"https:\/\/edimeinter.com\/libreria\/wp-json\/wp\/v2\/product_cat?post=11215"},{"taxonomy":"product_tag","embeddable":true,"href":"https:\/\/edimeinter.com\/libreria\/wp-json\/wp\/v2\/product_tag?post=11215"}],"curies":[{"name":"wp","href":"https:\/\/api.w.org\/{rel}","templated":true}]}}